{"id":2863,"date":"2025-11-27T23:24:40","date_gmt":"2025-11-27T23:24:40","guid":{"rendered":"https:\/\/clubedolivrofec.com.br\/?post_type=product&#038;p=2863"},"modified":"2025-11-27T23:24:40","modified_gmt":"2025-11-27T23:24:40","slug":"abril-2026","status":"publish","type":"product","link":"https:\/\/clubedolivrofec.com.br\/?product=abril-2026","title":{"rendered":"Abril\/2026"},"content":{"rendered":"<p>O que leva algu\u00e9m a se tornar um perseguidor? O que se pode fazer para livrar o obsidiado da influ\u00eancia do obsessor? Qual a esfera de a\u00e7\u00e3o nos planos f\u00edsico e espiritual? Manoel Philomeno de Miranda, por meio da psicografia de Divaldo Franco, traz-nos a hist\u00f3ria ver\u00eddica da Fam\u00edlia Soares, que, entre os anos de 1937 e 1938, em Salvador, Bahia, se encontra sob regime de intensa perturba\u00e7\u00e3o espiritual. Mostra as a\u00e7\u00f5es adotadas pelo plano superior, durante sess\u00f5es realizadas na Uni\u00e3o Esp\u00edrita Baiana, ensejando aos membros da fam\u00edlia Soares a renova\u00e7\u00e3o \u00edntima atrav\u00e9s da aceita\u00e7\u00e3o e pr\u00e1tica dos ensinamentos trazidos pela Doutrina Esp\u00edrita.<\/p>\n","protected":false},"excerpt":{"rendered":"<p>O que leva algu\u00e9m a se tornar um perseguidor? O que se pode fazer para livrar o obsidiado da influ\u00eancia do obsessor? Qual a esfera de a\u00e7\u00e3o nos planos f\u00edsico e espiritual? Manoel Philomeno de Miranda, por meio da psicografia de Divaldo Franco, traz-nos a hist\u00f3ria ver\u00eddica da Fam\u00edlia Soares, que, entre os anos de [&#8230;]\n","protected":false},"featured_media":2864,"comment_status":"open","ping_status":"closed","template":"","meta":{"_mi_skip_tracking":false},"product_cat":[23],"product_tag":[],"class_list":{"0":"post-2863","1":"product","2":"type-product","3":"status-publish","4":"has-post-thumbnail","6":"product_cat-clube-do-livro-adulto","8":"first","9":"instock","10":"shipping-taxable","11":"product-type-simple"},"_links":{"self":[{"href":"https:\/\/clubedolivrofec.com.br\/index.php?rest_route=\/wp\/v2\/product\/2863","targetHints":{"allow":["GET"]}}],"collection":[{"href":"https:\/\/clubedolivrofec.com.br\/index.php?rest_route=\/wp\/v2\/product"}],"about":[{"href":"https:\/\/clubedolivrofec.com.br\/index.php?rest_route=\/wp\/v2\/types\/product"}],"replies":[{"embeddable":true,"href":"https:\/\/clubedolivrofec.com.br\/index.php?rest_route=%2Fwp%2Fv2%2Fcomments&post=2863"}],"wp:featuredmedia":[{"embeddable":true,"href":"https:\/\/clubedolivrofec.com.br\/index.php?rest_route=\/wp\/v2\/media\/2864"}],"wp:attachment":[{"href":"https:\/\/clubedolivrofec.com.br\/index.php?rest_route=%2Fwp%2Fv2%2Fmedia&parent=2863"}],"wp:term":[{"taxonomy":"product_cat","embeddable":true,"href":"https:\/\/clubedolivrofec.com.br\/index.php?rest_route=%2Fwp%2Fv2%2Fproduct_cat&post=2863"},{"taxonomy":"product_tag","embeddable":true,"href":"https:\/\/clubedolivrofec.com.br\/index.php?rest_route=%2Fwp%2Fv2%2Fproduct_tag&post=2863"}],"curies":[{"name":"wp","href":"https:\/\/api.w.org\/{rel}","templated":true}]}}