{"id":2859,"date":"2025-11-27T23:19:09","date_gmt":"2025-11-27T23:19:09","guid":{"rendered":"https:\/\/clubedolivrofec.com.br\/?post_type=product&#038;p=2859"},"modified":"2025-11-27T23:19:09","modified_gmt":"2025-11-27T23:19:09","slug":"fevereiro-2026","status":"publish","type":"product","link":"https:\/\/clubedolivrofec.com.br\/?product=fevereiro-2026","title":{"rendered":"Fevereiro\/2026"},"content":{"rendered":"<p>Essa \u00e9 a hist\u00f3ria da borboleta Leta que queria voar! E tamb\u00e9m da aranha Anha, que usa seus talentos para ajudar, sem esperar nada em troca. O que impedia Leta de voar?<\/p>\n","protected":false},"excerpt":{"rendered":"<p>Essa \u00e9 a hist\u00f3ria da borboleta Leta que queria voar! E tamb\u00e9m da aranha Anha, que usa seus talentos para ajudar, sem esperar nada em troca. O que impedia Leta de voar?<\/p>\n","protected":false},"featured_media":2860,"comment_status":"open","ping_status":"closed","template":"","meta":{"_mi_skip_tracking":false},"product_cat":[24],"product_tag":[],"class_list":{"0":"post-2859","1":"product","2":"type-product","3":"status-publish","4":"has-post-thumbnail","6":"product_cat-clube-do-livro-infantil","8":"first","9":"instock","10":"shipping-taxable","11":"product-type-simple"},"_links":{"self":[{"href":"https:\/\/clubedolivrofec.com.br\/index.php?rest_route=\/wp\/v2\/product\/2859","targetHints":{"allow":["GET"]}}],"collection":[{"href":"https:\/\/clubedolivrofec.com.br\/index.php?rest_route=\/wp\/v2\/product"}],"about":[{"href":"https:\/\/clubedolivrofec.com.br\/index.php?rest_route=\/wp\/v2\/types\/product"}],"replies":[{"embeddable":true,"href":"https:\/\/clubedolivrofec.com.br\/index.php?rest_route=%2Fwp%2Fv2%2Fcomments&post=2859"}],"wp:featuredmedia":[{"embeddable":true,"href":"https:\/\/clubedolivrofec.com.br\/index.php?rest_route=\/wp\/v2\/media\/2860"}],"wp:attachment":[{"href":"https:\/\/clubedolivrofec.com.br\/index.php?rest_route=%2Fwp%2Fv2%2Fmedia&parent=2859"}],"wp:term":[{"taxonomy":"product_cat","embeddable":true,"href":"https:\/\/clubedolivrofec.com.br\/index.php?rest_route=%2Fwp%2Fv2%2Fproduct_cat&post=2859"},{"taxonomy":"product_tag","embeddable":true,"href":"https:\/\/clubedolivrofec.com.br\/index.php?rest_route=%2Fwp%2Fv2%2Fproduct_tag&post=2859"}],"curies":[{"name":"wp","href":"https:\/\/api.w.org\/{rel}","templated":true}]}}