{"id":2856,"date":"2025-06-30T22:23:27","date_gmt":"2025-06-30T22:23:27","guid":{"rendered":"https:\/\/clubedolivrofec.com.br\/?post_type=product&#038;p=2856"},"modified":"2025-10-28T22:28:25","modified_gmt":"2025-10-28T22:28:25","slug":"2856","status":"publish","type":"product","link":"https:\/\/clubedolivrofec.com.br\/?product=2856","title":{"rendered":"Junho\/2025"},"content":{"rendered":"<p>Qual a contribui\u00e7\u00e3o do Espiritismo para o entendimento da vida e o progresso da civiliza\u00e7\u00e3o? Os Esp\u00edritos Emmanuel e Andr\u00e9 Luiz re\u00fanem, pela psicografia de Francisco C\u00e2ndido Xavier e Waldo Vieira, sessenta mensagens em que expressam a opini\u00e3o esp\u00edrita sobre variados assuntos relevantes \u00e0 exist\u00eancia terrena. Para tanto, recorrem \u00e0s cinco obras fundamentais da Codifica\u00e7\u00e3o de Allan Kardec \u2013 O livro dos esp\u00edritos, O livro dos m\u00e9diuns, O evangelho segundo o espiritismo, O c\u00e9u e o inferno e A g\u00eanese \u2013, consolidando e aprofundando nossa compreens\u00e3o sobre a Doutrina Esp\u00edrita, a fim de que aprendamos a demonstrar seus conceitos n\u00e3o somente na fala ou nas explica\u00e7\u00f5es te\u00f3ricas, mas, sobretudo, por meio das pr\u00f3prias a\u00e7\u00f5es.<\/p>\n","protected":false},"excerpt":{"rendered":"<p>Qual a contribui\u00e7\u00e3o do Espiritismo para o entendimento da vida e o progresso da civiliza\u00e7\u00e3o? Os Esp\u00edritos Emmanuel e Andr\u00e9 Luiz re\u00fanem, pela psicografia de Francisco C\u00e2ndido Xavier e Waldo Vieira, sessenta mensagens em que expressam a opini\u00e3o esp\u00edrita sobre variados assuntos relevantes \u00e0 exist\u00eancia terrena. Para tanto, recorrem \u00e0s cinco obras fundamentais da Codifica\u00e7\u00e3o [&#8230;]\n","protected":false},"featured_media":2857,"comment_status":"open","ping_status":"closed","template":"","meta":{"_mi_skip_tracking":false},"product_cat":[23],"product_tag":[],"class_list":{"0":"post-2856","1":"product","2":"type-product","3":"status-publish","4":"has-post-thumbnail","6":"product_cat-clube-do-livro-adulto","8":"first","9":"instock","10":"shipping-taxable","11":"product-type-simple"},"_links":{"self":[{"href":"https:\/\/clubedolivrofec.com.br\/index.php?rest_route=\/wp\/v2\/product\/2856","targetHints":{"allow":["GET"]}}],"collection":[{"href":"https:\/\/clubedolivrofec.com.br\/index.php?rest_route=\/wp\/v2\/product"}],"about":[{"href":"https:\/\/clubedolivrofec.com.br\/index.php?rest_route=\/wp\/v2\/types\/product"}],"replies":[{"embeddable":true,"href":"https:\/\/clubedolivrofec.com.br\/index.php?rest_route=%2Fwp%2Fv2%2Fcomments&post=2856"}],"wp:featuredmedia":[{"embeddable":true,"href":"https:\/\/clubedolivrofec.com.br\/index.php?rest_route=\/wp\/v2\/media\/2857"}],"wp:attachment":[{"href":"https:\/\/clubedolivrofec.com.br\/index.php?rest_route=%2Fwp%2Fv2%2Fmedia&parent=2856"}],"wp:term":[{"taxonomy":"product_cat","embeddable":true,"href":"https:\/\/clubedolivrofec.com.br\/index.php?rest_route=%2Fwp%2Fv2%2Fproduct_cat&post=2856"},{"taxonomy":"product_tag","embeddable":true,"href":"https:\/\/clubedolivrofec.com.br\/index.php?rest_route=%2Fwp%2Fv2%2Fproduct_tag&post=2856"}],"curies":[{"name":"wp","href":"https:\/\/api.w.org\/{rel}","templated":true}]}}