{"id":2853,"date":"2025-08-22T13:01:43","date_gmt":"2025-08-22T13:01:43","guid":{"rendered":"https:\/\/clubedolivrofec.com.br\/?post_type=product&#038;p=2853"},"modified":"2025-08-22T13:01:43","modified_gmt":"2025-08-22T13:01:43","slug":"dezembro-2025-2","status":"publish","type":"product","link":"https:\/\/clubedolivrofec.com.br\/?product=dezembro-2025-2","title":{"rendered":"Dezembro\/2025"},"content":{"rendered":"<p>Bebeto estava olhando distra\u00eddo as vitrines das lojas, at\u00e9 que de repente encontrou uma sacola perto de uma \u00e1rvore. Ela era colorida, enorme. O que teria dentro? Curioso, pegou a sacola para descobrir. Todos que encontravam o menino carregando aquela sacola enorme pela rua ficavam sorrindo, querendo saber o que ele carregava. Mas afinal, qual era o segredo daquela sacola? De quem seria? Por que todos riam? Junte-se a Bebeto e desvende o mist\u00e9rio da sacola.<\/p>\n","protected":false},"excerpt":{"rendered":"<p>Bebeto estava olhando distra\u00eddo as vitrines das lojas, at\u00e9 que de repente encontrou uma sacola perto de uma \u00e1rvore. Ela era colorida, enorme. O que teria dentro? Curioso, pegou a sacola para descobrir. Todos que encontravam o menino carregando aquela sacola enorme pela rua ficavam sorrindo, querendo saber o que ele carregava. Mas afinal, qual [&#8230;]\n","protected":false},"featured_media":2854,"comment_status":"open","ping_status":"closed","template":"","meta":{"_mi_skip_tracking":false},"product_cat":[24],"product_tag":[],"class_list":{"0":"post-2853","1":"product","2":"type-product","3":"status-publish","4":"has-post-thumbnail","6":"product_cat-clube-do-livro-infantil","8":"first","9":"instock","10":"shipping-taxable","11":"product-type-simple"},"_links":{"self":[{"href":"https:\/\/clubedolivrofec.com.br\/index.php?rest_route=\/wp\/v2\/product\/2853","targetHints":{"allow":["GET"]}}],"collection":[{"href":"https:\/\/clubedolivrofec.com.br\/index.php?rest_route=\/wp\/v2\/product"}],"about":[{"href":"https:\/\/clubedolivrofec.com.br\/index.php?rest_route=\/wp\/v2\/types\/product"}],"replies":[{"embeddable":true,"href":"https:\/\/clubedolivrofec.com.br\/index.php?rest_route=%2Fwp%2Fv2%2Fcomments&post=2853"}],"wp:featuredmedia":[{"embeddable":true,"href":"https:\/\/clubedolivrofec.com.br\/index.php?rest_route=\/wp\/v2\/media\/2854"}],"wp:attachment":[{"href":"https:\/\/clubedolivrofec.com.br\/index.php?rest_route=%2Fwp%2Fv2%2Fmedia&parent=2853"}],"wp:term":[{"taxonomy":"product_cat","embeddable":true,"href":"https:\/\/clubedolivrofec.com.br\/index.php?rest_route=%2Fwp%2Fv2%2Fproduct_cat&post=2853"},{"taxonomy":"product_tag","embeddable":true,"href":"https:\/\/clubedolivrofec.com.br\/index.php?rest_route=%2Fwp%2Fv2%2Fproduct_tag&post=2853"}],"curies":[{"name":"wp","href":"https:\/\/api.w.org\/{rel}","templated":true}]}}