{"id":2851,"date":"2025-08-22T13:00:42","date_gmt":"2025-08-22T13:00:42","guid":{"rendered":"https:\/\/clubedolivrofec.com.br\/?post_type=product&#038;p=2851"},"modified":"2025-08-22T13:00:42","modified_gmt":"2025-08-22T13:00:42","slug":"dezembro-2025","status":"publish","type":"product","link":"https:\/\/clubedolivrofec.com.br\/?product=dezembro-2025","title":{"rendered":"Dezembro\/2025"},"content":{"rendered":"<p>Em Allan Kardec a grandeza de um homem, Adilton Pugliese oferece um olhar<br \/>\nabrangente sobre a vida e a miss\u00e3o de Hippolyte L\u00e9on Denizard Rivail, que se tornaria<br \/>\nmundialmente conhecido como Allan Kardec. O livro explora suas duas miss\u00f5es<br \/>\nprincipais: primeiramente, como educador renomado, publicando diversas obras<br \/>\ndid\u00e1ticas, e, subsequentemente, como o Codificador do Espiritismo, com o lan\u00e7amento<br \/>\nde O livro dos esp\u00edritos, em 18 de abril de 1857, marco inaugural da Doutrina Esp\u00edrita.<br \/>\nAtrav\u00e9s de uma an\u00e1lise de diferentes aspectos de sua jornada, a obra revela a<br \/>\nprepara\u00e7\u00e3o meticulosa e a profunda dedica\u00e7\u00e3o de Kardec para concretizar a promessa<br \/>\ndo Cristo com a vinda do Consolador. Esta obra \u00e9 um tributo \u00e0 grandeza de Allan<br \/>\nKardec, explorando sua dupla miss\u00e3o, a profundidade da Codifica\u00e7\u00e3o Esp\u00edrita e o seu<br \/>\nimpacto duradouro na busca humana por sentido, conhecimento e progresso moral e<br \/>\nespiritual.<\/p>\n","protected":false},"excerpt":{"rendered":"<p>Em Allan Kardec a grandeza de um homem, Adilton Pugliese oferece um olhar abrangente sobre a vida e a miss\u00e3o de Hippolyte L\u00e9on Denizard Rivail, que se tornaria mundialmente conhecido como Allan Kardec. O livro explora suas duas miss\u00f5es principais: primeiramente, como educador renomado, publicando diversas obras did\u00e1ticas, e, subsequentemente, como o Codificador do Espiritismo, [&#8230;]\n","protected":false},"featured_media":2852,"comment_status":"open","ping_status":"closed","template":"","meta":{"_mi_skip_tracking":false},"product_cat":[23],"product_tag":[],"class_list":{"0":"post-2851","1":"product","2":"type-product","3":"status-publish","4":"has-post-thumbnail","6":"product_cat-clube-do-livro-adulto","8":"first","9":"instock","10":"shipping-taxable","11":"product-type-simple"},"_links":{"self":[{"href":"https:\/\/clubedolivrofec.com.br\/index.php?rest_route=\/wp\/v2\/product\/2851","targetHints":{"allow":["GET"]}}],"collection":[{"href":"https:\/\/clubedolivrofec.com.br\/index.php?rest_route=\/wp\/v2\/product"}],"about":[{"href":"https:\/\/clubedolivrofec.com.br\/index.php?rest_route=\/wp\/v2\/types\/product"}],"replies":[{"embeddable":true,"href":"https:\/\/clubedolivrofec.com.br\/index.php?rest_route=%2Fwp%2Fv2%2Fcomments&post=2851"}],"wp:featuredmedia":[{"embeddable":true,"href":"https:\/\/clubedolivrofec.com.br\/index.php?rest_route=\/wp\/v2\/media\/2852"}],"wp:attachment":[{"href":"https:\/\/clubedolivrofec.com.br\/index.php?rest_route=%2Fwp%2Fv2%2Fmedia&parent=2851"}],"wp:term":[{"taxonomy":"product_cat","embeddable":true,"href":"https:\/\/clubedolivrofec.com.br\/index.php?rest_route=%2Fwp%2Fv2%2Fproduct_cat&post=2851"},{"taxonomy":"product_tag","embeddable":true,"href":"https:\/\/clubedolivrofec.com.br\/index.php?rest_route=%2Fwp%2Fv2%2Fproduct_tag&post=2851"}],"curies":[{"name":"wp","href":"https:\/\/api.w.org\/{rel}","templated":true}]}}