{"id":2848,"date":"2025-07-29T19:44:52","date_gmt":"2025-07-29T19:44:52","guid":{"rendered":"https:\/\/clubedolivrofec.com.br\/?post_type=product&#038;p=2848"},"modified":"2025-07-29T19:44:52","modified_gmt":"2025-07-29T19:44:52","slug":"outubro-2025-2","status":"publish","type":"product","link":"https:\/\/clubedolivrofec.com.br\/?product=outubro-2025-2","title":{"rendered":"Outubro\/2025"},"content":{"rendered":"<p>Um m\u00e9dico muito inteligente desencarna e descobre que n\u00e3o morreu! Ele acorda no Mundo Espiritual, onde vivem todos os que j\u00e1 se foram e que um dia voltar\u00e3o a renascer. Quantas coisas incr\u00edveis naquele mundo novo! Mas quantas saudades da fam\u00edlia ele tamb\u00e9m sentia!&#8230; L\u00e1, descobre que viveu sem saber amar, e precisa aprender a cuidar do pr\u00f3ximo e de si mesmo para poder visitar sua esposa e seus filhos queridos, na Terra. Vamos acompanh\u00e1-lo nesta jornada? Ah! seu nome: Andr\u00e9 Luiz. * Cl\u00e1ssico da literatura esp\u00edrita, Nosso lar, ditado por Andr\u00e9 Luiz ao m\u00e9dium Chico Xavier, recebe esta adapta\u00e7\u00e3o ao p\u00fablico infantil, levando divers\u00e3o e aprendizado para toda a fam\u00edlia. Boa leitura!<\/p>\n","protected":false},"excerpt":{"rendered":"<p>Um m\u00e9dico muito inteligente desencarna e descobre que n\u00e3o morreu! Ele acorda no Mundo Espiritual, onde vivem todos os que j\u00e1 se foram e que um dia voltar\u00e3o a renascer. Quantas coisas incr\u00edveis naquele mundo novo! Mas quantas saudades da fam\u00edlia ele tamb\u00e9m sentia!&#8230; L\u00e1, descobre que viveu sem saber amar, e precisa aprender a [&#8230;]\n","protected":false},"featured_media":2849,"comment_status":"open","ping_status":"closed","template":"","meta":{"_mi_skip_tracking":false},"product_cat":[24],"product_tag":[],"class_list":{"0":"post-2848","1":"product","2":"type-product","3":"status-publish","4":"has-post-thumbnail","6":"product_cat-clube-do-livro-infantil","8":"first","9":"instock","10":"shipping-taxable","11":"product-type-simple"},"_links":{"self":[{"href":"https:\/\/clubedolivrofec.com.br\/index.php?rest_route=\/wp\/v2\/product\/2848","targetHints":{"allow":["GET"]}}],"collection":[{"href":"https:\/\/clubedolivrofec.com.br\/index.php?rest_route=\/wp\/v2\/product"}],"about":[{"href":"https:\/\/clubedolivrofec.com.br\/index.php?rest_route=\/wp\/v2\/types\/product"}],"replies":[{"embeddable":true,"href":"https:\/\/clubedolivrofec.com.br\/index.php?rest_route=%2Fwp%2Fv2%2Fcomments&post=2848"}],"wp:featuredmedia":[{"embeddable":true,"href":"https:\/\/clubedolivrofec.com.br\/index.php?rest_route=\/wp\/v2\/media\/2849"}],"wp:attachment":[{"href":"https:\/\/clubedolivrofec.com.br\/index.php?rest_route=%2Fwp%2Fv2%2Fmedia&parent=2848"}],"wp:term":[{"taxonomy":"product_cat","embeddable":true,"href":"https:\/\/clubedolivrofec.com.br\/index.php?rest_route=%2Fwp%2Fv2%2Fproduct_cat&post=2848"},{"taxonomy":"product_tag","embeddable":true,"href":"https:\/\/clubedolivrofec.com.br\/index.php?rest_route=%2Fwp%2Fv2%2Fproduct_tag&post=2848"}],"curies":[{"name":"wp","href":"https:\/\/api.w.org\/{rel}","templated":true}]}}