{"id":2844,"date":"2025-07-29T19:43:44","date_gmt":"2025-07-29T19:43:44","guid":{"rendered":"https:\/\/clubedolivrofec.com.br\/?post_type=product&#038;p=2844"},"modified":"2025-07-29T19:43:44","modified_gmt":"2025-07-29T19:43:44","slug":"outubro-2025","status":"publish","type":"product","link":"https:\/\/clubedolivrofec.com.br\/?product=outubro-2025","title":{"rendered":"Outubro\/2025"},"content":{"rendered":"<p>DE ONDE V\u00caM AS ALMAS DAS CRIAN\u00c7AS? PUXAM AO PAI OU \u00c0 M\u00c3E? PARA ONDE V\u00c3O AP\u00d3S A MORTE? Diante da atmosfera de inoc\u00eancia pr\u00f3pria da inf\u00e2ncia, m\u00e3es e pais podem apresentar dificuldades em reconhecer alguma impureza moral em seus filhos. S\u00e3o, por\u00e9m, Esp\u00edritos imortais como n\u00f3s, que retornam ao cen\u00e1rio do mundo com resgates a realizar, aprendizados a obter e deveres a cumprir. Crian\u00e7as-prod\u00edgios. Mediunidade infantil. Agressividade e obsess\u00e3o espiritual. Crian\u00e7as com necessidades especiais. Ado\u00e7\u00e3o. Morte na inf\u00e2ncia e vida no Mundo dos Esp\u00edritos. No intuito de acolher pais e cuidadores, A crian\u00e7a \u00e0 luz do espiritismo re\u00fane ensinamentos clarificantes e li\u00e7\u00f5es consoladoras sobre essas e outras relevantes quest\u00f5es. Mais que necess\u00e1rias, estas p\u00e1ginas s\u00e3o essenciais a todos os que buscam compreender o vasto universo da inf\u00e2ncia sob a perspectiva esp\u00edrita. Pela luz que lan\u00e7a sobre a import\u00e2ncia dos valores crist\u00e3os ao Esp\u00edrito reencarnante, a obra de Waldehir Bezerra de Almeida \u00e9 leitura inadi\u00e1vel.<\/p>\n","protected":false},"excerpt":{"rendered":"<p>DE ONDE V\u00caM AS ALMAS DAS CRIAN\u00c7AS? PUXAM AO PAI OU \u00c0 M\u00c3E? PARA ONDE V\u00c3O AP\u00d3S A MORTE? Diante da atmosfera de inoc\u00eancia pr\u00f3pria da inf\u00e2ncia, m\u00e3es e pais podem apresentar dificuldades em reconhecer alguma impureza moral em seus filhos. S\u00e3o, por\u00e9m, Esp\u00edritos imortais como n\u00f3s, que retornam ao cen\u00e1rio do mundo com resgates [&#8230;]\n","protected":false},"featured_media":2845,"comment_status":"open","ping_status":"closed","template":"","meta":{"_mi_skip_tracking":false},"product_cat":[23],"product_tag":[],"class_list":{"0":"post-2844","1":"product","2":"type-product","3":"status-publish","4":"has-post-thumbnail","6":"product_cat-clube-do-livro-adulto","8":"first","9":"instock","10":"shipping-taxable","11":"product-type-simple"},"_links":{"self":[{"href":"https:\/\/clubedolivrofec.com.br\/index.php?rest_route=\/wp\/v2\/product\/2844","targetHints":{"allow":["GET"]}}],"collection":[{"href":"https:\/\/clubedolivrofec.com.br\/index.php?rest_route=\/wp\/v2\/product"}],"about":[{"href":"https:\/\/clubedolivrofec.com.br\/index.php?rest_route=\/wp\/v2\/types\/product"}],"replies":[{"embeddable":true,"href":"https:\/\/clubedolivrofec.com.br\/index.php?rest_route=%2Fwp%2Fv2%2Fcomments&post=2844"}],"wp:featuredmedia":[{"embeddable":true,"href":"https:\/\/clubedolivrofec.com.br\/index.php?rest_route=\/wp\/v2\/media\/2845"}],"wp:attachment":[{"href":"https:\/\/clubedolivrofec.com.br\/index.php?rest_route=%2Fwp%2Fv2%2Fmedia&parent=2844"}],"wp:term":[{"taxonomy":"product_cat","embeddable":true,"href":"https:\/\/clubedolivrofec.com.br\/index.php?rest_route=%2Fwp%2Fv2%2Fproduct_cat&post=2844"},{"taxonomy":"product_tag","embeddable":true,"href":"https:\/\/clubedolivrofec.com.br\/index.php?rest_route=%2Fwp%2Fv2%2Fproduct_tag&post=2844"}],"curies":[{"name":"wp","href":"https:\/\/api.w.org\/{rel}","templated":true}]}}