{"id":2841,"date":"2025-06-30T23:11:41","date_gmt":"2025-06-30T23:11:41","guid":{"rendered":"https:\/\/clubedolivrofec.com.br\/?post_type=product&#038;p=2841"},"modified":"2025-06-30T23:11:41","modified_gmt":"2025-06-30T23:11:41","slug":"agosto-2025-2","status":"publish","type":"product","link":"https:\/\/clubedolivrofec.com.br\/?product=agosto-2025-2","title":{"rendered":"Agosto\/2025"},"content":{"rendered":"<p>Tendo como conte\u00fado o contraponto entre o altru\u00edsmo e ego\u00edsmo, em torno das perip\u00e9cias da formiguinha Egolanda, a hist\u00f3ria, em linguagem simples e objetiva, induz \u00e0 reflex\u00e3o sobre valores fundamentais \u00e0 conviv\u00eancia harmoniosa, como o poder do amor, a for\u00e7a do perd\u00e3o, a import\u00e2ncia do di\u00e1logo, o calor da fraternidade, o conforto da solidariedade, a alegria do trabalho em oposi\u00e7\u00e3o \u00e0 viol\u00eancia, ao \u00f3dio, \u00e0 vingan\u00e7a e \u00e0 dura frieza da indiferen\u00e7a. Valoriza a riqueza de experi\u00eancia que proporciona o servi\u00e7o em comunidade e conscientiza a crian\u00e7a de que nossos atos, resolu\u00e7\u00f5es e decis\u00f5es encontram-se sujeitos a fatores e circunst\u00e2ncias nem sempre submetidos ao controle da pr\u00f3pria vontade.<\/p>\n","protected":false},"excerpt":{"rendered":"<p>Tendo como conte\u00fado o contraponto entre o altru\u00edsmo e ego\u00edsmo, em torno das perip\u00e9cias da formiguinha Egolanda, a hist\u00f3ria, em linguagem simples e objetiva, induz \u00e0 reflex\u00e3o sobre valores fundamentais \u00e0 conviv\u00eancia harmoniosa, como o poder do amor, a for\u00e7a do perd\u00e3o, a import\u00e2ncia do di\u00e1logo, o calor da fraternidade, o conforto da solidariedade, a [&#8230;]\n","protected":false},"featured_media":2842,"comment_status":"open","ping_status":"closed","template":"","meta":{"_mi_skip_tracking":false},"product_cat":[24],"product_tag":[],"class_list":{"0":"post-2841","1":"product","2":"type-product","3":"status-publish","4":"has-post-thumbnail","6":"product_cat-clube-do-livro-infantil","8":"first","9":"instock","10":"shipping-taxable","11":"product-type-simple"},"_links":{"self":[{"href":"https:\/\/clubedolivrofec.com.br\/index.php?rest_route=\/wp\/v2\/product\/2841","targetHints":{"allow":["GET"]}}],"collection":[{"href":"https:\/\/clubedolivrofec.com.br\/index.php?rest_route=\/wp\/v2\/product"}],"about":[{"href":"https:\/\/clubedolivrofec.com.br\/index.php?rest_route=\/wp\/v2\/types\/product"}],"replies":[{"embeddable":true,"href":"https:\/\/clubedolivrofec.com.br\/index.php?rest_route=%2Fwp%2Fv2%2Fcomments&post=2841"}],"wp:featuredmedia":[{"embeddable":true,"href":"https:\/\/clubedolivrofec.com.br\/index.php?rest_route=\/wp\/v2\/media\/2842"}],"wp:attachment":[{"href":"https:\/\/clubedolivrofec.com.br\/index.php?rest_route=%2Fwp%2Fv2%2Fmedia&parent=2841"}],"wp:term":[{"taxonomy":"product_cat","embeddable":true,"href":"https:\/\/clubedolivrofec.com.br\/index.php?rest_route=%2Fwp%2Fv2%2Fproduct_cat&post=2841"},{"taxonomy":"product_tag","embeddable":true,"href":"https:\/\/clubedolivrofec.com.br\/index.php?rest_route=%2Fwp%2Fv2%2Fproduct_tag&post=2841"}],"curies":[{"name":"wp","href":"https:\/\/api.w.org\/{rel}","templated":true}]}}