{"id":2839,"date":"2025-06-30T23:10:14","date_gmt":"2025-06-30T23:10:14","guid":{"rendered":"https:\/\/clubedolivrofec.com.br\/?post_type=product&#038;p=2839"},"modified":"2025-06-30T23:10:14","modified_gmt":"2025-06-30T23:10:14","slug":"agosto-2025","status":"publish","type":"product","link":"https:\/\/clubedolivrofec.com.br\/?product=agosto-2025","title":{"rendered":"Agosto\/2025"},"content":{"rendered":"","protected":false},"excerpt":{"rendered":"<p>Estuda a presen\u00e7a da obsess\u00e3o na maioria dos casos de loucura. Confirma que \u201cansiedades e frustra\u00e7\u00f5es, afetos e animosidades, calma e pavor, confian\u00e7a e suspeita, inquieta\u00e7\u00e3o e seguran\u00e7a, que se manifestam no comportamento do indiv\u00edduo, tem a sua g\u00eanese, \u00e0s vezes, na atual exist\u00eancia, sem d\u00favida, todavia, na sua quase totalidade, s\u00e3o efeitos das ocorr\u00eancias pret\u00e9ritas, que o tempo arquivou na mem\u00f3ria perispiritual, mas n\u00e3o consumiu\u201d. O livro objetiva orientar os estudiosos e os que sofrem os processos obsessivos sobre as causas da obsess\u00e3o e relata a terapia desobsessiva adotada por Esp\u00edritos abnegados, sob a dire\u00e7\u00e3o do Dr. Bezerra de Menezes. Aprofunda-se na an\u00e1lise de casos dolorosos de obsess\u00e3o, oferecendo solu\u00e7\u00f5es calcadas na renova\u00e7\u00e3o interior e na pr\u00e1tica do bem.<\/p>\n","protected":false},"featured_media":2840,"comment_status":"open","ping_status":"closed","template":"","meta":{"_mi_skip_tracking":false},"product_cat":[23],"product_tag":[],"class_list":{"0":"post-2839","1":"product","2":"type-product","3":"status-publish","4":"has-post-thumbnail","6":"product_cat-clube-do-livro-adulto","8":"first","9":"instock","10":"shipping-taxable","11":"product-type-simple"},"_links":{"self":[{"href":"https:\/\/clubedolivrofec.com.br\/index.php?rest_route=\/wp\/v2\/product\/2839","targetHints":{"allow":["GET"]}}],"collection":[{"href":"https:\/\/clubedolivrofec.com.br\/index.php?rest_route=\/wp\/v2\/product"}],"about":[{"href":"https:\/\/clubedolivrofec.com.br\/index.php?rest_route=\/wp\/v2\/types\/product"}],"replies":[{"embeddable":true,"href":"https:\/\/clubedolivrofec.com.br\/index.php?rest_route=%2Fwp%2Fv2%2Fcomments&post=2839"}],"wp:featuredmedia":[{"embeddable":true,"href":"https:\/\/clubedolivrofec.com.br\/index.php?rest_route=\/wp\/v2\/media\/2840"}],"wp:attachment":[{"href":"https:\/\/clubedolivrofec.com.br\/index.php?rest_route=%2Fwp%2Fv2%2Fmedia&parent=2839"}],"wp:term":[{"taxonomy":"product_cat","embeddable":true,"href":"https:\/\/clubedolivrofec.com.br\/index.php?rest_route=%2Fwp%2Fv2%2Fproduct_cat&post=2839"},{"taxonomy":"product_tag","embeddable":true,"href":"https:\/\/clubedolivrofec.com.br\/index.php?rest_route=%2Fwp%2Fv2%2Fproduct_tag&post=2839"}],"curies":[{"name":"wp","href":"https:\/\/api.w.org\/{rel}","templated":true}]}}