{"id":2837,"date":"2025-06-29T21:56:40","date_gmt":"2025-06-29T21:56:40","guid":{"rendered":"https:\/\/clubedolivrofec.com.br\/?post_type=product&#038;p=2837"},"modified":"2025-06-29T21:56:40","modified_gmt":"2025-06-29T21:56:40","slug":"junho-2025","status":"publish","type":"product","link":"https:\/\/clubedolivrofec.com.br\/?product=junho-2025","title":{"rendered":"Junho\/2025"},"content":{"rendered":"<p>A cidade das Flores vivia em festa. Todos os bichos celebravam as fartas colheitas e a beleza do lugar. Eis que certo dia chega por l\u00e1 um ilustre visitante: um formoso Pav\u00e3o!<\/p>\n<p>Apesar de sua admir\u00e1vel cauda com penas multicoloridas, a bela ave se apresenta cheia de orgulho e vaidade&#8230; O que ser\u00e1 que o Pav\u00e3o vai aprender em sua visita \u00e0 florida cidade?<\/p>\n<p>\u00c9 o s\u00e1bio trabalhador Sapo Jardineiro quem lhe d\u00e1 as boas-vindas e, tamb\u00e9m, boas li\u00e7\u00f5es do Evangelho do Cristo. Humildade, benevol\u00eancia, simplicidade, perd\u00e3o e amizade s\u00e3o alguns dos valores que voc\u00ea vai aprender com os habitantes da Cidade das Flores.<\/p>\n","protected":false},"excerpt":{"rendered":"<p>A cidade das Flores vivia em festa. Todos os bichos celebravam as fartas colheitas e a beleza do lugar. Eis que certo dia chega por l\u00e1 um ilustre visitante: um formoso Pav\u00e3o! Apesar de sua admir\u00e1vel cauda com penas multicoloridas, a bela ave se apresenta cheia de orgulho e vaidade&#8230; O que ser\u00e1 que o [&#8230;]\n","protected":false},"featured_media":2838,"comment_status":"open","ping_status":"closed","template":"","meta":{"_mi_skip_tracking":false},"product_cat":[24],"product_tag":[],"class_list":{"0":"post-2837","1":"product","2":"type-product","3":"status-publish","4":"has-post-thumbnail","6":"product_cat-clube-do-livro-infantil","8":"first","9":"instock","10":"shipping-taxable","11":"product-type-simple"},"_links":{"self":[{"href":"https:\/\/clubedolivrofec.com.br\/index.php?rest_route=\/wp\/v2\/product\/2837","targetHints":{"allow":["GET"]}}],"collection":[{"href":"https:\/\/clubedolivrofec.com.br\/index.php?rest_route=\/wp\/v2\/product"}],"about":[{"href":"https:\/\/clubedolivrofec.com.br\/index.php?rest_route=\/wp\/v2\/types\/product"}],"replies":[{"embeddable":true,"href":"https:\/\/clubedolivrofec.com.br\/index.php?rest_route=%2Fwp%2Fv2%2Fcomments&post=2837"}],"wp:featuredmedia":[{"embeddable":true,"href":"https:\/\/clubedolivrofec.com.br\/index.php?rest_route=\/wp\/v2\/media\/2838"}],"wp:attachment":[{"href":"https:\/\/clubedolivrofec.com.br\/index.php?rest_route=%2Fwp%2Fv2%2Fmedia&parent=2837"}],"wp:term":[{"taxonomy":"product_cat","embeddable":true,"href":"https:\/\/clubedolivrofec.com.br\/index.php?rest_route=%2Fwp%2Fv2%2Fproduct_cat&post=2837"},{"taxonomy":"product_tag","embeddable":true,"href":"https:\/\/clubedolivrofec.com.br\/index.php?rest_route=%2Fwp%2Fv2%2Fproduct_tag&post=2837"}],"curies":[{"name":"wp","href":"https:\/\/api.w.org\/{rel}","templated":true}]}}