{"id":2835,"date":"2025-06-29T21:46:54","date_gmt":"2025-06-29T21:46:54","guid":{"rendered":"https:\/\/clubedolivrofec.com.br\/?post_type=product&#038;p=2835"},"modified":"2025-06-29T21:50:58","modified_gmt":"2025-06-29T21:50:58","slug":"abril-2025-2","status":"publish","type":"product","link":"https:\/\/clubedolivrofec.com.br\/?product=abril-2025-2","title":{"rendered":"Abril\/2025"},"content":{"rendered":"<p>Era uma vez uma estrela brilhante!.<\/p>\n<p>Essa estrela se chamava Bernardo. Mas Bernardo nem sempre foi uma estrela&#8230; Bernardo costumava ser um menino!<\/p>\n<p>Quem diria ?!<\/p>\n<p>De cabelos revoltos e um sorriso brincalh\u00e3o. Um dia, Bernardo teve que mudar de casinha, deixando muitos cora\u00e7\u00f5es cheios de saudade.<\/p>\n","protected":false},"excerpt":{"rendered":"<p>Era uma vez uma estrela brilhante!. Essa estrela se chamava Bernardo. Mas Bernardo nem sempre foi uma estrela&#8230; Bernardo costumava ser um menino! Quem diria ?! De cabelos revoltos e um sorriso brincalh\u00e3o. Um dia, Bernardo teve que mudar de casinha, deixando muitos cora\u00e7\u00f5es cheios de saudade.<\/p>\n","protected":false},"featured_media":2836,"comment_status":"open","ping_status":"closed","template":"","meta":{"_mi_skip_tracking":false},"product_cat":[24],"product_tag":[],"class_list":{"0":"post-2835","1":"product","2":"type-product","3":"status-publish","4":"has-post-thumbnail","6":"product_cat-clube-do-livro-infantil","8":"first","9":"instock","10":"shipping-taxable","11":"product-type-simple"},"_links":{"self":[{"href":"https:\/\/clubedolivrofec.com.br\/index.php?rest_route=\/wp\/v2\/product\/2835","targetHints":{"allow":["GET"]}}],"collection":[{"href":"https:\/\/clubedolivrofec.com.br\/index.php?rest_route=\/wp\/v2\/product"}],"about":[{"href":"https:\/\/clubedolivrofec.com.br\/index.php?rest_route=\/wp\/v2\/types\/product"}],"replies":[{"embeddable":true,"href":"https:\/\/clubedolivrofec.com.br\/index.php?rest_route=%2Fwp%2Fv2%2Fcomments&post=2835"}],"wp:featuredmedia":[{"embeddable":true,"href":"https:\/\/clubedolivrofec.com.br\/index.php?rest_route=\/wp\/v2\/media\/2836"}],"wp:attachment":[{"href":"https:\/\/clubedolivrofec.com.br\/index.php?rest_route=%2Fwp%2Fv2%2Fmedia&parent=2835"}],"wp:term":[{"taxonomy":"product_cat","embeddable":true,"href":"https:\/\/clubedolivrofec.com.br\/index.php?rest_route=%2Fwp%2Fv2%2Fproduct_cat&post=2835"},{"taxonomy":"product_tag","embeddable":true,"href":"https:\/\/clubedolivrofec.com.br\/index.php?rest_route=%2Fwp%2Fv2%2Fproduct_tag&post=2835"}],"curies":[{"name":"wp","href":"https:\/\/api.w.org\/{rel}","templated":true}]}}