{"id":2833,"date":"2025-06-29T21:40:48","date_gmt":"2025-06-29T21:40:48","guid":{"rendered":"https:\/\/clubedolivrofec.com.br\/?post_type=product&#038;p=2833"},"modified":"2025-06-29T21:40:48","modified_gmt":"2025-06-29T21:40:48","slug":"fevereiro-2025-2","status":"publish","type":"product","link":"https:\/\/clubedolivrofec.com.br\/?product=fevereiro-2025-2","title":{"rendered":"Fevereiro\/2025"},"content":{"rendered":"","protected":false},"excerpt":{"rendered":"<p>Obras inspirada no Projeto ONDE MORA O CORA\u00c7\u00c3O voltada para evangeliza\u00e7\u00e3o infantil onde uma neta e seu av\u00f4 descobrem os sentimentos e emo\u00e7\u00f5es que moram no ba\u00fa de tesouros do cora\u00e7\u00e3o.<\/p>\n","protected":false},"featured_media":2834,"comment_status":"open","ping_status":"closed","template":"","meta":{"_mi_skip_tracking":false},"product_cat":[24],"product_tag":[],"class_list":{"0":"post-2833","1":"product","2":"type-product","3":"status-publish","4":"has-post-thumbnail","6":"product_cat-clube-do-livro-infantil","8":"first","9":"instock","10":"shipping-taxable","11":"product-type-simple"},"_links":{"self":[{"href":"https:\/\/clubedolivrofec.com.br\/index.php?rest_route=\/wp\/v2\/product\/2833","targetHints":{"allow":["GET"]}}],"collection":[{"href":"https:\/\/clubedolivrofec.com.br\/index.php?rest_route=\/wp\/v2\/product"}],"about":[{"href":"https:\/\/clubedolivrofec.com.br\/index.php?rest_route=\/wp\/v2\/types\/product"}],"replies":[{"embeddable":true,"href":"https:\/\/clubedolivrofec.com.br\/index.php?rest_route=%2Fwp%2Fv2%2Fcomments&post=2833"}],"wp:featuredmedia":[{"embeddable":true,"href":"https:\/\/clubedolivrofec.com.br\/index.php?rest_route=\/wp\/v2\/media\/2834"}],"wp:attachment":[{"href":"https:\/\/clubedolivrofec.com.br\/index.php?rest_route=%2Fwp%2Fv2%2Fmedia&parent=2833"}],"wp:term":[{"taxonomy":"product_cat","embeddable":true,"href":"https:\/\/clubedolivrofec.com.br\/index.php?rest_route=%2Fwp%2Fv2%2Fproduct_cat&post=2833"},{"taxonomy":"product_tag","embeddable":true,"href":"https:\/\/clubedolivrofec.com.br\/index.php?rest_route=%2Fwp%2Fv2%2Fproduct_tag&post=2833"}],"curies":[{"name":"wp","href":"https:\/\/api.w.org\/{rel}","templated":true}]}}