{"id":2831,"date":"2025-06-29T21:37:10","date_gmt":"2025-06-29T21:37:10","guid":{"rendered":"https:\/\/clubedolivrofec.com.br\/?post_type=product&#038;p=2831"},"modified":"2025-06-29T21:37:10","modified_gmt":"2025-06-29T21:37:10","slug":"dezembro-2024-2","status":"publish","type":"product","link":"https:\/\/clubedolivrofec.com.br\/?product=dezembro-2024-2","title":{"rendered":"Dezembro\/2024"},"content":{"rendered":"<p>O esp\u00edrito Meimei exp\u00f5e, em linguagem simples, como conv\u00e9m \u00e0s crian\u00e7as, os caminhos que podem ser escolhidos: o do bem ou o do mal, de acordo com a liberdade que Deus nos concede.<\/p>\n<p>Mostra a utiliza\u00e7\u00e3o das m\u00e3os para: fazer o bem, fazer amigos, ajudar as pessoas, e trabalhar para que o mundo seja um lugar melhor.<\/p>\n","protected":false},"excerpt":{"rendered":"<p>O esp\u00edrito Meimei exp\u00f5e, em linguagem simples, como conv\u00e9m \u00e0s crian\u00e7as, os caminhos que podem ser escolhidos: o do bem ou o do mal, de acordo com a liberdade que Deus nos concede. Mostra a utiliza\u00e7\u00e3o das m\u00e3os para: fazer o bem, fazer amigos, ajudar as pessoas, e trabalhar para que o mundo seja um [&#8230;]\n","protected":false},"featured_media":2832,"comment_status":"open","ping_status":"closed","template":"","meta":{"_mi_skip_tracking":false},"product_cat":[24],"product_tag":[],"class_list":{"0":"post-2831","1":"product","2":"type-product","3":"status-publish","4":"has-post-thumbnail","6":"product_cat-clube-do-livro-infantil","8":"first","9":"instock","10":"shipping-taxable","11":"product-type-simple"},"_links":{"self":[{"href":"https:\/\/clubedolivrofec.com.br\/index.php?rest_route=\/wp\/v2\/product\/2831","targetHints":{"allow":["GET"]}}],"collection":[{"href":"https:\/\/clubedolivrofec.com.br\/index.php?rest_route=\/wp\/v2\/product"}],"about":[{"href":"https:\/\/clubedolivrofec.com.br\/index.php?rest_route=\/wp\/v2\/types\/product"}],"replies":[{"embeddable":true,"href":"https:\/\/clubedolivrofec.com.br\/index.php?rest_route=%2Fwp%2Fv2%2Fcomments&post=2831"}],"wp:featuredmedia":[{"embeddable":true,"href":"https:\/\/clubedolivrofec.com.br\/index.php?rest_route=\/wp\/v2\/media\/2832"}],"wp:attachment":[{"href":"https:\/\/clubedolivrofec.com.br\/index.php?rest_route=%2Fwp%2Fv2%2Fmedia&parent=2831"}],"wp:term":[{"taxonomy":"product_cat","embeddable":true,"href":"https:\/\/clubedolivrofec.com.br\/index.php?rest_route=%2Fwp%2Fv2%2Fproduct_cat&post=2831"},{"taxonomy":"product_tag","embeddable":true,"href":"https:\/\/clubedolivrofec.com.br\/index.php?rest_route=%2Fwp%2Fv2%2Fproduct_tag&post=2831"}],"curies":[{"name":"wp","href":"https:\/\/api.w.org\/{rel}","templated":true}]}}