{"id":2816,"date":"2024-08-28T19:28:20","date_gmt":"2024-08-28T19:28:20","guid":{"rendered":"https:\/\/clubedolivrofec.com.br\/?post_type=product&#038;p=2816"},"modified":"2025-02-11T18:57:31","modified_gmt":"2025-02-11T18:57:31","slug":"outubro-2024-2","status":"publish","type":"product","link":"https:\/\/clubedolivrofec.com.br\/?product=outubro-2024-2","title":{"rendered":"Outubro 2024"},"content":{"rendered":"<p>Enquanto brincava na pracinha, C\u00e9sar encontrou um tesouro. Compartilhou sua descoberta com vov\u00f4 Afonso e uma ideia brilhante surgiu. Qual ser\u00e1 esse tesouro? E o que C\u00e9sar far\u00e1 com ele? Leia esta hist\u00f3ria e descubra n\u00e3o apenas o que eles fizeram, mas tamb\u00e9m o que Cesinha aprendeu sobre os verdadeiros tesouros do cora\u00e7\u00e3o. Uma hist\u00f3ria sobre descobertas e os valores que realmente importam. Amor, Av\u00f4, Cora\u00e7\u00e3o, Descobertas, Valores.<\/p>\n","protected":false},"excerpt":{"rendered":"<p>Enquanto brincava na pracinha, C\u00e9sar encontrou um tesouro. Compartilhou sua descoberta com vov\u00f4 Afonso e uma ideia brilhante surgiu. Qual ser\u00e1 esse tesouro? E o que C\u00e9sar far\u00e1 com ele? Leia esta hist\u00f3ria e descubra n\u00e3o apenas o que eles fizeram, mas tamb\u00e9m o que Cesinha aprendeu sobre os verdadeiros tesouros do cora\u00e7\u00e3o. Uma hist\u00f3ria [&#8230;]\n","protected":false},"featured_media":2826,"comment_status":"open","ping_status":"closed","template":"","meta":{"_mi_skip_tracking":false},"product_cat":[24],"product_tag":[],"class_list":{"0":"post-2816","1":"product","2":"type-product","3":"status-publish","4":"has-post-thumbnail","6":"product_cat-clube-do-livro-infantil","8":"first","9":"instock","10":"shipping-taxable","11":"product-type-simple"},"_links":{"self":[{"href":"https:\/\/clubedolivrofec.com.br\/index.php?rest_route=\/wp\/v2\/product\/2816","targetHints":{"allow":["GET"]}}],"collection":[{"href":"https:\/\/clubedolivrofec.com.br\/index.php?rest_route=\/wp\/v2\/product"}],"about":[{"href":"https:\/\/clubedolivrofec.com.br\/index.php?rest_route=\/wp\/v2\/types\/product"}],"replies":[{"embeddable":true,"href":"https:\/\/clubedolivrofec.com.br\/index.php?rest_route=%2Fwp%2Fv2%2Fcomments&post=2816"}],"wp:featuredmedia":[{"embeddable":true,"href":"https:\/\/clubedolivrofec.com.br\/index.php?rest_route=\/wp\/v2\/media\/2826"}],"wp:attachment":[{"href":"https:\/\/clubedolivrofec.com.br\/index.php?rest_route=%2Fwp%2Fv2%2Fmedia&parent=2816"}],"wp:term":[{"taxonomy":"product_cat","embeddable":true,"href":"https:\/\/clubedolivrofec.com.br\/index.php?rest_route=%2Fwp%2Fv2%2Fproduct_cat&post=2816"},{"taxonomy":"product_tag","embeddable":true,"href":"https:\/\/clubedolivrofec.com.br\/index.php?rest_route=%2Fwp%2Fv2%2Fproduct_tag&post=2816"}],"curies":[{"name":"wp","href":"https:\/\/api.w.org\/{rel}","templated":true}]}}