{"id":2808,"date":"2024-07-03T22:16:43","date_gmt":"2024-07-03T22:16:43","guid":{"rendered":"https:\/\/clubedolivrofec.com.br\/?post_type=product&#038;p=2808"},"modified":"2024-07-03T23:47:17","modified_gmt":"2024-07-03T23:47:17","slug":"agosto-2024-2","status":"publish","type":"product","link":"https:\/\/clubedolivrofec.com.br\/?product=agosto-2024-2","title":{"rendered":"Agosto 2024"},"content":{"rendered":"<p>Mauro era um menino muito esperto e educado que tinha um grande talento para fazer avi\u00f5es. Os amigos dele, por\u00e9m, n\u00e3o eram muito legais: sempre se metiam em confus\u00e3o e diziam que ele n\u00e3o podia escolher as brincadeiras da galera. Um dia, Mauro conhece uma menina diferente, e ela lhe conta como as escolhas que fazemos podem mudar nossa vida para muito melhor, e para sempre. Ser\u00e1 que Mauro vai acreditar nela?<\/p>\n","protected":false},"excerpt":{"rendered":"<p>Mauro era um menino muito esperto e educado que tinha um grande talento para fazer avi\u00f5es. Os amigos dele, por\u00e9m, n\u00e3o eram muito legais: sempre se metiam em confus\u00e3o e diziam que ele n\u00e3o podia escolher as brincadeiras da galera. Um dia, Mauro conhece uma menina diferente, e ela lhe conta como as escolhas que [&#8230;]\n","protected":false},"featured_media":2810,"comment_status":"open","ping_status":"closed","template":"","meta":{"_mi_skip_tracking":false},"product_cat":[24],"product_tag":[],"class_list":{"0":"post-2808","1":"product","2":"type-product","3":"status-publish","4":"has-post-thumbnail","6":"product_cat-clube-do-livro-infantil","8":"first","9":"instock","10":"shipping-taxable","11":"product-type-simple"},"_links":{"self":[{"href":"https:\/\/clubedolivrofec.com.br\/index.php?rest_route=\/wp\/v2\/product\/2808","targetHints":{"allow":["GET"]}}],"collection":[{"href":"https:\/\/clubedolivrofec.com.br\/index.php?rest_route=\/wp\/v2\/product"}],"about":[{"href":"https:\/\/clubedolivrofec.com.br\/index.php?rest_route=\/wp\/v2\/types\/product"}],"replies":[{"embeddable":true,"href":"https:\/\/clubedolivrofec.com.br\/index.php?rest_route=%2Fwp%2Fv2%2Fcomments&post=2808"}],"wp:featuredmedia":[{"embeddable":true,"href":"https:\/\/clubedolivrofec.com.br\/index.php?rest_route=\/wp\/v2\/media\/2810"}],"wp:attachment":[{"href":"https:\/\/clubedolivrofec.com.br\/index.php?rest_route=%2Fwp%2Fv2%2Fmedia&parent=2808"}],"wp:term":[{"taxonomy":"product_cat","embeddable":true,"href":"https:\/\/clubedolivrofec.com.br\/index.php?rest_route=%2Fwp%2Fv2%2Fproduct_cat&post=2808"},{"taxonomy":"product_tag","embeddable":true,"href":"https:\/\/clubedolivrofec.com.br\/index.php?rest_route=%2Fwp%2Fv2%2Fproduct_tag&post=2808"}],"curies":[{"name":"wp","href":"https:\/\/api.w.org\/{rel}","templated":true}]}}