{"id":2805,"date":"2024-07-03T22:07:46","date_gmt":"2024-07-03T22:07:46","guid":{"rendered":"http:\/\/clubedolivrofec.com.br\/?post_type=product&#038;p=2805"},"modified":"2024-07-03T23:48:04","modified_gmt":"2024-07-03T23:48:04","slug":"outubro-2024","status":"publish","type":"product","link":"https:\/\/clubedolivrofec.com.br\/?product=outubro-2024","title":{"rendered":"Outubro 2024"},"content":{"rendered":"<p>A fim de responder a esta provocativa quest\u00e3o, Richard Simonetti conduz o leitor a reflex\u00f5es profundas em torno da realidade espiritual, esclarecendo<br \/>\no que s\u00e3o os Esp\u00edritos, por que encarnamos, qual o sexo dos Esp\u00edritos, qual a raz\u00e3o das vidas sucessivas, o que se sabe sobre a exist\u00eancia de Esp\u00edritos em outros planetas, o que ocorre ap\u00f3s a morte do corpo, entre tantos outros instigantes assuntos. Em breves cap\u00edtulos, com sabedoria e simplicidade, o autor ilustra suas explica\u00e7\u00f5es com epis\u00f3dios curiosos e experi\u00eancias edificantes, elucidativas e bem-humoradas, fundamentadas nos ensinamentos da Doutrina Esp\u00edrita, especialmente nos contidos em \u201cO livro dos esp\u00edritos\u201d, obra de estreia de Allan Kardec, codificador do Espiritismo. Voc\u00ea est\u00e1 convidado a abrir estas p\u00e1ginas, em que o medo, as d\u00favidas ou as incertezas a respeito dos Esp\u00edritos tendem a simplesmente desaparecer<\/p>\n","protected":false},"excerpt":{"rendered":"<p>A fim de responder a esta provocativa quest\u00e3o, Richard Simonetti conduz o leitor a reflex\u00f5es profundas em torno da realidade espiritual, esclarecendo o que s\u00e3o os Esp\u00edritos, por que encarnamos, qual o sexo dos Esp\u00edritos, qual a raz\u00e3o das vidas sucessivas, o que se sabe sobre a exist\u00eancia de Esp\u00edritos em outros planetas, o que [&#8230;]\n","protected":false},"featured_media":2811,"comment_status":"open","ping_status":"closed","template":"","meta":{"_mi_skip_tracking":false},"product_cat":[23],"product_tag":[],"class_list":{"0":"post-2805","1":"product","2":"type-product","3":"status-publish","4":"has-post-thumbnail","6":"product_cat-clube-do-livro-adulto","8":"first","9":"instock","10":"shipping-taxable","11":"product-type-simple"},"_links":{"self":[{"href":"https:\/\/clubedolivrofec.com.br\/index.php?rest_route=\/wp\/v2\/product\/2805","targetHints":{"allow":["GET"]}}],"collection":[{"href":"https:\/\/clubedolivrofec.com.br\/index.php?rest_route=\/wp\/v2\/product"}],"about":[{"href":"https:\/\/clubedolivrofec.com.br\/index.php?rest_route=\/wp\/v2\/types\/product"}],"replies":[{"embeddable":true,"href":"https:\/\/clubedolivrofec.com.br\/index.php?rest_route=%2Fwp%2Fv2%2Fcomments&post=2805"}],"wp:featuredmedia":[{"embeddable":true,"href":"https:\/\/clubedolivrofec.com.br\/index.php?rest_route=\/wp\/v2\/media\/2811"}],"wp:attachment":[{"href":"https:\/\/clubedolivrofec.com.br\/index.php?rest_route=%2Fwp%2Fv2%2Fmedia&parent=2805"}],"wp:term":[{"taxonomy":"product_cat","embeddable":true,"href":"https:\/\/clubedolivrofec.com.br\/index.php?rest_route=%2Fwp%2Fv2%2Fproduct_cat&post=2805"},{"taxonomy":"product_tag","embeddable":true,"href":"https:\/\/clubedolivrofec.com.br\/index.php?rest_route=%2Fwp%2Fv2%2Fproduct_tag&post=2805"}],"curies":[{"name":"wp","href":"https:\/\/api.w.org\/{rel}","templated":true}]}}