{"id":2803,"date":"2024-07-03T22:06:25","date_gmt":"2024-07-03T22:06:25","guid":{"rendered":"http:\/\/clubedolivrofec.com.br\/?post_type=product&#038;p=2803"},"modified":"2024-07-03T23:48:46","modified_gmt":"2024-07-03T23:48:46","slug":"agosto-2024","status":"publish","type":"product","link":"https:\/\/clubedolivrofec.com.br\/?product=agosto-2024","title":{"rendered":"Agosto 2024"},"content":{"rendered":"<p>Luz imperec\u00edvel \u00e9 obra de refer\u00eancia para o estudo interpretativo do Evangelho de Jesus, \u00e0 luz da Doutrina Esp\u00edrita. Em an\u00e1lises minuciosas de vers\u00edculos do Novo Testamento, busca cuidadosamente o sentido espiritual da Boa Nova, revelando a imensa riqueza da moral crist\u00e3. Com explica\u00e7\u00f5es claras, objetivas e acess\u00edveis a todos, seus mais de 200 cap\u00edtulos s\u00e3o resultado de quarenta anos de trabalho coletivo, sob a coordena\u00e7\u00e3o de Hon\u00f3rio Onofre de Abreu e a participa\u00e7\u00e3o de diversos colaboradores interessados em um estudo s\u00e9rio, continuado e met\u00f3dico do Evangelho, em que s\u00e3o consideradas a cultura, as circunst\u00e2ncias, o per\u00edodo hist\u00f3rico e outros relevantes elementos. Inspirando-se no esfor\u00e7o grandioso de interpreta\u00e7\u00e3o evang\u00e9lica do Esp\u00edrito Emmanuel, para quem Jesus \u00e9 a porta, e Kardec, a chave, Luz imperec\u00edvel comprova esse belo pensamento, mostrando-se valioso instrumento de acesso ao significado profundo dos ensinamentos do Cristo, a fim de que possamos compreend\u00ea-los e vivenci\u00e1-los em plenitude.<\/p>\n","protected":false},"excerpt":{"rendered":"<p>Luz imperec\u00edvel \u00e9 obra de refer\u00eancia para o estudo interpretativo do Evangelho de Jesus, \u00e0 luz da Doutrina Esp\u00edrita. Em an\u00e1lises minuciosas de vers\u00edculos do Novo Testamento, busca cuidadosamente o sentido espiritual da Boa Nova, revelando a imensa riqueza da moral crist\u00e3. Com explica\u00e7\u00f5es claras, objetivas e acess\u00edveis a todos, seus mais de 200 cap\u00edtulos [&#8230;]\n","protected":false},"featured_media":2812,"comment_status":"open","ping_status":"closed","template":"","meta":{"_mi_skip_tracking":false},"product_cat":[23],"product_tag":[],"class_list":{"0":"post-2803","1":"product","2":"type-product","3":"status-publish","4":"has-post-thumbnail","6":"product_cat-clube-do-livro-adulto","8":"first","9":"instock","10":"shipping-taxable","11":"product-type-simple"},"_links":{"self":[{"href":"https:\/\/clubedolivrofec.com.br\/index.php?rest_route=\/wp\/v2\/product\/2803","targetHints":{"allow":["GET"]}}],"collection":[{"href":"https:\/\/clubedolivrofec.com.br\/index.php?rest_route=\/wp\/v2\/product"}],"about":[{"href":"https:\/\/clubedolivrofec.com.br\/index.php?rest_route=\/wp\/v2\/types\/product"}],"replies":[{"embeddable":true,"href":"https:\/\/clubedolivrofec.com.br\/index.php?rest_route=%2Fwp%2Fv2%2Fcomments&post=2803"}],"wp:featuredmedia":[{"embeddable":true,"href":"https:\/\/clubedolivrofec.com.br\/index.php?rest_route=\/wp\/v2\/media\/2812"}],"wp:attachment":[{"href":"https:\/\/clubedolivrofec.com.br\/index.php?rest_route=%2Fwp%2Fv2%2Fmedia&parent=2803"}],"wp:term":[{"taxonomy":"product_cat","embeddable":true,"href":"https:\/\/clubedolivrofec.com.br\/index.php?rest_route=%2Fwp%2Fv2%2Fproduct_cat&post=2803"},{"taxonomy":"product_tag","embeddable":true,"href":"https:\/\/clubedolivrofec.com.br\/index.php?rest_route=%2Fwp%2Fv2%2Fproduct_tag&post=2803"}],"curies":[{"name":"wp","href":"https:\/\/api.w.org\/{rel}","templated":true}]}}