{"id":2799,"date":"2024-03-26T16:59:27","date_gmt":"2024-03-26T16:59:27","guid":{"rendered":"http:\/\/clubedolivrofec.com.br\/?post_type=product&#038;p=2799"},"modified":"2024-03-26T17:05:19","modified_gmt":"2024-03-26T17:05:19","slug":"junho-2024-2","status":"publish","type":"product","link":"https:\/\/clubedolivrofec.com.br\/?product=junho-2024-2","title":{"rendered":"Junho 2024"},"content":{"rendered":"<p>O ego\u00edsmo \u00e9 a fonte de muitas imperfei\u00e7\u00f5es, entre elas a indiferen\u00e7a, que sufoca quaisquer pensamentos e sentimentos voltados para o benef\u00edcio de algu\u00e9m. A hist\u00f3ria deste livro mostra-nos como, no dia a dia, muitas vezes agimos da mesma forma que o macaquinho Emeus.<\/p>\n<p>Empenhado em possuir, ter cada vez mais coisas, independentemente de serem ou n\u00e3o \u00fateis a ele, n\u00e3o percebe que prejudica a amiguinha Aluminosa, a ponto de amea\u00e7ar-lhe a sobreviv\u00eancia.<\/p>\n<p>Tendo como conte\u00fado o contraponto entre ego\u00edsmo, indiferen\u00e7a e desejo compulsivo de posse versus altru\u00edsmo, fraternidade e desejo do bem direcionado ao pr\u00f3ximo, a hist\u00f3ria conduz \u00e0 reflex\u00e3o sobre o poder da gentileza, a for\u00e7a do amor, a import\u00e2ncia do di\u00e1logo, o calor da fraternidade e do desapego, levando o macaquinho \u00e0 descoberta de que a felicidade \u00e9 decorrente do bem e da alegria que proporcionarmos ao pr\u00f3ximo.<\/p>\n","protected":false},"excerpt":{"rendered":"<p>O ego\u00edsmo \u00e9 a fonte de muitas imperfei\u00e7\u00f5es, entre elas a indiferen\u00e7a, que sufoca quaisquer pensamentos e sentimentos voltados para o benef\u00edcio de algu\u00e9m. A hist\u00f3ria deste livro mostra-nos como, no dia a dia, muitas vezes agimos da mesma forma que o macaquinho Emeus. Empenhado em possuir, ter cada vez mais coisas, independentemente de serem [&#8230;]\n","protected":false},"featured_media":2801,"comment_status":"open","ping_status":"closed","template":"","meta":{"_mi_skip_tracking":false},"product_cat":[24],"product_tag":[],"class_list":{"0":"post-2799","1":"product","2":"type-product","3":"status-publish","4":"has-post-thumbnail","6":"product_cat-clube-do-livro-infantil","8":"first","9":"instock","10":"shipping-taxable","11":"product-type-simple"},"_links":{"self":[{"href":"https:\/\/clubedolivrofec.com.br\/index.php?rest_route=\/wp\/v2\/product\/2799","targetHints":{"allow":["GET"]}}],"collection":[{"href":"https:\/\/clubedolivrofec.com.br\/index.php?rest_route=\/wp\/v2\/product"}],"about":[{"href":"https:\/\/clubedolivrofec.com.br\/index.php?rest_route=\/wp\/v2\/types\/product"}],"replies":[{"embeddable":true,"href":"https:\/\/clubedolivrofec.com.br\/index.php?rest_route=%2Fwp%2Fv2%2Fcomments&post=2799"}],"wp:featuredmedia":[{"embeddable":true,"href":"https:\/\/clubedolivrofec.com.br\/index.php?rest_route=\/wp\/v2\/media\/2801"}],"wp:attachment":[{"href":"https:\/\/clubedolivrofec.com.br\/index.php?rest_route=%2Fwp%2Fv2%2Fmedia&parent=2799"}],"wp:term":[{"taxonomy":"product_cat","embeddable":true,"href":"https:\/\/clubedolivrofec.com.br\/index.php?rest_route=%2Fwp%2Fv2%2Fproduct_cat&post=2799"},{"taxonomy":"product_tag","embeddable":true,"href":"https:\/\/clubedolivrofec.com.br\/index.php?rest_route=%2Fwp%2Fv2%2Fproduct_tag&post=2799"}],"curies":[{"name":"wp","href":"https:\/\/api.w.org\/{rel}","templated":true}]}}