{"id":2795,"date":"2024-02-05T23:50:22","date_gmt":"2024-02-05T23:50:22","guid":{"rendered":"https:\/\/clubedolivrofec.com.br\/?post_type=product&#038;p=2795"},"modified":"2024-02-06T14:32:40","modified_gmt":"2024-02-06T14:32:40","slug":"abril-2024-2","status":"publish","type":"product","link":"https:\/\/clubedolivrofec.com.br\/?product=abril-2024-2","title":{"rendered":"Abril 2024"},"content":{"rendered":"<div>Tio Marcelo estava contente, ia os sobrinhos visitar, mas quando chegou, um clima estranho pairava no ar. Ant\u00f4nio brincava da sua maneira. Por\u00e9m Heloisa, a irm\u00e3 mais velha n\u00e3o estava satisfeita, surgindo uma grande confus\u00e3o;<\/div>\n<div><\/div>\n<div>Venha ler esta hist\u00f3ria, usando os olhos do cora\u00e7\u00e3o e aprender com Helo\u00edsa e Ant\u00f4nio o significado de inclus\u00e3o.<\/div>\n","protected":false},"excerpt":{"rendered":"<p>Tio Marcelo estava contente, ia os sobrinhos visitar, mas quando chegou, um clima estranho pairava no ar. Ant\u00f4nio brincava da sua maneira. Por\u00e9m Heloisa, a irm\u00e3 mais velha n\u00e3o estava satisfeita, surgindo uma grande confus\u00e3o; Venha ler esta hist\u00f3ria, usando os olhos do cora\u00e7\u00e3o e aprender com Helo\u00edsa e Ant\u00f4nio o significado de inclus\u00e3o.<\/p>\n","protected":false},"featured_media":2797,"comment_status":"open","ping_status":"closed","template":"","meta":{"_mi_skip_tracking":false},"product_cat":[24],"product_tag":[],"class_list":{"0":"post-2795","1":"product","2":"type-product","3":"status-publish","4":"has-post-thumbnail","6":"product_cat-clube-do-livro-infantil","8":"first","9":"instock","10":"shipping-taxable","11":"product-type-simple"},"_links":{"self":[{"href":"https:\/\/clubedolivrofec.com.br\/index.php?rest_route=\/wp\/v2\/product\/2795","targetHints":{"allow":["GET"]}}],"collection":[{"href":"https:\/\/clubedolivrofec.com.br\/index.php?rest_route=\/wp\/v2\/product"}],"about":[{"href":"https:\/\/clubedolivrofec.com.br\/index.php?rest_route=\/wp\/v2\/types\/product"}],"replies":[{"embeddable":true,"href":"https:\/\/clubedolivrofec.com.br\/index.php?rest_route=%2Fwp%2Fv2%2Fcomments&post=2795"}],"wp:featuredmedia":[{"embeddable":true,"href":"https:\/\/clubedolivrofec.com.br\/index.php?rest_route=\/wp\/v2\/media\/2797"}],"wp:attachment":[{"href":"https:\/\/clubedolivrofec.com.br\/index.php?rest_route=%2Fwp%2Fv2%2Fmedia&parent=2795"}],"wp:term":[{"taxonomy":"product_cat","embeddable":true,"href":"https:\/\/clubedolivrofec.com.br\/index.php?rest_route=%2Fwp%2Fv2%2Fproduct_cat&post=2795"},{"taxonomy":"product_tag","embeddable":true,"href":"https:\/\/clubedolivrofec.com.br\/index.php?rest_route=%2Fwp%2Fv2%2Fproduct_tag&post=2795"}],"curies":[{"name":"wp","href":"https:\/\/api.w.org\/{rel}","templated":true}]}}