{"id":2786,"date":"2023-12-03T09:41:23","date_gmt":"2023-12-03T09:41:23","guid":{"rendered":"http:\/\/clubedolivrofec.com.br\/?post_type=product&#038;p=2786"},"modified":"2023-12-04T11:30:13","modified_gmt":"2023-12-04T11:30:13","slug":"junho-2024","status":"publish","type":"product","link":"https:\/\/clubedolivrofec.com.br\/?product=junho-2024","title":{"rendered":"Junho 2024"},"content":{"rendered":"<p>A partir dessa indaga\u00e7\u00e3o, Richard Simonetti nos convida a pensar sobre a desencarna\u00e7\u00e3o em uma perspectiva esp\u00edrita, desfazendo medos, mitos, tabus e mist\u00e9rios que costumam cercar o tema. Em cap\u00edtulos curtos, com linguagem leve, mesmo diante de quest\u00f5es delicadas, como o suic\u00eddio, o aborto, a morte de crian\u00e7as e a eutan\u00e1sia, o autor revela conhecimento e seguran\u00e7a doutrin\u00e1ria ao esclarecer esses assuntos \u00e0 luz da Doutrina Esp\u00edrita, com a qualidade rara de quem escreve como se convidasse o leitor para uma boa e fraterna conversa. Um livro essencial para nos encher de esperan\u00e7a e da certeza de que a morte do corpo n\u00e3o \u00e9 o fim da vida, refor\u00e7ando ainda uma verdade muito antiga: aprende a bem viver e bem saber\u00e1s morrer.<\/p>\n","protected":false},"excerpt":{"rendered":"<p>A partir dessa indaga\u00e7\u00e3o, Richard Simonetti nos convida a pensar sobre a desencarna\u00e7\u00e3o em uma perspectiva esp\u00edrita, desfazendo medos, mitos, tabus e mist\u00e9rios que costumam cercar o tema. Em cap\u00edtulos curtos, com linguagem leve, mesmo diante de quest\u00f5es delicadas, como o suic\u00eddio, o aborto, a morte de crian\u00e7as e a eutan\u00e1sia, o autor revela conhecimento [&#8230;]\n","protected":false},"featured_media":2788,"comment_status":"open","ping_status":"closed","template":"","meta":{"_mi_skip_tracking":false},"product_cat":[23],"product_tag":[],"class_list":{"0":"post-2786","1":"product","2":"type-product","3":"status-publish","4":"has-post-thumbnail","6":"product_cat-clube-do-livro-adulto","8":"first","9":"instock","10":"shipping-taxable","11":"product-type-simple"},"_links":{"self":[{"href":"https:\/\/clubedolivrofec.com.br\/index.php?rest_route=\/wp\/v2\/product\/2786","targetHints":{"allow":["GET"]}}],"collection":[{"href":"https:\/\/clubedolivrofec.com.br\/index.php?rest_route=\/wp\/v2\/product"}],"about":[{"href":"https:\/\/clubedolivrofec.com.br\/index.php?rest_route=\/wp\/v2\/types\/product"}],"replies":[{"embeddable":true,"href":"https:\/\/clubedolivrofec.com.br\/index.php?rest_route=%2Fwp%2Fv2%2Fcomments&post=2786"}],"wp:featuredmedia":[{"embeddable":true,"href":"https:\/\/clubedolivrofec.com.br\/index.php?rest_route=\/wp\/v2\/media\/2788"}],"wp:attachment":[{"href":"https:\/\/clubedolivrofec.com.br\/index.php?rest_route=%2Fwp%2Fv2%2Fmedia&parent=2786"}],"wp:term":[{"taxonomy":"product_cat","embeddable":true,"href":"https:\/\/clubedolivrofec.com.br\/index.php?rest_route=%2Fwp%2Fv2%2Fproduct_cat&post=2786"},{"taxonomy":"product_tag","embeddable":true,"href":"https:\/\/clubedolivrofec.com.br\/index.php?rest_route=%2Fwp%2Fv2%2Fproduct_tag&post=2786"}],"curies":[{"name":"wp","href":"https:\/\/api.w.org\/{rel}","templated":true}]}}