{"id":2784,"date":"2023-12-03T09:40:15","date_gmt":"2023-12-03T09:40:15","guid":{"rendered":"http:\/\/clubedolivrofec.com.br\/?post_type=product&#038;p=2784"},"modified":"2023-12-06T02:17:41","modified_gmt":"2023-12-06T02:17:41","slug":"abril-2024","status":"publish","type":"product","link":"https:\/\/clubedolivrofec.com.br\/?product=abril-2024","title":{"rendered":"Abril 2024"},"content":{"rendered":"<p>Conhecido do grande p\u00fablico pelas obras em que revela a vida no Mundo Espiritual, Andr\u00e9 Luiz ditou importantes livros de mensagens, que se tornaram indispens\u00e1veis cl\u00e1ssicos da literatura esp\u00edrita, como Agenda crist\u00e3, Conduta esp\u00edrita e Sinal verde. A essa ilustre estante pertence tamb\u00e9m a obra valiosa que o leitor tem em m\u00e3o. Em 70 cap\u00edtulos, estas p\u00e1ginas s\u00e3o como raios solares aquecendo nosso cosmo interior. Al\u00e9m de luz e esclarecimento, servem como fonte de energia para aplicarmos nos mais diversos setores da vida e do trabalho na seara crist\u00e3. Com sua for\u00e7a e magnetismo, o Sol sustenta todo o sistema planet\u00e1rio. Assim tamb\u00e9m o Espiritismo, ao alimentar nossas almas. V\u00f3s sois a luz do mundo \u2013disse o Cristo com seu verbo imortal, cujo sentido profundo Andr\u00e9 Luiz reverbera em Sol nas almas, a fim de que tenhamos bastante luz a brilhar pela eternidade e al\u00e9m.<\/p>\n","protected":false},"excerpt":{"rendered":"<p>Conhecido do grande p\u00fablico pelas obras em que revela a vida no Mundo Espiritual, Andr\u00e9 Luiz ditou importantes livros de mensagens, que se tornaram indispens\u00e1veis cl\u00e1ssicos da literatura esp\u00edrita, como Agenda crist\u00e3, Conduta esp\u00edrita e Sinal verde. A essa ilustre estante pertence tamb\u00e9m a obra valiosa que o leitor tem em m\u00e3o. Em 70 cap\u00edtulos, [&#8230;]\n","protected":false},"featured_media":2791,"comment_status":"open","ping_status":"closed","template":"","meta":{"_mi_skip_tracking":false},"product_cat":[23],"product_tag":[],"class_list":{"0":"post-2784","1":"product","2":"type-product","3":"status-publish","4":"has-post-thumbnail","6":"product_cat-clube-do-livro-adulto","8":"first","9":"instock","10":"shipping-taxable","11":"product-type-simple"},"_links":{"self":[{"href":"https:\/\/clubedolivrofec.com.br\/index.php?rest_route=\/wp\/v2\/product\/2784","targetHints":{"allow":["GET"]}}],"collection":[{"href":"https:\/\/clubedolivrofec.com.br\/index.php?rest_route=\/wp\/v2\/product"}],"about":[{"href":"https:\/\/clubedolivrofec.com.br\/index.php?rest_route=\/wp\/v2\/types\/product"}],"replies":[{"embeddable":true,"href":"https:\/\/clubedolivrofec.com.br\/index.php?rest_route=%2Fwp%2Fv2%2Fcomments&post=2784"}],"wp:featuredmedia":[{"embeddable":true,"href":"https:\/\/clubedolivrofec.com.br\/index.php?rest_route=\/wp\/v2\/media\/2791"}],"wp:attachment":[{"href":"https:\/\/clubedolivrofec.com.br\/index.php?rest_route=%2Fwp%2Fv2%2Fmedia&parent=2784"}],"wp:term":[{"taxonomy":"product_cat","embeddable":true,"href":"https:\/\/clubedolivrofec.com.br\/index.php?rest_route=%2Fwp%2Fv2%2Fproduct_cat&post=2784"},{"taxonomy":"product_tag","embeddable":true,"href":"https:\/\/clubedolivrofec.com.br\/index.php?rest_route=%2Fwp%2Fv2%2Fproduct_tag&post=2784"}],"curies":[{"name":"wp","href":"https:\/\/api.w.org\/{rel}","templated":true}]}}