{"id":2756,"date":"2023-06-30T20:37:23","date_gmt":"2023-06-30T20:37:23","guid":{"rendered":"https:\/\/clubedolivrofec.com.br\/?post_type=product&#038;p=2756"},"modified":"2023-06-30T20:40:27","modified_gmt":"2023-06-30T20:40:27","slug":"fevereiro-24","status":"publish","type":"product","link":"https:\/\/clubedolivrofec.com.br\/?product=fevereiro-24","title":{"rendered":"Fevereiro 24"},"content":{"rendered":"<p>Para abrir os caminhos daqueles que pretendem encontrar a verdadeira felicidade, o Esp\u00edrito Andr\u00e9 Luiz escreveu \u2018Sinal verde\u2019 &#8211; um dos maiores sucessos da literatura esp\u00edrita dos \u00faltimos anos. P\u00e1ginas de sabedoria e eleva\u00e7\u00e3o, psicografadas por Francisco C\u00e2ndido Xavier, se abrem no cotidiano, focalizando nosso comportamento frente \u00e0s solicita\u00e7\u00f5es da vida. Atento \u00e0s dificuldades com as quais nos defrontamos, Andr\u00e9 Luiz &#8211; que \u00e9 um m\u00e9dico de almas n\u00e3o hesita em apontar as causas das nossas afli\u00e7\u00f5es, indicando, ao mesmo tempo, o receitu\u00e1rio oportuno para a sa\u00fade do corpo e do esp\u00edrito.<\/p>\n","protected":false},"excerpt":{"rendered":"<p>Para abrir os caminhos daqueles que pretendem encontrar a verdadeira felicidade, o Esp\u00edrito Andr\u00e9 Luiz escreveu \u2018Sinal verde\u2019 &#8211; um dos maiores sucessos da literatura esp\u00edrita dos \u00faltimos anos. P\u00e1ginas de sabedoria e eleva\u00e7\u00e3o, psicografadas por Francisco C\u00e2ndido Xavier, se abrem no cotidiano, focalizando nosso comportamento frente \u00e0s solicita\u00e7\u00f5es da vida. Atento \u00e0s dificuldades com [&#8230;]\n","protected":false},"featured_media":2753,"comment_status":"open","ping_status":"closed","template":"","meta":{"_mi_skip_tracking":false},"product_cat":[23],"product_tag":[],"class_list":{"0":"post-2756","1":"product","2":"type-product","3":"status-publish","4":"has-post-thumbnail","6":"product_cat-clube-do-livro-adulto","8":"first","9":"instock","10":"shipping-taxable","11":"product-type-simple"},"_links":{"self":[{"href":"https:\/\/clubedolivrofec.com.br\/index.php?rest_route=\/wp\/v2\/product\/2756","targetHints":{"allow":["GET"]}}],"collection":[{"href":"https:\/\/clubedolivrofec.com.br\/index.php?rest_route=\/wp\/v2\/product"}],"about":[{"href":"https:\/\/clubedolivrofec.com.br\/index.php?rest_route=\/wp\/v2\/types\/product"}],"replies":[{"embeddable":true,"href":"https:\/\/clubedolivrofec.com.br\/index.php?rest_route=%2Fwp%2Fv2%2Fcomments&post=2756"}],"wp:featuredmedia":[{"embeddable":true,"href":"https:\/\/clubedolivrofec.com.br\/index.php?rest_route=\/wp\/v2\/media\/2753"}],"wp:attachment":[{"href":"https:\/\/clubedolivrofec.com.br\/index.php?rest_route=%2Fwp%2Fv2%2Fmedia&parent=2756"}],"wp:term":[{"taxonomy":"product_cat","embeddable":true,"href":"https:\/\/clubedolivrofec.com.br\/index.php?rest_route=%2Fwp%2Fv2%2Fproduct_cat&post=2756"},{"taxonomy":"product_tag","embeddable":true,"href":"https:\/\/clubedolivrofec.com.br\/index.php?rest_route=%2Fwp%2Fv2%2Fproduct_tag&post=2756"}],"curies":[{"name":"wp","href":"https:\/\/api.w.org\/{rel}","templated":true}]}}