{"id":2754,"date":"2023-06-30T20:36:36","date_gmt":"2023-06-30T20:36:36","guid":{"rendered":"https:\/\/clubedolivrofec.com.br\/?post_type=product&#038;p=2754"},"modified":"2023-06-30T20:36:36","modified_gmt":"2023-06-30T20:36:36","slug":"dezembro-2023-2","status":"publish","type":"product","link":"https:\/\/clubedolivrofec.com.br\/?product=dezembro-2023-2","title":{"rendered":"Dezembro 2023"},"content":{"rendered":"<p>Com aux\u00edlio da psicografia de Francisco C\u00e2ndido Xavier, o Esp\u00edrito Humberto de Campos apresenta 30 epis\u00f3dios relacionados ao Cristo, seus disc\u00edpulos e importantes personagens b\u00edblicos, como Zebedeu, Maria de Magdala, Pedro, Tom\u00e9 e outros, que tiveram suas exist\u00eancias tocadas pelos ensinamentos e amor de Jesus. O Mestre, com sua palavra consoladora, ofereceu eternas li\u00e7\u00f5es de sabedoria para a humanidade.<\/p>\n","protected":false},"excerpt":{"rendered":"<p>Com aux\u00edlio da psicografia de Francisco C\u00e2ndido Xavier, o Esp\u00edrito Humberto de Campos apresenta 30 epis\u00f3dios relacionados ao Cristo, seus disc\u00edpulos e importantes personagens b\u00edblicos, como Zebedeu, Maria de Magdala, Pedro, Tom\u00e9 e outros, que tiveram suas exist\u00eancias tocadas pelos ensinamentos e amor de Jesus. O Mestre, com sua palavra consoladora, ofereceu eternas li\u00e7\u00f5es de [&#8230;]\n","protected":false},"featured_media":2755,"comment_status":"open","ping_status":"closed","template":"","meta":{"_mi_skip_tracking":false},"product_cat":[23],"product_tag":[],"class_list":{"0":"post-2754","1":"product","2":"type-product","3":"status-publish","4":"has-post-thumbnail","6":"product_cat-clube-do-livro-adulto","8":"first","9":"instock","10":"shipping-taxable","11":"product-type-simple"},"_links":{"self":[{"href":"https:\/\/clubedolivrofec.com.br\/index.php?rest_route=\/wp\/v2\/product\/2754","targetHints":{"allow":["GET"]}}],"collection":[{"href":"https:\/\/clubedolivrofec.com.br\/index.php?rest_route=\/wp\/v2\/product"}],"about":[{"href":"https:\/\/clubedolivrofec.com.br\/index.php?rest_route=\/wp\/v2\/types\/product"}],"replies":[{"embeddable":true,"href":"https:\/\/clubedolivrofec.com.br\/index.php?rest_route=%2Fwp%2Fv2%2Fcomments&post=2754"}],"wp:featuredmedia":[{"embeddable":true,"href":"https:\/\/clubedolivrofec.com.br\/index.php?rest_route=\/wp\/v2\/media\/2755"}],"wp:attachment":[{"href":"https:\/\/clubedolivrofec.com.br\/index.php?rest_route=%2Fwp%2Fv2%2Fmedia&parent=2754"}],"wp:term":[{"taxonomy":"product_cat","embeddable":true,"href":"https:\/\/clubedolivrofec.com.br\/index.php?rest_route=%2Fwp%2Fv2%2Fproduct_cat&post=2754"},{"taxonomy":"product_tag","embeddable":true,"href":"https:\/\/clubedolivrofec.com.br\/index.php?rest_route=%2Fwp%2Fv2%2Fproduct_tag&post=2754"}],"curies":[{"name":"wp","href":"https:\/\/api.w.org\/{rel}","templated":true}]}}