{"id":2749,"date":"2023-05-31T00:26:20","date_gmt":"2023-05-31T00:26:20","guid":{"rendered":"http:\/\/clubedolivrofec.com.br\/?post_type=product&#038;p=2749"},"modified":"2023-05-31T00:26:20","modified_gmt":"2023-05-31T00:26:20","slug":"dezembro-2023","status":"publish","type":"product","link":"https:\/\/clubedolivrofec.com.br\/?product=dezembro-2023","title":{"rendered":"Dezembro.2023"},"content":{"rendered":"<p>Desenvolver empatia \u00e9 uma atitude muito importante para quem deseja progredir moralmente. Significa se colocar no lugar don outro, procurar sentir as suas dores, entender as suas lutas e ter respeito por elas. Nesta hist\u00f3ria, acompanhamos dois meninos que, mesmo com as dificuldades, descobriram, juntos, o valor da empatia. Uma li\u00e7\u00e3o que ir\u00e1 tocar o cora\u00e7\u00e3o das crian\u00e7as e inspirar a solidariedade e o amor. Amor, Crian\u00e7a, Empatia, Solidariedade.<\/p>\n","protected":false},"excerpt":{"rendered":"<p>Desenvolver empatia \u00e9 uma atitude muito importante para quem deseja progredir moralmente. Significa se colocar no lugar don outro, procurar sentir as suas dores, entender as suas lutas e ter respeito por elas. Nesta hist\u00f3ria, acompanhamos dois meninos que, mesmo com as dificuldades, descobriram, juntos, o valor da empatia. Uma li\u00e7\u00e3o que ir\u00e1 tocar o [&#8230;]\n","protected":false},"featured_media":2750,"comment_status":"open","ping_status":"closed","template":"","meta":{"_mi_skip_tracking":false},"product_cat":[24],"product_tag":[],"class_list":{"0":"post-2749","1":"product","2":"type-product","3":"status-publish","4":"has-post-thumbnail","6":"product_cat-clube-do-livro-infantil","8":"first","9":"instock","10":"shipping-taxable","11":"product-type-simple"},"_links":{"self":[{"href":"https:\/\/clubedolivrofec.com.br\/index.php?rest_route=\/wp\/v2\/product\/2749","targetHints":{"allow":["GET"]}}],"collection":[{"href":"https:\/\/clubedolivrofec.com.br\/index.php?rest_route=\/wp\/v2\/product"}],"about":[{"href":"https:\/\/clubedolivrofec.com.br\/index.php?rest_route=\/wp\/v2\/types\/product"}],"replies":[{"embeddable":true,"href":"https:\/\/clubedolivrofec.com.br\/index.php?rest_route=%2Fwp%2Fv2%2Fcomments&post=2749"}],"wp:featuredmedia":[{"embeddable":true,"href":"https:\/\/clubedolivrofec.com.br\/index.php?rest_route=\/wp\/v2\/media\/2750"}],"wp:attachment":[{"href":"https:\/\/clubedolivrofec.com.br\/index.php?rest_route=%2Fwp%2Fv2%2Fmedia&parent=2749"}],"wp:term":[{"taxonomy":"product_cat","embeddable":true,"href":"https:\/\/clubedolivrofec.com.br\/index.php?rest_route=%2Fwp%2Fv2%2Fproduct_cat&post=2749"},{"taxonomy":"product_tag","embeddable":true,"href":"https:\/\/clubedolivrofec.com.br\/index.php?rest_route=%2Fwp%2Fv2%2Fproduct_tag&post=2749"}],"curies":[{"name":"wp","href":"https:\/\/api.w.org\/{rel}","templated":true}]}}