{"id":2747,"date":"2023-05-31T00:24:50","date_gmt":"2023-05-31T00:24:50","guid":{"rendered":"http:\/\/clubedolivrofec.com.br\/?post_type=product&#038;p=2747"},"modified":"2023-05-31T00:24:50","modified_gmt":"2023-05-31T00:24:50","slug":"outubro-2023-2","status":"publish","type":"product","link":"https:\/\/clubedolivrofec.com.br\/?product=outubro-2023-2","title":{"rendered":"Outubro.2023"},"content":{"rendered":"<p>Depois de aprender sobre sustentabilidade, Alvinho conta com a ajuda de seus pais para construir um rob\u00f4 de material recicl\u00e1vel para seu projeto de ci\u00eancias e se divertir com seus amigos. Hist\u00f3ria que emociona, encanta e ensina, ao mesmo tempo que faz pensar para se cuidar melhor do mundo em que vivemos. Primeiro volume da s\u00e9rie Cuide Mais, que tem a proposta de envolver crian\u00e7as e adultos para a preserva\u00e7\u00e3o dos recursos naturais, preciosos \u00e0 sobreviv\u00eancia humana.<\/p>\n","protected":false},"excerpt":{"rendered":"<p>Depois de aprender sobre sustentabilidade, Alvinho conta com a ajuda de seus pais para construir um rob\u00f4 de material recicl\u00e1vel para seu projeto de ci\u00eancias e se divertir com seus amigos. Hist\u00f3ria que emociona, encanta e ensina, ao mesmo tempo que faz pensar para se cuidar melhor do mundo em que vivemos. Primeiro volume da [&#8230;]\n","protected":false},"featured_media":2748,"comment_status":"open","ping_status":"closed","template":"","meta":{"_mi_skip_tracking":false},"product_cat":[24],"product_tag":[],"class_list":{"0":"post-2747","1":"product","2":"type-product","3":"status-publish","4":"has-post-thumbnail","6":"product_cat-clube-do-livro-infantil","8":"first","9":"instock","10":"shipping-taxable","11":"product-type-simple"},"_links":{"self":[{"href":"https:\/\/clubedolivrofec.com.br\/index.php?rest_route=\/wp\/v2\/product\/2747","targetHints":{"allow":["GET"]}}],"collection":[{"href":"https:\/\/clubedolivrofec.com.br\/index.php?rest_route=\/wp\/v2\/product"}],"about":[{"href":"https:\/\/clubedolivrofec.com.br\/index.php?rest_route=\/wp\/v2\/types\/product"}],"replies":[{"embeddable":true,"href":"https:\/\/clubedolivrofec.com.br\/index.php?rest_route=%2Fwp%2Fv2%2Fcomments&post=2747"}],"wp:featuredmedia":[{"embeddable":true,"href":"https:\/\/clubedolivrofec.com.br\/index.php?rest_route=\/wp\/v2\/media\/2748"}],"wp:attachment":[{"href":"https:\/\/clubedolivrofec.com.br\/index.php?rest_route=%2Fwp%2Fv2%2Fmedia&parent=2747"}],"wp:term":[{"taxonomy":"product_cat","embeddable":true,"href":"https:\/\/clubedolivrofec.com.br\/index.php?rest_route=%2Fwp%2Fv2%2Fproduct_cat&post=2747"},{"taxonomy":"product_tag","embeddable":true,"href":"https:\/\/clubedolivrofec.com.br\/index.php?rest_route=%2Fwp%2Fv2%2Fproduct_tag&post=2747"}],"curies":[{"name":"wp","href":"https:\/\/api.w.org\/{rel}","templated":true}]}}