{"id":2745,"date":"2023-05-31T00:23:25","date_gmt":"2023-05-31T00:23:25","guid":{"rendered":"http:\/\/clubedolivrofec.com.br\/?post_type=product&#038;p=2745"},"modified":"2024-10-24T17:57:16","modified_gmt":"2024-10-24T17:57:16","slug":"agosto-2023-2","status":"publish","type":"product","link":"https:\/\/clubedolivrofec.com.br\/?product=agosto-2023-2","title":{"rendered":"Agosto 2023"},"content":{"rendered":"<p>O que poderia acontecer em uma estante repleta de livros? E se eles conversassem entre si, o que diriam? \u00c9 poss\u00edvel que algum deles seja diferente? O que ser\u00e1 que eles t\u00eam de especial? Esta obra apresenta ao p\u00fablico infantil e tamb\u00e9m pais, educadores e evangelizadores, as p\u00e1ginas luminosas do Evangelho, com uma bela surpresa no final.<\/p>\n","protected":false},"excerpt":{"rendered":"<p>O que poderia acontecer em uma estante repleta de livros? E se eles conversassem entre si, o que diriam? \u00c9 poss\u00edvel que algum deles seja diferente? O que ser\u00e1 que eles t\u00eam de especial? Esta obra apresenta ao p\u00fablico infantil e tamb\u00e9m pais, educadores e evangelizadores, as p\u00e1ginas luminosas do Evangelho, com uma bela surpresa [&#8230;]\n","protected":false},"featured_media":2746,"comment_status":"open","ping_status":"closed","template":"","meta":{"_mi_skip_tracking":false},"product_cat":[24],"product_tag":[],"class_list":{"0":"post-2745","1":"product","2":"type-product","3":"status-publish","4":"has-post-thumbnail","6":"product_cat-clube-do-livro-infantil","8":"first","9":"instock","10":"shipping-taxable","11":"product-type-simple"},"_links":{"self":[{"href":"https:\/\/clubedolivrofec.com.br\/index.php?rest_route=\/wp\/v2\/product\/2745","targetHints":{"allow":["GET"]}}],"collection":[{"href":"https:\/\/clubedolivrofec.com.br\/index.php?rest_route=\/wp\/v2\/product"}],"about":[{"href":"https:\/\/clubedolivrofec.com.br\/index.php?rest_route=\/wp\/v2\/types\/product"}],"replies":[{"embeddable":true,"href":"https:\/\/clubedolivrofec.com.br\/index.php?rest_route=%2Fwp%2Fv2%2Fcomments&post=2745"}],"wp:featuredmedia":[{"embeddable":true,"href":"https:\/\/clubedolivrofec.com.br\/index.php?rest_route=\/wp\/v2\/media\/2746"}],"wp:attachment":[{"href":"https:\/\/clubedolivrofec.com.br\/index.php?rest_route=%2Fwp%2Fv2%2Fmedia&parent=2745"}],"wp:term":[{"taxonomy":"product_cat","embeddable":true,"href":"https:\/\/clubedolivrofec.com.br\/index.php?rest_route=%2Fwp%2Fv2%2Fproduct_cat&post=2745"},{"taxonomy":"product_tag","embeddable":true,"href":"https:\/\/clubedolivrofec.com.br\/index.php?rest_route=%2Fwp%2Fv2%2Fproduct_tag&post=2745"}],"curies":[{"name":"wp","href":"https:\/\/api.w.org\/{rel}","templated":true}]}}