{"id":2738,"date":"2023-05-04T23:01:37","date_gmt":"2023-05-04T23:01:37","guid":{"rendered":"https:\/\/clubedolivrofec.com.br\/?post_type=product&#038;p=2738"},"modified":"2023-05-19T01:29:54","modified_gmt":"2023-05-19T01:29:54","slug":"outubro-2023","status":"publish","type":"product","link":"https:\/\/clubedolivrofec.com.br\/?product=outubro-2023","title":{"rendered":"Outubro 2023"},"content":{"rendered":"<p><strong>RECORDA\u00c7\u00d5ES DA MEDIUNIDADE<\/strong><\/p>\n<p>De forma \u00e1gil e envolvente, Yvonne Pereira revela lembran\u00e7as de sua pr\u00f3pria mediunidade e viv\u00eancia como trabalhadora medi\u00fanica, apresentando observa\u00e7\u00f5es sobre diversos fen\u00f4menos que sentiu e presenciou. S\u00e3o diretrizes consistentes para melhor desempenho daqueles que colaboram no campo medi\u00fanico, sempre com prop\u00f3sito de orientar e esclarecer. Orientada pelo esp\u00edrito Bezerra de Menezes, re\u00fane temas como mem\u00f3rias de vidas passadas e sua perman\u00eancia junto ao esp\u00edrito, sonhos e premoni\u00e7\u00f5es, consequ\u00eancias do suic\u00eddio e de outras mortes violentas nas exist\u00eancias futuras, anjos guardi\u00f5es, obsess\u00e3o e letargia, al\u00e9m de elucidar a mediunidade e seus processos<\/p>\n","protected":false},"excerpt":{"rendered":"<p>RECORDA\u00c7\u00d5ES DA MEDIUNIDADE De forma \u00e1gil e envolvente, Yvonne Pereira revela lembran\u00e7as de sua pr\u00f3pria mediunidade e viv\u00eancia como trabalhadora medi\u00fanica, apresentando observa\u00e7\u00f5es sobre diversos fen\u00f4menos que sentiu e presenciou. S\u00e3o diretrizes consistentes para melhor desempenho daqueles que colaboram no campo medi\u00fanico, sempre com prop\u00f3sito de orientar e esclarecer. Orientada pelo esp\u00edrito Bezerra de Menezes, [&#8230;]\n","protected":false},"featured_media":2737,"comment_status":"open","ping_status":"closed","template":"","meta":{"_mi_skip_tracking":false},"product_cat":[23],"product_tag":[],"class_list":{"0":"post-2738","1":"product","2":"type-product","3":"status-publish","4":"has-post-thumbnail","6":"product_cat-clube-do-livro-adulto","8":"first","9":"instock","10":"shipping-taxable","11":"product-type-simple"},"_links":{"self":[{"href":"https:\/\/clubedolivrofec.com.br\/index.php?rest_route=\/wp\/v2\/product\/2738","targetHints":{"allow":["GET"]}}],"collection":[{"href":"https:\/\/clubedolivrofec.com.br\/index.php?rest_route=\/wp\/v2\/product"}],"about":[{"href":"https:\/\/clubedolivrofec.com.br\/index.php?rest_route=\/wp\/v2\/types\/product"}],"replies":[{"embeddable":true,"href":"https:\/\/clubedolivrofec.com.br\/index.php?rest_route=%2Fwp%2Fv2%2Fcomments&post=2738"}],"wp:featuredmedia":[{"embeddable":true,"href":"https:\/\/clubedolivrofec.com.br\/index.php?rest_route=\/wp\/v2\/media\/2737"}],"wp:attachment":[{"href":"https:\/\/clubedolivrofec.com.br\/index.php?rest_route=%2Fwp%2Fv2%2Fmedia&parent=2738"}],"wp:term":[{"taxonomy":"product_cat","embeddable":true,"href":"https:\/\/clubedolivrofec.com.br\/index.php?rest_route=%2Fwp%2Fv2%2Fproduct_cat&post=2738"},{"taxonomy":"product_tag","embeddable":true,"href":"https:\/\/clubedolivrofec.com.br\/index.php?rest_route=%2Fwp%2Fv2%2Fproduct_tag&post=2738"}],"curies":[{"name":"wp","href":"https:\/\/api.w.org\/{rel}","templated":true}]}}