{"id":2722,"date":"2023-05-03T18:54:32","date_gmt":"2023-05-03T18:54:32","guid":{"rendered":"https:\/\/clubedolivrofec.com.br\/?post_type=product&#038;p=2722"},"modified":"2023-05-19T01:29:44","modified_gmt":"2023-05-19T01:29:44","slug":"agosto-2023","status":"publish","type":"product","link":"https:\/\/clubedolivrofec.com.br\/?product=agosto-2023","title":{"rendered":"Agosto 2023"},"content":{"rendered":"<p><strong>GRANJA DO SIL\u00caNCIO<\/strong><\/p>\n<p>Em busca de uma aventura, Dr. Gilles Bodin resolve entrar em uma mans\u00e3o abandonada, chamada por todos os habitantes daquele pequeno vale de Granja do Sil\u00eancio. Neste local, encontra um esp\u00edrito das mais antigas fam\u00edlias nobres da Tur\u00edngia, que lhe revela a hist\u00f3ria do crime que provocou sua morte. Ele ainda faz a previs\u00e3o do pr\u00f3prio renascimento, possibilitando ao m\u00e9dico a conviv\u00eancia com sua reencarna\u00e7\u00e3o, conhecendo toda a sua hist\u00f3ria e sabendo de ambas as exist\u00eancias. Mas, afinal, que prova\u00e7\u00f5es o aguardam? Que fim levaram os respons\u00e1veis por sua morte? Qual o papel da lei de causa e efeito neste caso?<\/p>\n","protected":false},"excerpt":{"rendered":"<p>GRANJA DO SIL\u00caNCIO Em busca de uma aventura, Dr. Gilles Bodin resolve entrar em uma mans\u00e3o abandonada, chamada por todos os habitantes daquele pequeno vale de Granja do Sil\u00eancio. Neste local, encontra um esp\u00edrito das mais antigas fam\u00edlias nobres da Tur\u00edngia, que lhe revela a hist\u00f3ria do crime que provocou sua morte. Ele ainda faz [&#8230;]\n","protected":false},"featured_media":2734,"comment_status":"open","ping_status":"closed","template":"","meta":{"_mi_skip_tracking":false},"product_cat":[23],"product_tag":[],"class_list":{"0":"post-2722","1":"product","2":"type-product","3":"status-publish","4":"has-post-thumbnail","6":"product_cat-clube-do-livro-adulto","8":"first","9":"instock","10":"shipping-taxable","11":"product-type-simple"},"_links":{"self":[{"href":"https:\/\/clubedolivrofec.com.br\/index.php?rest_route=\/wp\/v2\/product\/2722","targetHints":{"allow":["GET"]}}],"collection":[{"href":"https:\/\/clubedolivrofec.com.br\/index.php?rest_route=\/wp\/v2\/product"}],"about":[{"href":"https:\/\/clubedolivrofec.com.br\/index.php?rest_route=\/wp\/v2\/types\/product"}],"replies":[{"embeddable":true,"href":"https:\/\/clubedolivrofec.com.br\/index.php?rest_route=%2Fwp%2Fv2%2Fcomments&post=2722"}],"wp:featuredmedia":[{"embeddable":true,"href":"https:\/\/clubedolivrofec.com.br\/index.php?rest_route=\/wp\/v2\/media\/2734"}],"wp:attachment":[{"href":"https:\/\/clubedolivrofec.com.br\/index.php?rest_route=%2Fwp%2Fv2%2Fmedia&parent=2722"}],"wp:term":[{"taxonomy":"product_cat","embeddable":true,"href":"https:\/\/clubedolivrofec.com.br\/index.php?rest_route=%2Fwp%2Fv2%2Fproduct_cat&post=2722"},{"taxonomy":"product_tag","embeddable":true,"href":"https:\/\/clubedolivrofec.com.br\/index.php?rest_route=%2Fwp%2Fv2%2Fproduct_tag&post=2722"}],"curies":[{"name":"wp","href":"https:\/\/api.w.org\/{rel}","templated":true}]}}