{"id":2720,"date":"2023-05-02T18:49:08","date_gmt":"2023-05-02T18:49:08","guid":{"rendered":"https:\/\/clubedolivrofec.com.br\/?post_type=product&#038;p=2720"},"modified":"2023-05-19T01:29:32","modified_gmt":"2023-05-19T01:29:32","slug":"junho-2023-2","status":"publish","type":"product","link":"https:\/\/clubedolivrofec.com.br\/?product=junho-2023-2","title":{"rendered":"Junho 2023"},"content":{"rendered":"<p><strong>ATALAIA CRIST\u00c3<\/strong><\/p>\n<div>A conduta esp\u00edrita n\u00e3o varia para agradar um ou outro, ela reflete a verdade!<\/div>\n<div><\/div>\n<div>O benfeitor Francisco de Paula Vitor conhece bem a situa\u00e7\u00e3o atual do nosso mundo e escreveu textos diretos, bem densos e fortes, trazendo temas de muita import\u00e2ncia para nossas vidas.<\/div>\n<div>O livro exalta as li\u00e7\u00f5es de Sim\u00e3o Pedro, o qual nosso Padre V\u00edtor chama de Atalaia Crist\u00e3, remetendo aos profetas do antigo testamento que eram chamados atalaias de Deus, por serem respons\u00e1veis por vigiar e alertar o povo. Pedro, nos dias de hoje, \u00e9 nosso sentinela de Cristo, incumbido desse alerta a nossa sociedade dispersa.<\/div>\n<div>Precisamos encontrar o rumo do Cristo imediatamente, viver diariamente seus ensinamentos, e este livro \u00e9 um farol para nos iluminar nessa jornada.<\/div>\n","protected":false},"excerpt":{"rendered":"<p>ATALAIA CRIST\u00c3 A conduta esp\u00edrita n\u00e3o varia para agradar um ou outro, ela reflete a verdade! O benfeitor Francisco de Paula Vitor conhece bem a situa\u00e7\u00e3o atual do nosso mundo e escreveu textos diretos, bem densos e fortes, trazendo temas de muita import\u00e2ncia para nossas vidas. O livro exalta as li\u00e7\u00f5es de Sim\u00e3o Pedro, o [&#8230;]\n","protected":false},"featured_media":2721,"comment_status":"open","ping_status":"closed","template":"","meta":{"_mi_skip_tracking":false},"product_cat":[23],"product_tag":[],"class_list":{"0":"post-2720","1":"product","2":"type-product","3":"status-publish","4":"has-post-thumbnail","6":"product_cat-clube-do-livro-adulto","8":"first","9":"instock","10":"shipping-taxable","11":"product-type-simple"},"_links":{"self":[{"href":"https:\/\/clubedolivrofec.com.br\/index.php?rest_route=\/wp\/v2\/product\/2720","targetHints":{"allow":["GET"]}}],"collection":[{"href":"https:\/\/clubedolivrofec.com.br\/index.php?rest_route=\/wp\/v2\/product"}],"about":[{"href":"https:\/\/clubedolivrofec.com.br\/index.php?rest_route=\/wp\/v2\/types\/product"}],"replies":[{"embeddable":true,"href":"https:\/\/clubedolivrofec.com.br\/index.php?rest_route=%2Fwp%2Fv2%2Fcomments&post=2720"}],"wp:featuredmedia":[{"embeddable":true,"href":"https:\/\/clubedolivrofec.com.br\/index.php?rest_route=\/wp\/v2\/media\/2721"}],"wp:attachment":[{"href":"https:\/\/clubedolivrofec.com.br\/index.php?rest_route=%2Fwp%2Fv2%2Fmedia&parent=2720"}],"wp:term":[{"taxonomy":"product_cat","embeddable":true,"href":"https:\/\/clubedolivrofec.com.br\/index.php?rest_route=%2Fwp%2Fv2%2Fproduct_cat&post=2720"},{"taxonomy":"product_tag","embeddable":true,"href":"https:\/\/clubedolivrofec.com.br\/index.php?rest_route=%2Fwp%2Fv2%2Fproduct_tag&post=2720"}],"curies":[{"name":"wp","href":"https:\/\/api.w.org\/{rel}","templated":true}]}}