{"id":2546,"date":"2023-04-02T12:50:44","date_gmt":"2023-04-02T12:50:44","guid":{"rendered":"https:\/\/clubedolivrofec.com.br\/?post_type=product&#038;p=2546"},"modified":"2023-12-06T18:14:04","modified_gmt":"2023-12-06T18:14:04","slug":"junho-2023","status":"publish","type":"product","link":"https:\/\/clubedolivrofec.com.br\/?product=junho-2023","title":{"rendered":"Junho 2023"},"content":{"rendered":"<p><strong>AS TR\u00caS PENEIRAS<\/strong><\/p>\n<p>Pedrinho e seus amigos tinham a mania de colocar apelidos nos colegas. Isso deixava os colegas tristes e chateados. Um dia aconteceu com ele e ent\u00e3o percebeu o quanto o bullying machuca&#8230; Essa hist\u00f3ria fala das consequ\u00eancias que essa atitude causa \u00e0s rela\u00e7\u00f5es e sobre a necessidade das nossas conversas e opini\u00f5es serem embasadas nas virtudes da verdade, bondade e utilidade. Baseado na hist\u00f3ria &#8221;As Peneiras da Sabedoria de S\u00f3crates&#8221;.<\/p>\n","protected":false},"excerpt":{"rendered":"<p>AS TR\u00caS PENEIRAS Pedrinho e seus amigos tinham a mania de colocar apelidos nos colegas. Isso deixava os colegas tristes e chateados. Um dia aconteceu com ele e ent\u00e3o percebeu o quanto o bullying machuca&#8230; Essa hist\u00f3ria fala das consequ\u00eancias que essa atitude causa \u00e0s rela\u00e7\u00f5es e sobre a necessidade das nossas conversas e opini\u00f5es [&#8230;]\n","protected":false},"featured_media":2793,"comment_status":"open","ping_status":"closed","template":"","meta":{"_mi_skip_tracking":false},"product_cat":[24],"product_tag":[],"class_list":{"0":"post-2546","1":"product","2":"type-product","3":"status-publish","4":"has-post-thumbnail","6":"product_cat-clube-do-livro-infantil","8":"first","9":"instock","10":"shipping-taxable","11":"product-type-simple"},"_links":{"self":[{"href":"https:\/\/clubedolivrofec.com.br\/index.php?rest_route=\/wp\/v2\/product\/2546","targetHints":{"allow":["GET"]}}],"collection":[{"href":"https:\/\/clubedolivrofec.com.br\/index.php?rest_route=\/wp\/v2\/product"}],"about":[{"href":"https:\/\/clubedolivrofec.com.br\/index.php?rest_route=\/wp\/v2\/types\/product"}],"replies":[{"embeddable":true,"href":"https:\/\/clubedolivrofec.com.br\/index.php?rest_route=%2Fwp%2Fv2%2Fcomments&post=2546"}],"wp:featuredmedia":[{"embeddable":true,"href":"https:\/\/clubedolivrofec.com.br\/index.php?rest_route=\/wp\/v2\/media\/2793"}],"wp:attachment":[{"href":"https:\/\/clubedolivrofec.com.br\/index.php?rest_route=%2Fwp%2Fv2%2Fmedia&parent=2546"}],"wp:term":[{"taxonomy":"product_cat","embeddable":true,"href":"https:\/\/clubedolivrofec.com.br\/index.php?rest_route=%2Fwp%2Fv2%2Fproduct_cat&post=2546"},{"taxonomy":"product_tag","embeddable":true,"href":"https:\/\/clubedolivrofec.com.br\/index.php?rest_route=%2Fwp%2Fv2%2Fproduct_tag&post=2546"}],"curies":[{"name":"wp","href":"https:\/\/api.w.org\/{rel}","templated":true}]}}