{"id":2544,"date":"2023-04-01T12:49:27","date_gmt":"2023-04-01T12:49:27","guid":{"rendered":"https:\/\/clubedolivrofec.com.br\/?post_type=product&#038;p=2544"},"modified":"2023-12-06T18:14:54","modified_gmt":"2023-12-06T18:14:54","slug":"abril-2023","status":"publish","type":"product","link":"https:\/\/clubedolivrofec.com.br\/?product=abril-2023","title":{"rendered":"Abril 2023"},"content":{"rendered":"<p><strong>EU = TU = N\u00d3S SOMOS BRASILEIROS<\/strong><\/p>\n<p>A obra traz ao leitor a reflex\u00e3o sobre o papel do Brasil em receber diversos povos, criando a cultura de uma diversidade de ra\u00e7as que formam um pa\u00eds acolhedor onde todos podem se sentir brasileiros. Temas como igualdade, fraternidade, diversidade permeiam esta obra de forma l\u00fadica onde a p\u00e1tria do Evangelho ensina nossas crian\u00e7as como formar o cora\u00e7\u00e3o do mundo.<\/p>\n","protected":false},"excerpt":{"rendered":"<p>EU = TU = N\u00d3S SOMOS BRASILEIROS A obra traz ao leitor a reflex\u00e3o sobre o papel do Brasil em receber diversos povos, criando a cultura de uma diversidade de ra\u00e7as que formam um pa\u00eds acolhedor onde todos podem se sentir brasileiros. Temas como igualdade, fraternidade, diversidade permeiam esta obra de forma l\u00fadica onde a [&#8230;]\n","protected":false},"featured_media":2792,"comment_status":"open","ping_status":"closed","template":"","meta":{"_mi_skip_tracking":false},"product_cat":[24],"product_tag":[],"class_list":{"0":"post-2544","1":"product","2":"type-product","3":"status-publish","4":"has-post-thumbnail","6":"product_cat-clube-do-livro-infantil","8":"first","9":"instock","10":"shipping-taxable","11":"product-type-simple"},"_links":{"self":[{"href":"https:\/\/clubedolivrofec.com.br\/index.php?rest_route=\/wp\/v2\/product\/2544","targetHints":{"allow":["GET"]}}],"collection":[{"href":"https:\/\/clubedolivrofec.com.br\/index.php?rest_route=\/wp\/v2\/product"}],"about":[{"href":"https:\/\/clubedolivrofec.com.br\/index.php?rest_route=\/wp\/v2\/types\/product"}],"replies":[{"embeddable":true,"href":"https:\/\/clubedolivrofec.com.br\/index.php?rest_route=%2Fwp%2Fv2%2Fcomments&post=2544"}],"wp:featuredmedia":[{"embeddable":true,"href":"https:\/\/clubedolivrofec.com.br\/index.php?rest_route=\/wp\/v2\/media\/2792"}],"wp:attachment":[{"href":"https:\/\/clubedolivrofec.com.br\/index.php?rest_route=%2Fwp%2Fv2%2Fmedia&parent=2544"}],"wp:term":[{"taxonomy":"product_cat","embeddable":true,"href":"https:\/\/clubedolivrofec.com.br\/index.php?rest_route=%2Fwp%2Fv2%2Fproduct_cat&post=2544"},{"taxonomy":"product_tag","embeddable":true,"href":"https:\/\/clubedolivrofec.com.br\/index.php?rest_route=%2Fwp%2Fv2%2Fproduct_tag&post=2544"}],"curies":[{"name":"wp","href":"https:\/\/api.w.org\/{rel}","templated":true}]}}