{"id":2542,"date":"2022-02-01T12:41:00","date_gmt":"2022-02-01T12:41:00","guid":{"rendered":"https:\/\/clubedolivrofec.com.br\/?post_type=product&#038;p=2542"},"modified":"2023-05-19T01:28:21","modified_gmt":"2023-05-19T01:28:21","slug":"fevereiro-2022","status":"publish","type":"product","link":"https:\/\/clubedolivrofec.com.br\/?product=fevereiro-2022","title":{"rendered":"Fevereiro 2022"},"content":{"rendered":"<p><strong>COTIDIANO &amp; FELICIDADE<\/strong><\/p>\n<p>A busca pela felicidade tem sido o objetivo maior de todas as criaturas, em todas as \u00e9pocas da hist\u00f3ria da humanidade. Guerras, amores, mortes, alegrias, tristezas, tudo se relaciona pela busca, pr\u00f3pria ou alheia. A filosofia nasce justamente para explicar o sentido das coisas, mas tamb\u00e9m para tentar auxiliar o homem nesta dif\u00edcil miss\u00e3o. Tamb\u00e9m as religi\u00f5es t\u00eam se sucedido na tarefa de mostrar meios para encaminhar o homem a Deus, a fim de que obtenha, assim, sua paz interior. Este trabalho apresenta roteiro para compreender melhor os mais diversos assuntos, auxiliando nesta busca incans\u00e1vel pela felicidade. Alguns assuntos abordados: perd\u00e3o, conviv\u00eancia, desapego, prece, entre outros.<\/p>\n<p>Autor: Luis Roberto Scholl<\/p>\n<p>Assunto: Espiritualidade<\/p>\n<p>Idioma: Portugues<\/p>\n<p>Editora: FERGS<\/p>\n<p>ISBN: 9788561520465<\/p>\n<p>Paginas: 308<\/p>\n<p>Dimens\u00f5es: 23,00 cm x 16,00 cm<\/p>\n","protected":false},"excerpt":{"rendered":"<p>COTIDIANO &amp; FELICIDADE A busca pela felicidade tem sido o objetivo maior de todas as criaturas, em todas as \u00e9pocas da hist\u00f3ria da humanidade. Guerras, amores, mortes, alegrias, tristezas, tudo se relaciona pela busca, pr\u00f3pria ou alheia. A filosofia nasce justamente para explicar o sentido das coisas, mas tamb\u00e9m para tentar auxiliar o homem nesta [&#8230;]\n","protected":false},"featured_media":2661,"comment_status":"open","ping_status":"closed","template":"","meta":{"_mi_skip_tracking":false},"product_cat":[23],"product_tag":[],"class_list":{"0":"post-2542","1":"product","2":"type-product","3":"status-publish","4":"has-post-thumbnail","6":"product_cat-clube-do-livro-adulto","8":"first","9":"instock","10":"shipping-taxable","11":"product-type-simple"},"_links":{"self":[{"href":"https:\/\/clubedolivrofec.com.br\/index.php?rest_route=\/wp\/v2\/product\/2542","targetHints":{"allow":["GET"]}}],"collection":[{"href":"https:\/\/clubedolivrofec.com.br\/index.php?rest_route=\/wp\/v2\/product"}],"about":[{"href":"https:\/\/clubedolivrofec.com.br\/index.php?rest_route=\/wp\/v2\/types\/product"}],"replies":[{"embeddable":true,"href":"https:\/\/clubedolivrofec.com.br\/index.php?rest_route=%2Fwp%2Fv2%2Fcomments&post=2542"}],"wp:featuredmedia":[{"embeddable":true,"href":"https:\/\/clubedolivrofec.com.br\/index.php?rest_route=\/wp\/v2\/media\/2661"}],"wp:attachment":[{"href":"https:\/\/clubedolivrofec.com.br\/index.php?rest_route=%2Fwp%2Fv2%2Fmedia&parent=2542"}],"wp:term":[{"taxonomy":"product_cat","embeddable":true,"href":"https:\/\/clubedolivrofec.com.br\/index.php?rest_route=%2Fwp%2Fv2%2Fproduct_cat&post=2542"},{"taxonomy":"product_tag","embeddable":true,"href":"https:\/\/clubedolivrofec.com.br\/index.php?rest_route=%2Fwp%2Fv2%2Fproduct_tag&post=2542"}],"curies":[{"name":"wp","href":"https:\/\/api.w.org\/{rel}","templated":true}]}}