{"id":2540,"date":"2022-04-01T12:40:10","date_gmt":"2022-04-01T12:40:10","guid":{"rendered":"https:\/\/clubedolivrofec.com.br\/?post_type=product&#038;p=2540"},"modified":"2024-11-11T09:29:13","modified_gmt":"2024-11-11T09:29:13","slug":"abril-2022","status":"publish","type":"product","link":"https:\/\/clubedolivrofec.com.br\/?product=abril-2022","title":{"rendered":"Abril 2022"},"content":{"rendered":"<p><strong>ESPIRITUALIDADE NA VIDA<br \/>\n<\/strong><\/p>\n<p>A espiritualidade \u00e9 edificada pela\u00a0 cren\u00e7a em Deus, como Jesus O apresentou \u00e0 humanidade: um pai que \u00e9 soberanamente justo e misericordioso. Aliadas a esta base s\u00f3lida, tem-se tamb\u00e9m, a certeza da imortalidade e a evolu\u00e7\u00e3o da alma atrav\u00e9s das m\u00faltiplas encarna\u00e7\u00f5es, pautada no roteiro luminoso dos ensinamentos do Cristo.<\/p>\n<p>Este livro cont\u00e9m textos, embasados na Doutrina Esp\u00edrita que resultam das reflex\u00f5es colhidas em momentos de estudo e tarefas na seara esp\u00edrita, e tem por objetivo auxiliar o leitor a compreender melhor a vida e viver como Esp\u00edrito imortal, criado simples, mas destina \u00e0 plenitude.<\/p>\n<p>Autor: Cleto Brutes<\/p>\n<p>Assunto: Filosofia, Moral e Espiritualidade<\/p>\n<p>1\u00aa Edi\u00e7\u00e3o<\/p>\n<p>Idioma: Portugues<\/p>\n<p>Editora: FERGS<\/p>\n<p>ISBN: 9786557470862<\/p>\n<p>Paginas: 196<\/p>\n<p>Dimens\u00f5es: 23,00 cm x 16,00 cm<\/p>\n","protected":false},"excerpt":{"rendered":"<p>ESPIRITUALIDADE NA VIDA A espiritualidade \u00e9 edificada pela\u00a0 cren\u00e7a em Deus, como Jesus O apresentou \u00e0 humanidade: um pai que \u00e9 soberanamente justo e misericordioso. Aliadas a esta base s\u00f3lida, tem-se tamb\u00e9m, a certeza da imortalidade e a evolu\u00e7\u00e3o da alma atrav\u00e9s das m\u00faltiplas encarna\u00e7\u00f5es, pautada no roteiro luminoso dos ensinamentos do Cristo. Este livro [&#8230;]\n","protected":false},"featured_media":2662,"comment_status":"open","ping_status":"closed","template":"","meta":{"_mi_skip_tracking":false},"product_cat":[23],"product_tag":[],"class_list":{"0":"post-2540","1":"product","2":"type-product","3":"status-publish","4":"has-post-thumbnail","6":"product_cat-clube-do-livro-adulto","8":"first","9":"instock","10":"shipping-taxable","11":"product-type-simple"},"_links":{"self":[{"href":"https:\/\/clubedolivrofec.com.br\/index.php?rest_route=\/wp\/v2\/product\/2540","targetHints":{"allow":["GET"]}}],"collection":[{"href":"https:\/\/clubedolivrofec.com.br\/index.php?rest_route=\/wp\/v2\/product"}],"about":[{"href":"https:\/\/clubedolivrofec.com.br\/index.php?rest_route=\/wp\/v2\/types\/product"}],"replies":[{"embeddable":true,"href":"https:\/\/clubedolivrofec.com.br\/index.php?rest_route=%2Fwp%2Fv2%2Fcomments&post=2540"}],"wp:featuredmedia":[{"embeddable":true,"href":"https:\/\/clubedolivrofec.com.br\/index.php?rest_route=\/wp\/v2\/media\/2662"}],"wp:attachment":[{"href":"https:\/\/clubedolivrofec.com.br\/index.php?rest_route=%2Fwp%2Fv2%2Fmedia&parent=2540"}],"wp:term":[{"taxonomy":"product_cat","embeddable":true,"href":"https:\/\/clubedolivrofec.com.br\/index.php?rest_route=%2Fwp%2Fv2%2Fproduct_cat&post=2540"},{"taxonomy":"product_tag","embeddable":true,"href":"https:\/\/clubedolivrofec.com.br\/index.php?rest_route=%2Fwp%2Fv2%2Fproduct_tag&post=2540"}],"curies":[{"name":"wp","href":"https:\/\/api.w.org\/{rel}","templated":true}]}}