{"id":2539,"date":"2022-06-01T12:38:58","date_gmt":"2022-06-01T12:38:58","guid":{"rendered":"https:\/\/clubedolivrofec.com.br\/?post_type=product&#038;p=2539"},"modified":"2023-05-19T01:25:38","modified_gmt":"2023-05-19T01:25:38","slug":"junho-2022","status":"publish","type":"product","link":"https:\/\/clubedolivrofec.com.br\/?product=junho-2022","title":{"rendered":"Junho 2022"},"content":{"rendered":"<p><strong>SUBLIME EXPIA\u00c7\u00c3O\u00a0<\/strong><\/p>\n<p>Romance do not\u00e1vel escritor franc\u00eas Victor Hugo, que retorna pela psicografia de Divaldo Pereira Franco, em mais este romance. O autor informa, no pr\u00f3logo, que as vidas que desfilam neste livro s\u00e3o reais. E conclui : \u201cDo leito da hansen\u00edase \u00e0 p\u00e1tria espiritual conhecemos, nas dores de Lucien, uma expia\u00e7\u00e3o sublime \u2013 n\u00f3s que ainda carregamos lepromas morais danosos\u2026 Para a nossa reflex\u00e3o espiritual, como advert\u00eancia e roteiro, fi\u00e9is ao ensinamento de que o enfermo necessita de assist\u00eancia m\u00e9dica escrevemos esta obra.\u201d<\/p>\n<p>Autor: Divaldo Franco (m\u00e9dium), Victor Hugo (esp\u00edrito)<\/p>\n<p>Assunto: Romance<\/p>\n<p>Idioma: Portugues<\/p>\n<p>Editora: FERGS<\/p>\n<p>ISBN: 9788573286809<\/p>\n<p>Paginas: 248<\/p>\n<p>Dimens\u00f5es: 21,00 cm x 14,00 cm<\/p>\n","protected":false},"excerpt":{"rendered":"<p>SUBLIME EXPIA\u00c7\u00c3O\u00a0 Romance do not\u00e1vel escritor franc\u00eas Victor Hugo, que retorna pela psicografia de Divaldo Pereira Franco, em mais este romance. O autor informa, no pr\u00f3logo, que as vidas que desfilam neste livro s\u00e3o reais. E conclui : \u201cDo leito da hansen\u00edase \u00e0 p\u00e1tria espiritual conhecemos, nas dores de Lucien, uma expia\u00e7\u00e3o sublime \u2013 n\u00f3s [&#8230;]\n","protected":false},"featured_media":2663,"comment_status":"open","ping_status":"closed","template":"","meta":{"_mi_skip_tracking":false},"product_cat":[23],"product_tag":[],"class_list":{"0":"post-2539","1":"product","2":"type-product","3":"status-publish","4":"has-post-thumbnail","6":"product_cat-clube-do-livro-adulto","8":"first","9":"instock","10":"shipping-taxable","11":"product-type-simple"},"_links":{"self":[{"href":"https:\/\/clubedolivrofec.com.br\/index.php?rest_route=\/wp\/v2\/product\/2539","targetHints":{"allow":["GET"]}}],"collection":[{"href":"https:\/\/clubedolivrofec.com.br\/index.php?rest_route=\/wp\/v2\/product"}],"about":[{"href":"https:\/\/clubedolivrofec.com.br\/index.php?rest_route=\/wp\/v2\/types\/product"}],"replies":[{"embeddable":true,"href":"https:\/\/clubedolivrofec.com.br\/index.php?rest_route=%2Fwp%2Fv2%2Fcomments&post=2539"}],"wp:featuredmedia":[{"embeddable":true,"href":"https:\/\/clubedolivrofec.com.br\/index.php?rest_route=\/wp\/v2\/media\/2663"}],"wp:attachment":[{"href":"https:\/\/clubedolivrofec.com.br\/index.php?rest_route=%2Fwp%2Fv2%2Fmedia&parent=2539"}],"wp:term":[{"taxonomy":"product_cat","embeddable":true,"href":"https:\/\/clubedolivrofec.com.br\/index.php?rest_route=%2Fwp%2Fv2%2Fproduct_cat&post=2539"},{"taxonomy":"product_tag","embeddable":true,"href":"https:\/\/clubedolivrofec.com.br\/index.php?rest_route=%2Fwp%2Fv2%2Fproduct_tag&post=2539"}],"curies":[{"name":"wp","href":"https:\/\/api.w.org\/{rel}","templated":true}]}}