{"id":2519,"date":"2022-10-01T11:29:06","date_gmt":"2022-10-01T11:29:06","guid":{"rendered":"https:\/\/clubedolivrofec.com.br\/?post_type=product&#038;p=2519"},"modified":"2023-05-19T01:25:09","modified_gmt":"2023-05-19T01:25:09","slug":"outubro-2022","status":"publish","type":"product","link":"https:\/\/clubedolivrofec.com.br\/?product=outubro-2022","title":{"rendered":"Outubro 2022"},"content":{"rendered":"<p><strong>A LEI DO AMOR\u00a0<\/strong><\/p>\n<p>A sociedade passa por um per\u00edodo de transforma\u00e7\u00f5es e desafios que requerem momentos de reflex\u00f5es intensas sobre os problemas do desespero, da melancolia e da falta de f\u00e9, que podem levar ao grave erro do suic\u00eddio. Essa situa\u00e7\u00e3o merece estudo e reflex\u00f5es com vistas a entender as causas e consequ\u00eancias que levam ao desgosto e \u00e0 idea\u00e7\u00e3o suicida. A vida \u00e9 patrim\u00f4nio sagrado, concedido por Deus para a evolu\u00e7\u00e3o dos seres sencientes, capazes de sentir as sensa\u00e7\u00f5es, de perceber o mundo ao seu redor e de ter consci\u00eancia dos pr\u00f3prios atos. Nesta obra s\u00e3o trazidas experi\u00eancias relacionadas a suic\u00eddios ocorridos em diversas situa\u00e7\u00f5es, procurando trat\u00e1-las sob o ponto de vista do sobrevivente, aquele que vivenciou ou presenciou idea\u00e7\u00e3o ou tentativa, a fim de prevenir e diminuir o sofrimento.<\/p>\n<p>Autor:\u00a0 Iraci de Oliveira<\/p>\n<p>Assunto: Suic\u00eddio<\/p>\n<p>Idioma: Portugues<\/p>\n<p>Editora: FERGS<\/p>\n<p>ISBN: 9786557470978<\/p>\n<p>Paginas: 208<\/p>\n<p>Dimens\u00f5es: 16 cm\u00a0 X 23 cm<\/p>\n","protected":false},"excerpt":{"rendered":"<p>A LEI DO AMOR\u00a0 A sociedade passa por um per\u00edodo de transforma\u00e7\u00f5es e desafios que requerem momentos de reflex\u00f5es intensas sobre os problemas do desespero, da melancolia e da falta de f\u00e9, que podem levar ao grave erro do suic\u00eddio. Essa situa\u00e7\u00e3o merece estudo e reflex\u00f5es com vistas a entender as causas e consequ\u00eancias que [&#8230;]\n","protected":false},"featured_media":2665,"comment_status":"open","ping_status":"closed","template":"","meta":{"_mi_skip_tracking":false},"product_cat":[23],"product_tag":[],"class_list":{"0":"post-2519","1":"product","2":"type-product","3":"status-publish","4":"has-post-thumbnail","6":"product_cat-clube-do-livro-adulto","8":"first","9":"instock","10":"shipping-taxable","11":"product-type-simple"},"_links":{"self":[{"href":"https:\/\/clubedolivrofec.com.br\/index.php?rest_route=\/wp\/v2\/product\/2519","targetHints":{"allow":["GET"]}}],"collection":[{"href":"https:\/\/clubedolivrofec.com.br\/index.php?rest_route=\/wp\/v2\/product"}],"about":[{"href":"https:\/\/clubedolivrofec.com.br\/index.php?rest_route=\/wp\/v2\/types\/product"}],"replies":[{"embeddable":true,"href":"https:\/\/clubedolivrofec.com.br\/index.php?rest_route=%2Fwp%2Fv2%2Fcomments&post=2519"}],"wp:featuredmedia":[{"embeddable":true,"href":"https:\/\/clubedolivrofec.com.br\/index.php?rest_route=\/wp\/v2\/media\/2665"}],"wp:attachment":[{"href":"https:\/\/clubedolivrofec.com.br\/index.php?rest_route=%2Fwp%2Fv2%2Fmedia&parent=2519"}],"wp:term":[{"taxonomy":"product_cat","embeddable":true,"href":"https:\/\/clubedolivrofec.com.br\/index.php?rest_route=%2Fwp%2Fv2%2Fproduct_cat&post=2519"},{"taxonomy":"product_tag","embeddable":true,"href":"https:\/\/clubedolivrofec.com.br\/index.php?rest_route=%2Fwp%2Fv2%2Fproduct_tag&post=2519"}],"curies":[{"name":"wp","href":"https:\/\/api.w.org\/{rel}","templated":true}]}}