{"id":2516,"date":"2023-02-01T11:27:17","date_gmt":"2023-02-01T11:27:17","guid":{"rendered":"https:\/\/clubedolivrofec.com.br\/?post_type=product&#038;p=2516"},"modified":"2025-05-15T18:49:37","modified_gmt":"2025-05-15T18:49:37","slug":"fevereiro-2023-2","status":"publish","type":"product","link":"https:\/\/clubedolivrofec.com.br\/?product=fevereiro-2023-2","title":{"rendered":"Fevereiro 2023"},"content":{"rendered":"<p>CONTOS E AP\u00d3LOGOS<\/p>\n<p>O autor espiritual convidanos \u00e0 leitura de seus contos e ap\u00f3logos! \u201cTragote apenas as hist\u00f3rias simples e humildes que ouvi de outros viajores. Recebeas, elas s\u00e3o nossas\u201d. Assim Irm\u00e3o X apresenta a voc\u00ea, caro leitor, esta obra que encerra grande sabedoria nas suas 40 narrativas. \u201cDirte\u00e3o todas elas que, al\u00e9m da morte, floresce a vida\u201d. Em linguagem simples e de f\u00e1cil compreens\u00e3o, o livro mostra, por meio de exemplos da vida cotidiana, temas como vida ap\u00f3s a morte, amor, \u00f3dio, discernimento e tenta\u00e7\u00e3o, entre outros. Assuntos colocados a nossa disposi\u00e7\u00e3o como instrumentos de estudo e sinais de alerta para nossa reforma \u00edntima.<\/p>\n<p>Autor:\u00a0\u00a0<span class=\"author notFaded\" data-width=\"\">Francisco Candido Xavier\u00a0<span class=\"contribution\"><span class=\"a-color-secondary\">(Autor),\u00a0<\/span><\/span><\/span><span class=\"author notFaded\" data-width=\"\">Irm\u00e3o X (Esp\u00edrito)\u00a0<span class=\"contribution\"><span class=\"a-color-secondary\">(Autor)<\/span><\/span><\/span><\/p>\n<p>Idioma: Portugues<\/p>\n<p>Editora: FEB<\/p>\n<p>ISBN: 9788573288728<\/p>\n<p>Paginas: 180<\/p>\n<p>Dimens\u00f5es: 20.8 cm x 13.6 cm<\/p>\n","protected":false},"excerpt":{"rendered":"<p>CONTOS E AP\u00d3LOGOS O autor espiritual convidanos \u00e0 leitura de seus contos e ap\u00f3logos! \u201cTragote apenas as hist\u00f3rias simples e humildes que ouvi de outros viajores. Recebeas, elas s\u00e3o nossas\u201d. Assim Irm\u00e3o X apresenta a voc\u00ea, caro leitor, esta obra que encerra grande sabedoria nas suas 40 narrativas. \u201cDirte\u00e3o todas elas que, al\u00e9m da morte, [&#8230;]\n","protected":false},"featured_media":2667,"comment_status":"open","ping_status":"closed","template":"","meta":{"_mi_skip_tracking":false},"product_cat":[23],"product_tag":[],"class_list":{"0":"post-2516","1":"product","2":"type-product","3":"status-publish","4":"has-post-thumbnail","6":"product_cat-clube-do-livro-adulto","8":"first","9":"instock","10":"shipping-taxable","11":"product-type-simple"},"_links":{"self":[{"href":"https:\/\/clubedolivrofec.com.br\/index.php?rest_route=\/wp\/v2\/product\/2516","targetHints":{"allow":["GET"]}}],"collection":[{"href":"https:\/\/clubedolivrofec.com.br\/index.php?rest_route=\/wp\/v2\/product"}],"about":[{"href":"https:\/\/clubedolivrofec.com.br\/index.php?rest_route=\/wp\/v2\/types\/product"}],"replies":[{"embeddable":true,"href":"https:\/\/clubedolivrofec.com.br\/index.php?rest_route=%2Fwp%2Fv2%2Fcomments&post=2516"}],"wp:featuredmedia":[{"embeddable":true,"href":"https:\/\/clubedolivrofec.com.br\/index.php?rest_route=\/wp\/v2\/media\/2667"}],"wp:attachment":[{"href":"https:\/\/clubedolivrofec.com.br\/index.php?rest_route=%2Fwp%2Fv2%2Fmedia&parent=2516"}],"wp:term":[{"taxonomy":"product_cat","embeddable":true,"href":"https:\/\/clubedolivrofec.com.br\/index.php?rest_route=%2Fwp%2Fv2%2Fproduct_cat&post=2516"},{"taxonomy":"product_tag","embeddable":true,"href":"https:\/\/clubedolivrofec.com.br\/index.php?rest_route=%2Fwp%2Fv2%2Fproduct_tag&post=2516"}],"curies":[{"name":"wp","href":"https:\/\/api.w.org\/{rel}","templated":true}]}}