{"id":2505,"date":"2023-02-18T10:56:38","date_gmt":"2023-02-18T10:56:38","guid":{"rendered":"http:\/\/clubedolivrofec.com.br\/?post_type=product&#038;p=2505"},"modified":"2025-04-13T03:05:02","modified_gmt":"2025-04-13T03:05:02","slug":"fevereiro-2023","status":"publish","type":"product","link":"https:\/\/clubedolivrofec.com.br\/?product=fevereiro-2023","title":{"rendered":"Abril 2023"},"content":{"rendered":"<p>O que podemos saber sobre o Jesus hist\u00f3rico? Em que cen\u00e1rio humano chegou sua mensagem e exemplifica\u00e7\u00e3o? Como foram seus primeiros anos? E seus la\u00e7os de fam\u00edlia? Quatro c\u00edrculos de seguidores se formaram ao seu redor: Jesus teve disc\u00edpulas? Como combateu pacificamente os desacertos religiosos de seu tempo e renovou a lei antiga? De que maneira a sua vis\u00e3o de Deus aclarou o caminho da filosofia? Embora trouxesse nas m\u00e3os a palma da conc\u00f3rdia, o que determinou o calv\u00e1rio e o que, de fato, aconteceu naqueles dias? Como entender sua ressurrei\u00e7\u00e3o? Por que sua doutrina de esclarecimento, toler\u00e2ncia e perd\u00e3o foi desnaturada com os s\u00e9culos? Esses e outros temas s\u00e3o analisados, oferecendo uma moldura da vida de Jesus, da manjedoura a Ema\u00fas, capaz de facultar melhor entendimento a respeito de seu ensino imortal.<\/p>\n<p>Autor: Wesley Soares Caldeira<\/p>\n<p>Idioma: Portugu\u00eas<\/p>\n<p>Editora: FEB<\/p>\n<p>ISBN: 9788584850068<\/p>\n<p>Paginas: 316<\/p>\n<p>Dimens\u00f5es: 16 cm x 23 cm<\/p>\n","protected":false},"excerpt":{"rendered":"<p>O que podemos saber sobre o Jesus hist\u00f3rico? Em que cen\u00e1rio humano chegou sua mensagem e exemplifica\u00e7\u00e3o? Como foram seus primeiros anos? E seus la\u00e7os de fam\u00edlia? Quatro c\u00edrculos de seguidores se formaram ao seu redor: Jesus teve disc\u00edpulas? Como combateu pacificamente os desacertos religiosos de seu tempo e renovou a lei antiga? De que [&#8230;]\n","protected":false},"featured_media":2668,"comment_status":"open","ping_status":"closed","template":"","meta":{"_mi_skip_tracking":false},"product_cat":[23],"product_tag":[],"class_list":{"0":"post-2505","1":"product","2":"type-product","3":"status-publish","4":"has-post-thumbnail","6":"product_cat-clube-do-livro-adulto","8":"first","9":"instock","10":"shipping-taxable","11":"product-type-simple"},"_links":{"self":[{"href":"https:\/\/clubedolivrofec.com.br\/index.php?rest_route=\/wp\/v2\/product\/2505","targetHints":{"allow":["GET"]}}],"collection":[{"href":"https:\/\/clubedolivrofec.com.br\/index.php?rest_route=\/wp\/v2\/product"}],"about":[{"href":"https:\/\/clubedolivrofec.com.br\/index.php?rest_route=\/wp\/v2\/types\/product"}],"replies":[{"embeddable":true,"href":"https:\/\/clubedolivrofec.com.br\/index.php?rest_route=%2Fwp%2Fv2%2Fcomments&post=2505"}],"wp:featuredmedia":[{"embeddable":true,"href":"https:\/\/clubedolivrofec.com.br\/index.php?rest_route=\/wp\/v2\/media\/2668"}],"wp:attachment":[{"href":"https:\/\/clubedolivrofec.com.br\/index.php?rest_route=%2Fwp%2Fv2%2Fmedia&parent=2505"}],"wp:term":[{"taxonomy":"product_cat","embeddable":true,"href":"https:\/\/clubedolivrofec.com.br\/index.php?rest_route=%2Fwp%2Fv2%2Fproduct_cat&post=2505"},{"taxonomy":"product_tag","embeddable":true,"href":"https:\/\/clubedolivrofec.com.br\/index.php?rest_route=%2Fwp%2Fv2%2Fproduct_tag&post=2505"}],"curies":[{"name":"wp","href":"https:\/\/api.w.org\/{rel}","templated":true}]}}