{"id":9,"date":"2020-09-25T08:09:56","date_gmt":"2020-09-25T08:09:56","guid":{"rendered":"http:\/\/clubedolivrofec.com.br\/?page_id=9"},"modified":"2023-10-12T15:30:46","modified_gmt":"2023-10-12T15:30:46","slug":"home","status":"publish","type":"page","link":"https:\/\/clubedolivrofec.com.br\/","title":{"rendered":"HOME"},"content":{"rendered":"\n\t<section class=\"section\" id=\"section_148933663\">\n\t\t<div class=\"bg section-bg fill bg-fill  \" >\n\n\t\t\t\n\t\t\t\n\t\t\t\n\t<div class=\"is-border\"\n\t\tstyle=\"border-color:rgb(235, 235, 235);border-width:1px 0px 0px 0px;\">\n\t<\/div>\n\n\t\t<\/div>\n\n\t\t<div class=\"section-content relative\">\n\t\t\t\n\n<div class=\"row row-large align-center\"  id=\"row-175201645\">\n\n\n\t<div id=\"col-279402479\" class=\"col medium-6 small-12 large-6\"  >\n\t\t<div class=\"col-inner box-shadow-2 box-shadow-5-hover\"  >\n\t\t\t\n\t\t\t\n\n\t<div class=\"img has-hover x md-x lg-x y md-y lg-y\" id=\"image_439708734\">\n\t\t\t\t\t\t\t\t<div class=\"img-inner dark\" >\n\t\t\t<img loading=\"lazy\" decoding=\"async\" width=\"700\" height=\"626\" src=\"https:\/\/clubedolivrofec.com.br\/wp-content\/uploads\/2023\/03\/SeloclubeInfantil.png\" class=\"attachment-large size-large\" alt=\"\" srcset=\"https:\/\/clubedolivrofec.com.br\/wp-content\/uploads\/2023\/03\/SeloclubeInfantil.png 700w, https:\/\/clubedolivrofec.com.br\/wp-content\/uploads\/2023\/03\/SeloclubeInfantil-300x268.png 300w, https:\/\/clubedolivrofec.com.br\/wp-content\/uploads\/2023\/03\/SeloclubeInfantil-600x537.png 600w\" sizes=\"auto, (max-width: 700px) 100vw, 700px\" \/>\t\t\t\t\t\t\n\t\t\t\t\t<\/div>\n\t\t\t\t\t\t\t\t\n<style>\n#image_439708734 {\n  width: 41%;\n}\n<\/style>\n\t<\/div>\n\t\n\n\t<div class=\"img has-hover x md-x lg-x y md-y lg-y\" id=\"image_1723485831\">\n\t\t\t\t\t\t\t\t<div class=\"img-inner dark\" >\n\t\t\t<img loading=\"lazy\" decoding=\"async\" width=\"1020\" height=\"686\" src=\"https:\/\/clubedolivrofec.com.br\/wp-content\/uploads\/2022\/02\/ASSINA-BIMESTRAL-3-1024x689.png\" class=\"attachment-large size-large\" alt=\"\" srcset=\"https:\/\/clubedolivrofec.com.br\/wp-content\/uploads\/2022\/02\/ASSINA-BIMESTRAL-3-1024x689.png 1024w, https:\/\/clubedolivrofec.com.br\/wp-content\/uploads\/2022\/02\/ASSINA-BIMESTRAL-3-600x404.png 600w, https:\/\/clubedolivrofec.com.br\/wp-content\/uploads\/2022\/02\/ASSINA-BIMESTRAL-3-300x202.png 300w, https:\/\/clubedolivrofec.com.br\/wp-content\/uploads\/2022\/02\/ASSINA-BIMESTRAL-3-768x517.png 768w, https:\/\/clubedolivrofec.com.br\/wp-content\/uploads\/2022\/02\/ASSINA-BIMESTRAL-3.png 1359w\" sizes=\"auto, (max-width: 1020px) 100vw, 1020px\" \/>\t\t\t\t\t\t\n\t\t\t\t\t<\/div>\n\t\t\t\t\t\t\t\t\n<style>\n#image_1723485831 {\n  width: 43%;\n}\n<\/style>\n\t<\/div>\n\t\n\n\n\t\t<\/div>\n\t\t\n<style>\n#col-279402479 > .col-inner {\n  padding: 15px 15px 11px 15px;\n}\n<\/style>\n\t<\/div>\n\n\t\n\n\t<div id=\"col-1078193568\" class=\"col medium-6 small-12 large-6\"  >\n\t\t<div class=\"col-inner text-center dark\"  >\n\t\t\t\n\t\t\t\n\n\n\t\t<\/div>\n\t\t\t<\/div>\n\n\t\n\n<\/div>\n\n\t\t<\/div>\n\n\t\t\n<style>\n#section_148933663 {\n  padding-top: 200px;\n  padding-bottom: 200px;\n  min-height: 312px;\n  background-color: rgb(171, 171, 171);\n}\n#section_148933663 .section-bg.bg-loaded {\n  background-image: url(https:\/\/clubedolivrofec.com.br\/wp-content\/uploads\/2021\/12\/1.jpg);\n}\n#section_148933663 .section-bg {\n  background-position: 12% 18%;\n}\n<\/style>\n\t<\/section>\n\t\n\t<section class=\"section dark\" id=\"section_1161730920\">\n\t\t<div class=\"bg section-bg fill bg-fill  bg-loaded\" >\n\n\t\t\t\n\t\t\t\n\t\t\t\n\n\t\t<\/div>\n\n\t\t<div class=\"section-content relative\">\n\t\t\t\n\n<h1 class=\"uppercase\" style=\"text-align: center;\"><span style=\"font-size: 150%;\"><strong>CLUBE DO LIVRO ESP\u00cdRITA<\/strong><\/span><\/h1>\n<h5 style=\"text-align: center;\"><span style=\"font-size: 140%;\">A oportunidade que faltava para voc\u00ea aderir a um clube do livro que entrega, a cada bimestre, obras esp\u00edritas com qualidade doutrin\u00e1ria e editorial.<\/span><\/h5>\n\n\t\t<\/div>\n\n\t\t\n<style>\n#section_1161730920 {\n  padding-top: 30px;\n  padding-bottom: 30px;\n  background-color: rgb(4, 68, 87);\n}\n<\/style>\n\t<\/section>\n\t\n<div class=\"row\"  id=\"row-116727005\">\n\n\n\t<div id=\"col-1233893555\" class=\"col small-12 large-12\"  >\n\t\t<div class=\"col-inner\"  >\n\t\t\t\n\t\t\t\n\n<div class=\"social-icons follow-icons full-width text-center\" style=\"font-size:178%\"><a href=\"https:\/\/www.facebook.com\/fec.federacaoespiritacatarinense\" target=\"_blank\" data-label=\"Facebook\"  rel=\"noopener noreferrer nofollow\" class=\"icon primary button circle facebook tooltip\" title=\"Follow on Facebook\"><i class=\"icon-facebook\" ><\/i><\/a><a href=\"https:\/\/www.instagram.com\/fec.sc\/\" target=\"_blank\" rel=\"noopener noreferrer nofollow\" data-label=\"Instagram\" class=\"icon primary button circle  instagram tooltip\" title=\"Follow on Instagram\"><i class=\"icon-instagram\" ><\/i><\/a><a href=\"https:\/\/www.youtube.com\/c\/Federa%C3%A7%C3%A3oEsp%C3%ADritaCatarinenseFEC\" target=\"_blank\" rel=\"noopener noreferrer nofollow\" data-label=\"YouTube\" class=\"icon primary button circle  youtube tooltip\" title=\"Follow on YouTube\"><i class=\"icon-youtube\" ><\/i><\/a><\/div>\n\n\n\t\t<\/div>\n\t\t\t<\/div>\n\n\t\n\n<\/div>\n<div class=\"row row-full-width align-center\"  id=\"row-23056640\">\n\n\n\t<div id=\"col-876467250\" class=\"col small-12 large-12\"  >\n\t\t<div class=\"col-inner text-center\"  >\n\t\t\t\n\t\t\t\n\n\t<div class=\"img has-hover x md-x lg-x y md-y lg-y\" id=\"image_500766075\">\n\t\t\t\t\t\t\t\t<div class=\"img-inner dark\" >\n\t\t\t<img loading=\"lazy\" decoding=\"async\" width=\"1020\" height=\"1000\" src=\"https:\/\/clubedolivrofec.com.br\/wp-content\/uploads\/2023\/10\/logotipo-institucional-color-vertical-sem-fundo-1024x1004.png\" class=\"attachment-large size-large\" alt=\"\" srcset=\"https:\/\/clubedolivrofec.com.br\/wp-content\/uploads\/2023\/10\/logotipo-institucional-color-vertical-sem-fundo-1024x1004.png 1024w, https:\/\/clubedolivrofec.com.br\/wp-content\/uploads\/2023\/10\/logotipo-institucional-color-vertical-sem-fundo-300x294.png 300w, https:\/\/clubedolivrofec.com.br\/wp-content\/uploads\/2023\/10\/logotipo-institucional-color-vertical-sem-fundo-768x753.png 768w, https:\/\/clubedolivrofec.com.br\/wp-content\/uploads\/2023\/10\/logotipo-institucional-color-vertical-sem-fundo-600x588.png 600w, https:\/\/clubedolivrofec.com.br\/wp-content\/uploads\/2023\/10\/logotipo-institucional-color-vertical-sem-fundo.png 1426w\" sizes=\"auto, (max-width: 1020px) 100vw, 1020px\" \/>\t\t\t\t\t\t\n\t\t\t\t\t<\/div>\n\t\t\t\t\t\t\t\t\n<style>\n#image_500766075 {\n  width: 13%;\n}\n<\/style>\n\t<\/div>\n\t\n\n\n\t\t<\/div>\n\t\t\t<\/div>\n\n\t\n\n<\/div>\n\t<section class=\"section\" id=\"section_2140074615\">\n\t\t<div class=\"bg section-bg fill bg-fill  bg-loaded\" >\n\n\t\t\t\n\t\t\t<div class=\"section-bg-overlay absolute fill\"><\/div>\n\t\t\t\n\t<div class=\"is-border\"\n\t\tstyle=\"border-color:rgb(235, 235, 235);border-width:1px 0px 0px 0px;\">\n\t<\/div>\n\n\t\t<\/div>\n\n\t\t<div class=\"section-content relative\">\n\t\t\t\n\n<div class=\"row row-large align-center\"  id=\"row-1565361717\">\n\n\n\t<div id=\"col-1582202075\" class=\"col medium-5 small-12 large-5\"  >\n\t\t<div class=\"col-inner box-shadow-2 box-shadow-5-hover\" style=\"background-color:rgb(255, 255, 255);\" >\n\t\t\t\n\t\t\t\n\n\t<div class=\"img has-hover x md-x lg-x y md-y lg-y\" id=\"image_283020924\">\n\t\t\t\t\t\t\t\t<div class=\"img-inner box-shadow-2 dark\" >\n\t\t\t<img loading=\"lazy\" decoding=\"async\" width=\"1020\" height=\"991\" src=\"https:\/\/clubedolivrofec.com.br\/wp-content\/uploads\/2021\/12\/2c-1024x995.jpg\" class=\"attachment-large size-large\" alt=\"\" srcset=\"https:\/\/clubedolivrofec.com.br\/wp-content\/uploads\/2021\/12\/2c-1024x995.jpg 1024w, https:\/\/clubedolivrofec.com.br\/wp-content\/uploads\/2021\/12\/2c-600x583.jpg 600w, https:\/\/clubedolivrofec.com.br\/wp-content\/uploads\/2021\/12\/2c-300x292.jpg 300w, https:\/\/clubedolivrofec.com.br\/wp-content\/uploads\/2021\/12\/2c-768x746.jpg 768w, https:\/\/clubedolivrofec.com.br\/wp-content\/uploads\/2021\/12\/2c.jpg 1029w\" sizes=\"auto, (max-width: 1020px) 100vw, 1020px\" \/>\t\t\t\t\t\t\n\t\t\t\t\t<\/div>\n\t\t\t\t\t\t\t\t\n<style>\n#image_283020924 {\n  width: 100%;\n}\n<\/style>\n\t<\/div>\n\t\n\n\n\t\t<\/div>\n\t\t\n<style>\n#col-1582202075 > .col-inner {\n  padding: 15px 15px 15px 15px;\n}\n<\/style>\n\t<\/div>\n\n\t\n\n\t<div id=\"col-45669132\" class=\"col medium-7 small-12 large-7\"  >\n\t\t<div class=\"col-inner text-center dark\"  >\n\t\t\t\n\t\t\t\n\n<h3 class=\"accordion_title\">TIRE SUAS D\u00daVIDAS AQUI<\/h3><div class=\"accordion\" rel=\"\">\n\n<div class=\"accordion-item\"><a href=\"#\" class=\"accordion-title plain\"><button class=\"toggle\"><i class=\"icon-angle-down\"><\/i><\/button><span>Posso aderir ao Clube em qualquer momento?<\/span><\/a><div class=\"accordion-inner\">\n\n<p><strong>Sim, a ades\u00e3o ao Clube do Livro FEC poder\u00e1 ser efetivada a qualquer momento, atrav\u00e9s de um Centro Esp\u00edrita, pois seu livro ser\u00e1 entregue na casa esp\u00edrita escolhida por voc\u00ea.<\/strong><\/p>\n\n<\/div><\/div>\n<div class=\"accordion-item\"><a href=\"#\" class=\"accordion-title plain\"><button class=\"toggle\"><i class=\"icon-angle-down\"><\/i><\/button><span>Qualquer pessoa pode aderir ao Clube do Livro FEC?<\/span><\/a><div class=\"accordion-inner\">\n\n<p><strong>Sim, o Clube do Livro FEC \u00e9 aberto para qualquer pessoa que tem interesse em receber livros com qualidade editorial e conte\u00fado alinhado com a Doutrina Esp\u00edrita.<\/strong><\/p>\n\n<\/div><\/div>\n<div class=\"accordion-item\"><a href=\"#\" class=\"accordion-title plain\"><button class=\"toggle\"><i class=\"icon-angle-down\"><\/i><\/button><span>Como \u00e9 feita a sele\u00e7\u00e3o de obras do Clube do Livro FEC?<\/span><\/a><div class=\"accordion-inner\">\n\n<p><strong>A FEC realiza estudos e an\u00e1lises das obras que ir\u00e3o compor o cat\u00e1logo do Clube do Livro FEC, escolhendo apenas obras esp\u00edritas com qualidade doutrin\u00e1ria e editorial.<\/strong><\/p>\n\n<\/div><\/div>\n<div class=\"accordion-item\"><a href=\"#\" class=\"accordion-title plain\"><button class=\"toggle\"><i class=\"icon-angle-down\"><\/i><\/button><span>Posso escolher a obra que receberei?<\/span><\/a><div class=\"accordion-inner\">\n\n<p><strong>N\u00e3o. O Clube do Livro FEC tem sempre uma nova obra esp\u00edrita a cada bimestre. Ao aderir ao clube, voc\u00ea concorda em receber a obra que n\u00f3s escolhemos para voc\u00ea. N\u00e3o \u00e9 poss\u00edvel devolu\u00e7\u00e3o ou troca no sistema de Clube do Livro, pois essa \u00e9 a raz\u00e3o em termos um valor que fica abaixo do pre\u00e7o de capa do livro, em virtude da diretriz de populariza\u00e7\u00e3o da obra, que requer uma quantidade maior para se obter um custo menor.<\/strong><\/p>\n<p><strong>Mesmo assim, voc\u00ea poder\u00e1 saber, antecipadamente, as obras que iremos lhe entregar, atrav\u00e9s do cat\u00e1logo do clube.<\/strong><\/p>\n\n<\/div><\/div>\n<div class=\"accordion-item\"><a href=\"#\" class=\"accordion-title plain\"><button class=\"toggle\"><i class=\"icon-angle-down\"><\/i><\/button><span>Quais os valores da mensalidade do Clube do Livro FEC?<\/span><\/a><div class=\"accordion-inner\">\n\n<p><strong>Para o ano de 2023, somente teremos a modalidade de assinatura bimestral. O valor para essa modalidade \u00e9 de R$ 35,00 para o Clube Adulto e R$ 25,00 para o Clube Infantil, por bimestre.<\/strong><\/p>\n\n<\/div><\/div>\n<div class=\"accordion-item\"><a href=\"#\" class=\"accordion-title plain\"><button class=\"toggle\"><i class=\"icon-angle-down\"><\/i><\/button><span>Posso cancelar minha ades\u00e3o ao Clube? Como fa\u00e7o?<\/span><\/a><div class=\"accordion-inner\">\n\n<p><strong>Sim. Voc\u00ea pode cancelar sua ades\u00e3o a qualquer tempo, mas como organizamos a aquisi\u00e7\u00e3o e distribui\u00e7\u00e3o com bastante anteced\u00eancia, pedimos que o cancelamento seja efetuado com 60 dias de anteced\u00eancia, comunicado o Centro Esp\u00edrita onde efetuou a sua ades\u00e3o.<\/strong><\/p>\n\n<\/div><\/div>\n<div class=\"accordion-item\"><a href=\"#\" class=\"accordion-title plain\"><button class=\"toggle\"><i class=\"icon-angle-down\"><\/i><\/button><span>Posso aderir ao Clube atrav\u00e9s de um Centro Esp\u00edrita?<\/span><\/a><div class=\"accordion-inner\">\n\n<p><strong>Com certeza. Esta \u00e9 a \u00fanica modalidade, no momento. A sua ades\u00e3o ser\u00e1 efetivada atrav\u00e9s de um Centro Esp\u00edrita, que far\u00e1 a gest\u00e3o, cobran\u00e7a e controle da sua assinatura.<\/strong><\/p>\n\n<\/div><\/div>\n<div class=\"accordion-item\"><a href=\"#\" class=\"accordion-title plain\"><button class=\"toggle\"><i class=\"icon-angle-down\"><\/i><\/button><span>Meu Centro Esp\u00edrita n\u00e3o tem Clube do Livro mas tem interesse, como posso ajudar?<\/span><\/a><div class=\"accordion-inner\">\n\n<p><strong>Acesse o formul\u00e1rio pr\u00f3prio&nbsp;<\/strong><a href=\"http:\/\/clubedolivrofec.com.br\/?page_id=733\" target=\"_blank\" rel=\"noopener\"><strong>aqui<\/strong><\/a><strong>&nbsp;para voc\u00ea indicar o Centro Esp\u00edrita que deseja associar ao Clube. Nossa equipe entrar\u00e1 em contato para apresentar o Clube e informar de seu interesse.<\/strong><\/p>\n<p><a href=\"http:\/\/clubedolivrofec.com.br\/#contato\" target=\"_blank\" rel=\"noopener\">Entre em contato conosco<\/a><\/p>\n\n<\/div><\/div>\n<div class=\"accordion-item\"><a href=\"#\" class=\"accordion-title plain\"><button class=\"toggle\"><i class=\"icon-angle-down\"><\/i><\/button><span>Posso me associar ao Clube com um grupo de amigos?<\/span><\/a><div class=\"accordion-inner\">\n\n<p>Pode, mas dever\u00e1 indicar um Centro Esp\u00edrita onde ir\u00e1 retirar as obras.<\/p>\n<p>Pesquisa&nbsp;<a href=\"https:\/\/webfec.org.br\/PesquisaMapa\/PesquisaLivre?id=24&amp;useLayout=false\" target=\"_blank\" rel=\"noopener\">aqui<\/a> o Centro Esp\u00edrita mais pr\u00f3ximo de voc\u00ea.<\/p>\n\n<\/div><\/div>\n<div class=\"accordion-item\"><a href=\"#\" class=\"accordion-title plain\"><button class=\"toggle\"><i class=\"icon-angle-down\"><\/i><\/button><span>Os Centros Esp\u00edritas n\u00e3o filiados podem aderir?<\/span><\/a><div class=\"accordion-inner\">\n\n<p><strong>Sim, todos os Centros Esp\u00edritas poder\u00e3o participar, basta que eles entrem em contato com a FEC para fazer a ades\u00e3o das assinaturas.<\/strong><\/p>\n\n<\/div><\/div>\n\n<\/div>\n\n\t\t<\/div>\n\t\t\t<\/div>\n\n\t\n\n<\/div>\n\n\t\t<\/div>\n\n\t\t\n<style>\n#section_2140074615 {\n  padding-top: 59px;\n  padding-bottom: 59px;\n  min-height: 300px;\n  background-color: rgb(171, 171, 171);\n}\n#section_2140074615 .section-bg-overlay {\n  background-color: rgba(0, 0, 0, 0.78);\n}\n<\/style>\n\t<\/section>\n\t\n\t<section class=\"section\" id=\"section_1889304833\">\n\t\t<div class=\"bg section-bg fill bg-fill  bg-loaded\" >\n\n\t\t\t\n\t\t\t<div class=\"section-bg-overlay absolute fill\"><\/div>\n\t\t\t\n\t<div class=\"is-border\"\n\t\tstyle=\"border-color:rgb(235, 235, 235);border-width:1px 0px 0px 0px;\">\n\t<\/div>\n\n\t\t<\/div>\n\n\t\t<div class=\"section-content relative\">\n\t\t\t\n\n<div class=\"row row-large align-middle align-center\"  id=\"row-1954780577\">\n\n\n\t<div id=\"col-1898285278\" class=\"col medium-6 small-12 large-6\"  >\n\t\t<div class=\"col-inner text-center dark\"  >\n\t\t\t\n\t\t\t\n\n<p>&nbsp;<\/p>\n<h1 style=\"text-align: left;\">Envie-nos uma mensagem.<\/h1>\n<h2 style=\"text-align: left;\">Caso n\u00e3o tenha encontrado sua d\u00favida, envie-nos uma mensagem que retornaremos o mais breve poss\u00edvel.<\/h2>\n<p>&nbsp;<\/p>\n<h5 style=\"text-align: left;\"><strong><a role=\"button\" href=\"https:\/\/webfec.org.br\/PesquisaMapa\/PesquisaLivre?id=24&amp;useLayout=false\" target=\"_blank\" rel=\"noopener\"><br \/><span style=\"font-family: 'arial black', sans-serif; font-size: 190%;\">Consulte a Rela\u00e7\u00e3o de Centros Esp\u00edritas de SC<\/span><\/a><\/strong><\/h5>\n\n\t\t<\/div>\n\t\t\t<\/div>\n\n\t\n\n\t<div id=\"col-579182216\" class=\"col medium-6 small-12 large-6\"  data-animate=\"flipInY\">\n\t\t<div class=\"col-inner text-left box-shadow-2 box-shadow-5-hover\" style=\"background-color:rgb(255, 255, 255);\" >\n\t\t\t\n\t\t\t\n\n\n<div class=\"wpcf7 no-js\" id=\"wpcf7-f1537-o1\" lang=\"en-US\" dir=\"ltr\" data-wpcf7-id=\"1537\">\n<div class=\"screen-reader-response\"><p role=\"status\" aria-live=\"polite\" aria-atomic=\"true\"><\/p> <ul><\/ul><\/div>\n<form action=\"\/index.php?rest_route=%2Fwp%2Fv2%2Fpages%2F9#wpcf7-f1537-o1\" method=\"post\" class=\"wpcf7-form init\" aria-label=\"Contact form\" novalidate=\"novalidate\" data-status=\"init\">\n<fieldset class=\"hidden-fields-container\"><input type=\"hidden\" name=\"_wpcf7\" value=\"1537\" \/><input type=\"hidden\" name=\"_wpcf7_version\" value=\"6.1.5\" \/><input type=\"hidden\" name=\"_wpcf7_locale\" value=\"en_US\" \/><input type=\"hidden\" name=\"_wpcf7_unit_tag\" value=\"wpcf7-f1537-o1\" \/><input type=\"hidden\" name=\"_wpcf7_container_post\" value=\"0\" \/><input type=\"hidden\" name=\"_wpcf7_posted_data_hash\" value=\"\" \/>\n<\/fieldset>\n<p><label> Nome<br \/>\n<span class=\"wpcf7-form-control-wrap\" data-name=\"your-name\"><input size=\"40\" maxlength=\"400\" class=\"wpcf7-form-control wpcf7-text wpcf7-validates-as-required\" aria-required=\"true\" aria-invalid=\"false\" value=\"\" type=\"text\" name=\"your-name\" \/><\/span> <\/label>\n<\/p>\n<p><label> E-mail<br \/>\n<span class=\"wpcf7-form-control-wrap\" data-name=\"your-email\"><input size=\"40\" maxlength=\"400\" class=\"wpcf7-form-control wpcf7-email wpcf7-validates-as-required wpcf7-text wpcf7-validates-as-email\" aria-required=\"true\" aria-invalid=\"false\" value=\"\" type=\"email\" name=\"your-email\" \/><\/span> <\/label>\n<\/p>\n<p><label> Telefone<br \/>\n<span class=\"wpcf7-form-control-wrap\" data-name=\"your-telefone\"><input size=\"40\" maxlength=\"400\" class=\"wpcf7-form-control wpcf7-text wpcf7-validates-as-required\" aria-required=\"true\" aria-invalid=\"false\" value=\"\" type=\"text\" name=\"your-telefone\" \/><\/span> <\/label>\n<\/p>\n<p><label> Assunto<br \/>\n<span class=\"wpcf7-form-control-wrap\" data-name=\"your-subject\"><input size=\"40\" maxlength=\"400\" class=\"wpcf7-form-control wpcf7-text wpcf7-validates-as-required\" aria-required=\"true\" aria-invalid=\"false\" value=\"\" type=\"text\" name=\"your-subject\" \/><\/span> <\/label>\n<\/p>\n<p><label> Mensagem<br \/>\n<span class=\"wpcf7-form-control-wrap\" data-name=\"your-message\"><textarea cols=\"40\" rows=\"10\" maxlength=\"2000\" class=\"wpcf7-form-control wpcf7-textarea\" aria-invalid=\"false\" name=\"your-message\"><\/textarea><\/span> <\/label>\n<\/p>\n<p><input class=\"wpcf7-form-control wpcf7-submit has-spinner\" type=\"submit\" value=\"ENVIAR\" \/>\n<\/p><div class=\"wpcf7-response-output\" aria-hidden=\"true\"><\/div>\n<\/form>\n<\/div>\n\n\n\n\t\t<\/div>\n\t\t\n<style>\n#col-579182216 > .col-inner {\n  padding: 15px 15px 15px 15px;\n}\n<\/style>\n\t<\/div>\n\n\t\n\n<\/div>\n\n\t\t<\/div>\n\n\t\t\n<style>\n#section_1889304833 {\n  padding-top: 59px;\n  padding-bottom: 59px;\n  min-height: 300px;\n  background-color: rgb(171, 171, 171);\n}\n#section_1889304833 .section-bg-overlay {\n  background-color: rgba(0, 0, 0, 0.64);\n}\n<\/style>\n\t<\/section>\n\t\n\t<section class=\"section\" id=\"section_6746587\">\n\t\t<div class=\"bg section-bg fill bg-fill  \" >\n\n\t\t\t\n\t\t\t\n\t\t\t\n\n\t\t<\/div>\n\n\t\t<div class=\"section-content relative\">\n\t\t\t\n\n<div class=\"row row-large align-center\" style=\"max-width:\" id=\"row-83036938\">\n\n\n\t<div id=\"col-1514143088\" class=\"col medium-10 small-12 large-10\"  >\n\t\t<div class=\"col-inner text-center\"  >\n\t\t\t\n\t\t\t\n\n\t<div id=\"text-2672261323\" class=\"text\">\n\t\t\n\n<h3>&nbsp;<\/h3>\n<h3 class=\"elementor-heading-title elementor-size-large\"><span style=\"font-size: 140%;\"><strong>A leitura \u00e9 uma atividade primordial no contexto do mundo atual.<\/strong><\/span><br><br><span style=\"font-size: 140%;\"><strong>Ela desperta h\u00e1bitos, pensamentos e desenvolve a dimens\u00e3o l\u00f3gica e racional pr\u00f3pria do ser humano, ao longo de toda a sua exist\u00eancia.<\/strong><\/span><\/h3>\n<p>&nbsp;<\/p>\n\t\t\n<style>\n#text-2672261323 {\n  color: rgb(32, 26, 93);\n}\n#text-2672261323 > * {\n  color: rgb(32, 26, 93);\n}\n<\/style>\n\t<\/div>\n\t\n\n\t\t<\/div>\n\t\t\t<\/div>\n\n\t\n\n\n<style>\n#row-83036938 > .col > .col-inner {\n  background-color: rgba(244, 240, 240, 0.802);\n  border-radius: 36px;\n}\n<\/style>\n<\/div>\n\n\t\t<\/div>\n\n\t\t\n<style>\n#section_6746587 {\n  padding-top: 60px;\n  padding-bottom: 60px;\n  min-height: 300px;\n  background-color: rgb(245, 245, 245);\n}\n#section_6746587 .section-bg.bg-loaded {\n  background-image: url(https:\/\/clubedolivrofec.com.br\/wp-content\/uploads\/2022\/03\/livros_2.png);\n}\n<\/style>\n\t<\/section>\n\t\n\n","protected":false},"excerpt":{"rendered":"","protected":false},"author":2,"featured_media":0,"parent":0,"menu_order":0,"comment_status":"closed","ping_status":"closed","template":"","meta":{"_mi_skip_tracking":false,"footnotes":""},"class_list":["post-9","page","type-page","status-publish","hentry"],"_links":{"self":[{"href":"https:\/\/clubedolivrofec.com.br\/index.php?rest_route=\/wp\/v2\/pages\/9","targetHints":{"allow":["GET"]}}],"collection":[{"href":"https:\/\/clubedolivrofec.com.br\/index.php?rest_route=\/wp\/v2\/pages"}],"about":[{"href":"https:\/\/clubedolivrofec.com.br\/index.php?rest_route=\/wp\/v2\/types\/page"}],"author":[{"embeddable":true,"href":"https:\/\/clubedolivrofec.com.br\/index.php?rest_route=\/wp\/v2\/users\/2"}],"replies":[{"embeddable":true,"href":"https:\/\/clubedolivrofec.com.br\/index.php?rest_route=%2Fwp%2Fv2%2Fcomments&post=9"}],"version-history":[{"count":1083,"href":"https:\/\/clubedolivrofec.com.br\/index.php?rest_route=\/wp\/v2\/pages\/9\/revisions"}],"predecessor-version":[{"id":2777,"href":"https:\/\/clubedolivrofec.com.br\/index.php?rest_route=\/wp\/v2\/pages\/9\/revisions\/2777"}],"wp:attachment":[{"href":"https:\/\/clubedolivrofec.com.br\/index.php?rest_route=%2Fwp%2Fv2%2Fmedia&parent=9"}],"curies":[{"name":"wp","href":"https:\/\/api.w.org\/{rel}","templated":true}]}}