{"id":630,"date":"2022-02-13T00:38:36","date_gmt":"2022-02-13T00:38:36","guid":{"rendered":"http:\/\/clubedolivrofec.com.br\/?page_id=630"},"modified":"2023-02-19T22:52:36","modified_gmt":"2023-02-19T22:52:36","slug":"formato-e-valor","status":"publish","type":"page","link":"https:\/\/clubedolivrofec.com.br\/?page_id=630","title":{"rendered":"FORMATO"},"content":{"rendered":"\n\t<section class=\"section dark\" id=\"section_965519110\">\n\t\t<div class=\"bg section-bg fill bg-fill  bg-loaded\" >\n\n\t\t\t\n\t\t\t<div class=\"section-bg-overlay absolute fill\"><\/div>\n\t\t\t\n\n\t\t<\/div>\n\n\t\t<div class=\"section-content relative\">\n\t\t\t\n\n<div class=\"row row-large align-center\"  id=\"row-2122540171\">\n\n\n\t<div id=\"col-852222079\" class=\"col medium-5 small-12 large-5\"  >\n\t\t<div class=\"col-inner text-right box-shadow-2 box-shadow-5-hover\"  >\n\t\t\t\n\t\t\t\n\n\t<div class=\"img has-hover x md-x lg-x y md-y lg-y\" id=\"image_593164870\">\n\t\t\t\t\t\t\t\t<div class=\"img-inner dark\" >\n\t\t\t<img loading=\"lazy\" decoding=\"async\" width=\"200\" height=\"300\" src=\"https:\/\/clubedolivrofec.com.br\/wp-content\/uploads\/2022\/03\/moca_lendo_livro-200x300.jpeg\" class=\"attachment-medium size-medium\" alt=\"\" srcset=\"https:\/\/clubedolivrofec.com.br\/wp-content\/uploads\/2022\/03\/moca_lendo_livro-200x300.jpeg 200w, https:\/\/clubedolivrofec.com.br\/wp-content\/uploads\/2022\/03\/moca_lendo_livro-600x899.jpeg 600w, https:\/\/clubedolivrofec.com.br\/wp-content\/uploads\/2022\/03\/moca_lendo_livro-683x1024.jpeg 683w, https:\/\/clubedolivrofec.com.br\/wp-content\/uploads\/2022\/03\/moca_lendo_livro-768x1151.jpeg 768w, https:\/\/clubedolivrofec.com.br\/wp-content\/uploads\/2022\/03\/moca_lendo_livro.jpeg 854w\" sizes=\"auto, (max-width: 200px) 100vw, 200px\" \/>\t\t\t\t\t\t\n\t\t\t\t\t<\/div>\n\t\t\t\t\t\t\t\t\n<style>\n#image_593164870 {\n  width: 100%;\n}\n<\/style>\n\t<\/div>\n\t\n\n\n\t\t<\/div>\n\t\t\n<style>\n#col-852222079 > .col-inner {\n  padding: 15px 15px 15px 15px;\n}\n<\/style>\n\t<\/div>\n\n\t\n\n\t<div id=\"col-339221121\" class=\"col medium-5 small-12 large-5\"  >\n\t\t<div class=\"col-inner text-center dark\"  >\n\t\t\t\n\t\t\t\n\n\t<div id=\"text-3976256233\" class=\"text\">\n\t\t\n\n<h1>&nbsp;<\/h1>\n<h1><span style=\"font-size: 170%;\"><strong>Formato&nbsp;<\/strong><\/span><\/h1>\n<p>&nbsp;<\/p>\n<h2><strong>01 \u2013 Fa\u00e7a sua ades\u00e3o no Centro Esp\u00edrita que frequenta, ou naquele mais pr\u00f3ximo de voc\u00ea.<\/strong><\/h2>\n<h2><strong>02 \u2013&nbsp;A cada dois meses selecionamos um \u00f3timo livro para voc\u00ea.<\/strong><\/h2>\n<h2><strong>03 \u2013 Seu livro ser\u00e1 entregue, sem custo de frete, no Centro Esp\u00edrita onde voc\u00ea efetuou a sua assinatura.<\/strong><\/h2>\n<h2><strong>04 \u2013&nbsp;Saiba antecipadamente os livros que voc\u00ea ir\u00e1 receber.<\/strong><\/h2>\n\t\t\n<style>\n#text-3976256233 {\n  text-align: left;\n}\n<\/style>\n\t<\/div>\n\t\n\n\t\t<\/div>\n\t\t\t<\/div>\n\n\t\n\n\n<style>\n#row-2122540171 > .col > .col-inner {\n  border-radius: 10px;\n}\n<\/style>\n<\/div>\n\n\t\t<\/div>\n\n\t\t\n<style>\n#section_965519110 {\n  padding-top: 59px;\n  padding-bottom: 59px;\n  min-height: 300px;\n  background-color: rgb(255,255,255);\n}\n#section_965519110 .section-bg-overlay {\n  background-color: rgba(0,0,0,.5);\n}\n<\/style>\n\t<\/section>\n\t\n","protected":false},"excerpt":{"rendered":"","protected":false},"author":1,"featured_media":0,"parent":0,"menu_order":0,"comment_status":"closed","ping_status":"closed","template":"","meta":{"_mi_skip_tracking":false,"footnotes":""},"class_list":["post-630","page","type-page","status-publish","hentry"],"_links":{"self":[{"href":"https:\/\/clubedolivrofec.com.br\/index.php?rest_route=\/wp\/v2\/pages\/630","targetHints":{"allow":["GET"]}}],"collection":[{"href":"https:\/\/clubedolivrofec.com.br\/index.php?rest_route=\/wp\/v2\/pages"}],"about":[{"href":"https:\/\/clubedolivrofec.com.br\/index.php?rest_route=\/wp\/v2\/types\/page"}],"author":[{"embeddable":true,"href":"https:\/\/clubedolivrofec.com.br\/index.php?rest_route=\/wp\/v2\/users\/1"}],"replies":[{"embeddable":true,"href":"https:\/\/clubedolivrofec.com.br\/index.php?rest_route=%2Fwp%2Fv2%2Fcomments&post=630"}],"version-history":[{"count":280,"href":"https:\/\/clubedolivrofec.com.br\/index.php?rest_route=\/wp\/v2\/pages\/630\/revisions"}],"predecessor-version":[{"id":2640,"href":"https:\/\/clubedolivrofec.com.br\/index.php?rest_route=\/wp\/v2\/pages\/630\/revisions\/2640"}],"wp:attachment":[{"href":"https:\/\/clubedolivrofec.com.br\/index.php?rest_route=%2Fwp%2Fv2%2Fmedia&parent=630"}],"curies":[{"name":"wp","href":"https:\/\/api.w.org\/{rel}","templated":true}]}}