{"id":2300,"date":"2022-03-31T20:26:38","date_gmt":"2022-03-31T20:26:38","guid":{"rendered":"https:\/\/clubedolivrofec.com.br\/?page_id=2300"},"modified":"2023-09-22T01:07:45","modified_gmt":"2023-09-22T01:07:45","slug":"materiais-para-donwload","status":"publish","type":"page","link":"https:\/\/clubedolivrofec.com.br\/?page_id=2300","title":{"rendered":"DIVULGA\u00c7\u00c3O"},"content":{"rendered":"\n\t<section class=\"section\" id=\"section_1229855819\">\n\t\t<div class=\"bg section-bg fill bg-fill  bg-loaded\" >\n\n\t\t\t\n\t\t\t<div class=\"section-bg-overlay absolute fill\"><\/div>\n\t\t\t\n\n\t\t<\/div>\n\n\t\t<div class=\"section-content relative\">\n\t\t\t\n\n\t<div id=\"text-3680643325\" class=\"text\">\n\t\t\n\n<h2 class=\"uppercase\">materiais para download<\/h2>\n\t\t\n<style>\n#text-3680643325 {\n  text-align: center;\n}\n<\/style>\n\t<\/div>\n\t\n\n\t\t<\/div>\n\n\t\t\n<style>\n#section_1229855819 {\n  padding-top: 60px;\n  padding-bottom: 60px;\n  background-color: rgb(193, 193, 193);\n}\n#section_1229855819 .section-bg-overlay {\n  background-color: rgba(255, 255, 255, 0.85);\n}\n<\/style>\n\t<\/section>\n\t\n\t<section class=\"section\" id=\"section_1504379448\">\n\t\t<div class=\"bg section-bg fill bg-fill  bg-loaded\" >\n\n\t\t\t\n\t\t\t<div class=\"section-bg-overlay absolute fill\"><\/div>\n\t\t\t\n\t<div class=\"is-border\"\n\t\tstyle=\"border-color:rgb(235, 235, 235);border-width:1px 0px 0px 0px;\">\n\t<\/div>\n\n\t\t<\/div>\n\n\t\t<div class=\"section-content relative\">\n\t\t\t\n\n<div class=\"row row-large align-middle align-center\"  id=\"row-1774265136\">\n\n\n\t<div id=\"col-195770750\" class=\"col medium-4 small-12 large-4\"  >\n\t\t<div class=\"col-inner text-center dark\"  >\n\t\t\t\n\t\t\t\n\n<p>&nbsp;<\/p>\n<h2>Selecione abaixo os materiais para download e utiliza\u00e7\u00e3o na divulga\u00e7\u00e3o do Clube do Livro na sua Institui\u00e7\u00e3o Esp\u00edrita:<\/h2>\n\n\t\t<\/div>\n\t\t\t<\/div>\n\n\t\n\n\t<div id=\"col-1953914226\" class=\"col medium-8 small-12 large-8\"  data-animate=\"flipInY\">\n\t\t<div class=\"col-inner text-left box-shadow-2 box-shadow-5-hover\" style=\"background-color:rgb(255, 255, 255);\" >\n\t\t\t\n\t\t\t\n\n\t<div id=\"text-2648318238\" class=\"text\">\n\t\t\n\n<ul>\n<li>\n<h3><span style=\"font-size: 120%;\">Baixe e imprima o cartaz para coloca\u00e7\u00e3o no mural de divulga\u00e7\u00e3o<\/span><\/h3>\n<\/li>\n<li>\n<h3><span style=\"font-size: 120%;\">Baixe e utilize os cards para divulga\u00e7\u00e3o nas m\u00eddias sociais da sua Casa Esp\u00edrita (Facebook, Instagram e WhatsApp)<\/span><\/h3>\n<\/li>\n<\/ul>\n\t\t\n<style>\n#text-2648318238 {\n  font-size: 1.25rem;\n  line-height: 2;\n}\n<\/style>\n\t<\/div>\n\t\n\n\t\t<\/div>\n\t\t\n<style>\n#col-1953914226 > .col-inner {\n  padding: 15px 15px 15px 15px;\n}\n<\/style>\n\t<\/div>\n\n\t\n\n<\/div>\n\n\t\t<\/div>\n\n\t\t\n<style>\n#section_1504379448 {\n  padding-top: 59px;\n  padding-bottom: 59px;\n  min-height: 300px;\n  background-color: rgb(171, 171, 171);\n}\n#section_1504379448 .section-bg-overlay {\n  background-color: rgba(0, 0, 0, 0.64);\n}\n<\/style>\n\t<\/section>\n\t\n\t<section class=\"section\" id=\"section_1356426042\">\n\t\t<div class=\"bg section-bg fill bg-fill  bg-loaded\" >\n\n\t\t\t\n\t\t\t\n\t\t\t\n\n\t\t<\/div>\n\n\t\t<div class=\"section-content relative\">\n\t\t\t\n\n<div class=\"row\"  id=\"row-60994811\">\n\n\n\t<div id=\"col-1994780470\" class=\"col small-12 large-12\"  >\n\t\t<div class=\"col-inner\"  >\n\t\t\t\n\t\t\t\n\n<div class=\"row\"  id=\"row-31869308\">\n\n\n\t<div id=\"col-1294861135\" class=\"col small-12 large-12\"  >\n\t\t<div class=\"col-inner\"  >\n\t\t\t\n\t\t\t\n\n<div id=\"pfg-gallery-2769\" class=\"pfg-gallery-wrapper pfg-loading pfg-template-photography\" data-gallery-id=\"2769\" data-multi-select=\"false\" data-filter-logic=\"or\" data-filter-hierarchy=\"[]\" data-url-param=\"filter\" data-version=\"2.1.5\" data-lightbox-title=\"true\" data-lightbox-description=\"false\" data-show-preloader=\"true\" data-image-links=\"false\"><div class=\"pfg-preloader\"><div class=\"pfg-preloader-spinner\"><\/div><span class=\"pfg-preloader-text\">Loading...<\/span><\/div><div class=\"pfg-grid pfg-grid--masonry\" style=\"--pfg-gap: 20px; --pfg-border-radius: 0px; --pfg-radius: 0px; --pfg-overlay-color: rgba(0, 0, 0, 0.7); --pfg-primary-color: #3858e9; --pfg-caption-text: #1e293b; --pfg-caption-bg: #ffffff\"><div class=\"pfg-item  pfg-item-hover--hvr-grow-shadow\" data-id=\"2770\"><span class=\"pfg-item-type-icon pfg-item-type-icon--link\" title=\"External Link\"><svg xmlns=\"http:\/\/www.w3.org\/2000\/svg\" viewBox=\"0 0 24 24\" fill=\"currentColor\" width=\"14\" height=\"14\"><path d=\"M19 19H5V5h7V3H5c-1.11 0-2 .9-2 2v14c0 1.1.89 2 2 2h14c1.1 0 2-.9 2-2v-7h-2v7zM14 3v2h3.59l-9.83 9.83 1.41 1.41L19 6.41V10h2V3h-7z\"\/><\/svg><\/span><a href=\"http:\/\/clubedolivrofec.com.br\/wp-content\/uploads\/2023\/09\/Folheto-explicativo-A4.pdf\" class=\"pfg-item-link\" target=\"_blank\" rel=\"noopener\"><img src=\"https:\/\/clubedolivrofec.com.br\/wp-content\/uploads\/2023\/09\/Folheto-explicativo-A4-pdf-724x1024.jpg\" alt=\"Folheto explicativo A4\" loading=\"eager\" decoding=\"async\" class=\"pfg-item-image\"><div class=\"pfg-item-caption pfg-item-caption--overlay\"><h3 class=\"pfg-item-title\">Folheto explicativo A4<\/h3><\/div><\/a><\/div><div class=\"pfg-item  pfg-item-hover--hvr-grow-shadow\" data-id=\"2773\"><span class=\"pfg-item-type-icon pfg-item-type-icon--link\" title=\"External Link\"><svg xmlns=\"http:\/\/www.w3.org\/2000\/svg\" viewBox=\"0 0 24 24\" fill=\"currentColor\" width=\"14\" height=\"14\"><path d=\"M19 19H5V5h7V3H5c-1.11 0-2 .9-2 2v14c0 1.1.89 2 2 2h14c1.1 0 2-.9 2-2v-7h-2v7zM14 3v2h3.59l-9.83 9.83 1.41 1.41L19 6.41V10h2V3h-7z\"\/><\/svg><\/span><a href=\"http:\/\/clubedolivrofec.com.br\/wp-content\/uploads\/2023\/09\/A4-Cartaz-2023.pdf\" class=\"pfg-item-link\" target=\"_blank\" rel=\"noopener\"><img src=\"https:\/\/clubedolivrofec.com.br\/wp-content\/uploads\/2023\/09\/A4-Cartaz-2023-pdf-724x1024.jpg\" alt=\"A4 Cartaz 2023\" loading=\"eager\" decoding=\"async\" class=\"pfg-item-image\"><div class=\"pfg-item-caption pfg-item-caption--overlay\"><h3 class=\"pfg-item-title\">A4 Cartaz 2023<\/h3><\/div><\/a><\/div><div class=\"pfg-item  pfg-item-hover--hvr-grow-shadow\" data-id=\"2774\"><span class=\"pfg-item-type-icon pfg-item-type-icon--link\" title=\"External Link\"><svg xmlns=\"http:\/\/www.w3.org\/2000\/svg\" viewBox=\"0 0 24 24\" fill=\"currentColor\" width=\"14\" height=\"14\"><path d=\"M19 19H5V5h7V3H5c-1.11 0-2 .9-2 2v14c0 1.1.89 2 2 2h14c1.1 0 2-.9 2-2v-7h-2v7zM14 3v2h3.59l-9.83 9.83 1.41 1.41L19 6.41V10h2V3h-7z\"\/><\/svg><\/span><a href=\"http:\/\/clubedolivrofec.com.br\/wp-content\/uploads\/2023\/09\/A6-Clube-do-Livro-FEC.pdf\" class=\"pfg-item-link\" target=\"_blank\" rel=\"noopener\"><img src=\"https:\/\/clubedolivrofec.com.br\/wp-content\/uploads\/2023\/09\/A6-Clube-do-Livro-FEC-pdf.jpg\" alt=\"A6 Clube do Livro FEC\" loading=\"eager\" decoding=\"async\" class=\"pfg-item-image\"><div class=\"pfg-item-caption pfg-item-caption--overlay\"><h3 class=\"pfg-item-title\">A6 Clube do Livro FEC<\/h3><\/div><\/a><\/div><\/div><\/div>\n<div id=\"pfg-gallery-2307\" class=\"pfg-gallery-wrapper pfg-loading pfg-template-photography\" data-gallery-id=\"2307\" data-multi-select=\"false\" data-filter-logic=\"or\" data-filter-hierarchy=\"[]\" data-url-param=\"filter\" data-version=\"2.1.5\" data-lightbox-title=\"true\" data-lightbox-description=\"false\" data-show-preloader=\"true\" data-image-links=\"false\"><div class=\"pfg-preloader\"><div class=\"pfg-preloader-spinner\"><\/div><span class=\"pfg-preloader-text\">Loading...<\/span><\/div><div class=\"pfg-grid pfg-grid--masonry\" style=\"--pfg-gap: 20px; --pfg-border-radius: 0px; --pfg-radius: 0px; --pfg-overlay-color: rgba(0, 0, 0, 0.7); --pfg-primary-color: #3858e9; --pfg-caption-text: #1e293b; --pfg-caption-bg: #ffffff\"><div class=\"pfg-item  pfg-item-hover--hvr-grow-shadow\" data-id=\"2370\"><a href=\"https:\/\/clubedolivrofec.com.br\/wp-content\/uploads\/2022\/05\/WhatsApp-Image-2022-05-05-at-21.15.36.jpeg\" class=\"pfg-item-link\" data-lightbox=\"pfg-2307\" data-title=\"Cartaz\"><img src=\"https:\/\/clubedolivrofec.com.br\/wp-content\/uploads\/2022\/05\/WhatsApp-Image-2022-05-05-at-21.15.36-723x1024.jpeg\" srcset=\"https:\/\/clubedolivrofec.com.br\/wp-content\/uploads\/2022\/05\/WhatsApp-Image-2022-05-05-at-21.15.36-723x1024.jpeg 723w, https:\/\/clubedolivrofec.com.br\/wp-content\/uploads\/2022\/05\/WhatsApp-Image-2022-05-05-at-21.15.36-600x850.jpeg 600w, https:\/\/clubedolivrofec.com.br\/wp-content\/uploads\/2022\/05\/WhatsApp-Image-2022-05-05-at-21.15.36-212x300.jpeg 212w, https:\/\/clubedolivrofec.com.br\/wp-content\/uploads\/2022\/05\/WhatsApp-Image-2022-05-05-at-21.15.36-768x1087.jpeg 768w, https:\/\/clubedolivrofec.com.br\/wp-content\/uploads\/2022\/05\/WhatsApp-Image-2022-05-05-at-21.15.36.jpeg 904w\" sizes=\"(min-width: 1200px) 17vw, (min-width: 992px) 100vw, (min-width: 768px) 33vw, 100vw\" alt=\"Cartaz\" loading=\"eager\" decoding=\"async\" class=\"pfg-item-image\"><div class=\"pfg-item-caption pfg-item-caption--overlay\"><h3 class=\"pfg-item-title\">Cartaz<\/h3><\/div><\/a><\/div><div class=\"pfg-item  pfg-item-hover--hvr-grow-shadow\" data-id=\"2308\"><a href=\"https:\/\/clubedolivrofec.com.br\/wp-content\/uploads\/2022\/03\/Anuncio-Facebook.jpeg\" class=\"pfg-item-link\" data-lightbox=\"pfg-2307\" data-title=\"An\u00fancio Facebook\"><img src=\"https:\/\/clubedolivrofec.com.br\/wp-content\/uploads\/2022\/03\/Anuncio-Facebook-1024x536.jpeg\" srcset=\"https:\/\/clubedolivrofec.com.br\/wp-content\/uploads\/2022\/03\/Anuncio-Facebook-1024x536.jpeg 1024w, https:\/\/clubedolivrofec.com.br\/wp-content\/uploads\/2022\/03\/Anuncio-Facebook-600x314.jpeg 600w, https:\/\/clubedolivrofec.com.br\/wp-content\/uploads\/2022\/03\/Anuncio-Facebook-300x157.jpeg 300w, https:\/\/clubedolivrofec.com.br\/wp-content\/uploads\/2022\/03\/Anuncio-Facebook-768x402.jpeg 768w, https:\/\/clubedolivrofec.com.br\/wp-content\/uploads\/2022\/03\/Anuncio-Facebook.jpeg 1200w\" sizes=\"(min-width: 1200px) 17vw, (min-width: 992px) 100vw, (min-width: 768px) 33vw, 100vw\" alt=\"An\u00fancio Facebook\" loading=\"eager\" decoding=\"async\" class=\"pfg-item-image\"><div class=\"pfg-item-caption pfg-item-caption--overlay\"><h3 class=\"pfg-item-title\">An\u00fancio Facebook<\/h3><\/div><\/a><\/div><div class=\"pfg-item  pfg-item-hover--hvr-grow-shadow\" data-id=\"2310\"><a href=\"https:\/\/clubedolivrofec.com.br\/wp-content\/uploads\/2022\/03\/Post-Instagram-e-Facebook.jpeg\" class=\"pfg-item-link\" data-lightbox=\"pfg-2307\" data-title=\"Post Instagram e Facebook\"><img src=\"https:\/\/clubedolivrofec.com.br\/wp-content\/uploads\/2022\/03\/Post-Instagram-e-Facebook-1024x1024.jpeg\" srcset=\"https:\/\/clubedolivrofec.com.br\/wp-content\/uploads\/2022\/03\/Post-Instagram-e-Facebook-1024x1024.jpeg 1024w, https:\/\/clubedolivrofec.com.br\/wp-content\/uploads\/2022\/03\/Post-Instagram-e-Facebook-600x600.jpeg 600w, https:\/\/clubedolivrofec.com.br\/wp-content\/uploads\/2022\/03\/Post-Instagram-e-Facebook-100x100.jpeg 100w, https:\/\/clubedolivrofec.com.br\/wp-content\/uploads\/2022\/03\/Post-Instagram-e-Facebook-300x300.jpeg 300w, https:\/\/clubedolivrofec.com.br\/wp-content\/uploads\/2022\/03\/Post-Instagram-e-Facebook-150x150.jpeg 150w, https:\/\/clubedolivrofec.com.br\/wp-content\/uploads\/2022\/03\/Post-Instagram-e-Facebook-768x768.jpeg 768w, https:\/\/clubedolivrofec.com.br\/wp-content\/uploads\/2022\/03\/Post-Instagram-e-Facebook.jpeg 1080w\" sizes=\"(min-width: 1200px) 17vw, (min-width: 992px) 100vw, (min-width: 768px) 33vw, 100vw\" alt=\"Post Instagram e Facebook\" loading=\"eager\" decoding=\"async\" class=\"pfg-item-image\"><div class=\"pfg-item-caption pfg-item-caption--overlay\"><h3 class=\"pfg-item-title\">Post Instagram e Facebook<\/h3><\/div><\/a><\/div><div class=\"pfg-item  pfg-item-hover--hvr-grow-shadow\" data-id=\"2311\"><a href=\"https:\/\/clubedolivrofec.com.br\/wp-content\/uploads\/2022\/03\/Story-Instagram-e-Facebook.jpeg\" class=\"pfg-item-link\" data-lightbox=\"pfg-2307\" data-title=\"Story Instagram e Facebook\"><img src=\"https:\/\/clubedolivrofec.com.br\/wp-content\/uploads\/2022\/03\/Story-Instagram-e-Facebook-576x1024.jpeg\" srcset=\"https:\/\/clubedolivrofec.com.br\/wp-content\/uploads\/2022\/03\/Story-Instagram-e-Facebook-576x1024.jpeg 576w, https:\/\/clubedolivrofec.com.br\/wp-content\/uploads\/2022\/03\/Story-Instagram-e-Facebook-600x1067.jpeg 600w, https:\/\/clubedolivrofec.com.br\/wp-content\/uploads\/2022\/03\/Story-Instagram-e-Facebook-169x300.jpeg 169w, https:\/\/clubedolivrofec.com.br\/wp-content\/uploads\/2022\/03\/Story-Instagram-e-Facebook.jpeg 720w\" sizes=\"(min-width: 1200px) 17vw, (min-width: 992px) 100vw, (min-width: 768px) 33vw, 100vw\" alt=\"Story Instagram e Facebook\" loading=\"eager\" decoding=\"async\" class=\"pfg-item-image\"><div class=\"pfg-item-caption pfg-item-caption--overlay\"><h3 class=\"pfg-item-title\">Story Instagram e Facebook<\/h3><\/div><\/a><\/div><div class=\"pfg-item  pfg-item-hover--hvr-grow-shadow\" data-id=\"2312\"><a href=\"https:\/\/clubedolivrofec.com.br\/wp-content\/uploads\/2022\/03\/WhatsApp.jpeg\" class=\"pfg-item-link\" data-lightbox=\"pfg-2307\"><img src=\"https:\/\/clubedolivrofec.com.br\/wp-content\/uploads\/2022\/03\/WhatsApp-1024x1024.jpeg\" srcset=\"https:\/\/clubedolivrofec.com.br\/wp-content\/uploads\/2022\/03\/WhatsApp-1024x1024.jpeg 1024w, https:\/\/clubedolivrofec.com.br\/wp-content\/uploads\/2022\/03\/WhatsApp-600x600.jpeg 600w, https:\/\/clubedolivrofec.com.br\/wp-content\/uploads\/2022\/03\/WhatsApp-100x100.jpeg 100w, https:\/\/clubedolivrofec.com.br\/wp-content\/uploads\/2022\/03\/WhatsApp-300x300.jpeg 300w, https:\/\/clubedolivrofec.com.br\/wp-content\/uploads\/2022\/03\/WhatsApp-150x150.jpeg 150w, https:\/\/clubedolivrofec.com.br\/wp-content\/uploads\/2022\/03\/WhatsApp-768x768.jpeg 768w, https:\/\/clubedolivrofec.com.br\/wp-content\/uploads\/2022\/03\/WhatsApp.jpeg 1080w\" sizes=\"(min-width: 1200px) 17vw, (min-width: 992px) 100vw, (min-width: 768px) 33vw, 100vw\" alt=\"\" loading=\"lazy\" decoding=\"async\" class=\"pfg-item-image\"><div class=\"pfg-item-caption pfg-item-caption--overlay\"><\/div><\/a><\/div><\/div><\/div>\n<div id=\"pfg-gallery-2676\" class=\"pfg-gallery-wrapper pfg-loading pfg-template-photography\" data-gallery-id=\"2676\" data-multi-select=\"false\" data-filter-logic=\"or\" data-filter-hierarchy=\"[]\" data-url-param=\"filter\" data-version=\"2.1.5\" data-lightbox-title=\"true\" data-lightbox-description=\"false\" data-show-preloader=\"true\" data-image-links=\"false\"><div class=\"pfg-preloader\"><div class=\"pfg-preloader-spinner\"><\/div><span class=\"pfg-preloader-text\">Loading...<\/span><\/div><div class=\"pfg-grid pfg-grid--masonry\" style=\"--pfg-gap: 20px; --pfg-border-radius: 0px; --pfg-radius: 0px; --pfg-overlay-color: rgba(0, 0, 0, 0.7); --pfg-primary-color: #3858e9; --pfg-caption-text: #1e293b; --pfg-caption-bg: #ffffff\"><div class=\"pfg-item  pfg-item-hover--hvr-grow-shadow\" data-id=\"2674\"><a href=\"https:\/\/clubedolivrofec.com.br\/wp-content\/uploads\/2023\/03\/WhatsApp-Image-2023-02-22-at-11.44.00.jpeg\" class=\"pfg-item-link\" data-lightbox=\"pfg-2676\"><img src=\"https:\/\/clubedolivrofec.com.br\/wp-content\/uploads\/2023\/03\/WhatsApp-Image-2023-02-22-at-11.44.00-819x1024.jpeg\" srcset=\"https:\/\/clubedolivrofec.com.br\/wp-content\/uploads\/2023\/03\/WhatsApp-Image-2023-02-22-at-11.44.00-819x1024.jpeg 819w, https:\/\/clubedolivrofec.com.br\/wp-content\/uploads\/2023\/03\/WhatsApp-Image-2023-02-22-at-11.44.00-240x300.jpeg 240w, https:\/\/clubedolivrofec.com.br\/wp-content\/uploads\/2023\/03\/WhatsApp-Image-2023-02-22-at-11.44.00-768x960.jpeg 768w, https:\/\/clubedolivrofec.com.br\/wp-content\/uploads\/2023\/03\/WhatsApp-Image-2023-02-22-at-11.44.00-600x750.jpeg 600w, https:\/\/clubedolivrofec.com.br\/wp-content\/uploads\/2023\/03\/WhatsApp-Image-2023-02-22-at-11.44.00.jpeg 1080w\" sizes=\"(min-width: 1200px) 17vw, (min-width: 992px) 100vw, (min-width: 768px) 33vw, 100vw\" alt=\"\" loading=\"eager\" decoding=\"async\" class=\"pfg-item-image\"><div class=\"pfg-item-caption pfg-item-caption--overlay\"><\/div><\/a><\/div><div class=\"pfg-item  pfg-item-hover--hvr-grow-shadow\" data-id=\"2673\"><a href=\"https:\/\/clubedolivrofec.com.br\/wp-content\/uploads\/2023\/03\/WhatsApp-Image-2023-02-22-at-11.43.39.jpeg\" class=\"pfg-item-link\" data-lightbox=\"pfg-2676\"><img src=\"https:\/\/clubedolivrofec.com.br\/wp-content\/uploads\/2023\/03\/WhatsApp-Image-2023-02-22-at-11.43.39-576x1024.jpeg\" srcset=\"https:\/\/clubedolivrofec.com.br\/wp-content\/uploads\/2023\/03\/WhatsApp-Image-2023-02-22-at-11.43.39-576x1024.jpeg 576w, https:\/\/clubedolivrofec.com.br\/wp-content\/uploads\/2023\/03\/WhatsApp-Image-2023-02-22-at-11.43.39-169x300.jpeg 169w, https:\/\/clubedolivrofec.com.br\/wp-content\/uploads\/2023\/03\/WhatsApp-Image-2023-02-22-at-11.43.39-768x1365.jpeg 768w, https:\/\/clubedolivrofec.com.br\/wp-content\/uploads\/2023\/03\/WhatsApp-Image-2023-02-22-at-11.43.39-864x1536.jpeg 864w, https:\/\/clubedolivrofec.com.br\/wp-content\/uploads\/2023\/03\/WhatsApp-Image-2023-02-22-at-11.43.39-600x1067.jpeg 600w, https:\/\/clubedolivrofec.com.br\/wp-content\/uploads\/2023\/03\/WhatsApp-Image-2023-02-22-at-11.43.39.jpeg 900w\" sizes=\"(min-width: 1200px) 17vw, (min-width: 992px) 100vw, (min-width: 768px) 33vw, 100vw\" alt=\"\" loading=\"eager\" decoding=\"async\" class=\"pfg-item-image\"><div class=\"pfg-item-caption pfg-item-caption--overlay\"><\/div><\/a><\/div><div class=\"pfg-item  pfg-item-hover--hvr-grow-shadow\" data-id=\"2672\"><a href=\"https:\/\/clubedolivrofec.com.br\/wp-content\/uploads\/2023\/03\/WhatsApp-Image-2023-02-22-at-11.43.21.jpeg\" class=\"pfg-item-link\" data-lightbox=\"pfg-2676\"><img src=\"https:\/\/clubedolivrofec.com.br\/wp-content\/uploads\/2023\/03\/WhatsApp-Image-2023-02-22-at-11.43.21-724x1024.jpeg\" srcset=\"https:\/\/clubedolivrofec.com.br\/wp-content\/uploads\/2023\/03\/WhatsApp-Image-2023-02-22-at-11.43.21-724x1024.jpeg 724w, https:\/\/clubedolivrofec.com.br\/wp-content\/uploads\/2023\/03\/WhatsApp-Image-2023-02-22-at-11.43.21-212x300.jpeg 212w, https:\/\/clubedolivrofec.com.br\/wp-content\/uploads\/2023\/03\/WhatsApp-Image-2023-02-22-at-11.43.21-768x1086.jpeg 768w, https:\/\/clubedolivrofec.com.br\/wp-content\/uploads\/2023\/03\/WhatsApp-Image-2023-02-22-at-11.43.21-1086x1536.jpeg 1086w, https:\/\/clubedolivrofec.com.br\/wp-content\/uploads\/2023\/03\/WhatsApp-Image-2023-02-22-at-11.43.21-600x849.jpeg 600w, https:\/\/clubedolivrofec.com.br\/wp-content\/uploads\/2023\/03\/WhatsApp-Image-2023-02-22-at-11.43.21.jpeg 1131w\" sizes=\"(min-width: 1200px) 17vw, (min-width: 992px) 100vw, (min-width: 768px) 33vw, 100vw\" alt=\"\" loading=\"eager\" decoding=\"async\" class=\"pfg-item-image\"><div class=\"pfg-item-caption pfg-item-caption--overlay\"><\/div><\/a><\/div><div class=\"pfg-item  pfg-item-hover--hvr-grow-shadow\" data-id=\"2675\"><a href=\"https:\/\/clubedolivrofec.com.br\/wp-content\/uploads\/2023\/03\/07_03_23.jpeg\" class=\"pfg-item-link\" data-lightbox=\"pfg-2676\"><img src=\"https:\/\/clubedolivrofec.com.br\/wp-content\/uploads\/2023\/03\/07_03_23-819x1024.jpeg\" srcset=\"https:\/\/clubedolivrofec.com.br\/wp-content\/uploads\/2023\/03\/07_03_23-819x1024.jpeg 819w, https:\/\/clubedolivrofec.com.br\/wp-content\/uploads\/2023\/03\/07_03_23-240x300.jpeg 240w, https:\/\/clubedolivrofec.com.br\/wp-content\/uploads\/2023\/03\/07_03_23-768x960.jpeg 768w, https:\/\/clubedolivrofec.com.br\/wp-content\/uploads\/2023\/03\/07_03_23-600x750.jpeg 600w, https:\/\/clubedolivrofec.com.br\/wp-content\/uploads\/2023\/03\/07_03_23.jpeg 1080w\" sizes=\"(min-width: 1200px) 17vw, (min-width: 992px) 100vw, (min-width: 768px) 33vw, 100vw\" alt=\"\" loading=\"eager\" decoding=\"async\" class=\"pfg-item-image\"><div class=\"pfg-item-caption pfg-item-caption--overlay\"><\/div><\/a><\/div><\/div><\/div>\n<p>\u00a0<\/p>\n\n\t\t<\/div>\n\t\t\t<\/div>\n\n\t\n\n<\/div>\n<div class=\"row\"  id=\"row-1613383281\">\n\n\n\t<div id=\"col-1546731063\" class=\"col small-12 large-12\"  >\n\t\t<div class=\"col-inner\"  >\n\t\t\t\n\t\t\t\n\n\t<div id=\"text-2381802128\" class=\"text\">\n\t\t\n\n<h2 style=\"text-align: center;\">V\u00cdDEOS PARA DOWNLOAD<\/h2>\n<p style=\"text-align: center;\"><div id=\"pfg-gallery-2371\" class=\"pfg-gallery-wrapper pfg-loading pfg-template-photography\" data-gallery-id=\"2371\" data-multi-select=\"false\" data-filter-logic=\"or\" data-filter-hierarchy=\"[]\" data-url-param=\"filter\" data-version=\"2.1.5\" data-lightbox-title=\"true\" data-lightbox-description=\"false\" data-show-preloader=\"true\" data-image-links=\"false\"><div class=\"pfg-preloader\"><div class=\"pfg-preloader-spinner\"><\/div><span class=\"pfg-preloader-text\">Loading...<\/span><\/div><div class=\"pfg-grid pfg-grid--masonry\" style=\"--pfg-gap: 20px; --pfg-border-radius: 0px; --pfg-radius: 0px; --pfg-overlay-color: rgba(0, 0, 0, 0.7); --pfg-primary-color: #3858e9; --pfg-caption-text: #1e293b; --pfg-caption-bg: #ffffff\"><div class=\"pfg-item  pfg-item-hover--hvr-grow-shadow\" data-id=\"2372\"><span class=\"pfg-item-type-icon pfg-item-type-icon--video\" title=\"Video\"><svg xmlns=\"http:\/\/www.w3.org\/2000\/svg\" viewBox=\"0 0 24 24\" fill=\"currentColor\" width=\"16\" height=\"16\"><path d=\"M8 5v14l11-7z\"\/><\/svg><\/span><a href=\"https:\/\/www.youtube.com\/watch?v=dogzqz53Nhc&#038;t=4s\" class=\"pfg-item-link pfg-item-link--video\" data-lightbox=\"pfg-2371\" data-type=\"video\" data-title=\"mqdefault\"><img src=\"https:\/\/clubedolivrofec.com.br\/wp-content\/uploads\/2022\/05\/mqdefault.webp\" alt=\"mqdefault\" loading=\"eager\" decoding=\"async\" class=\"pfg-item-image\"><div class=\"pfg-video-play\"><svg viewBox=\"0 0 24 24\" fill=\"currentColor\"><path d=\"M8 5v14l11-7z\"\/><\/svg><\/div><\/a><\/div><div class=\"pfg-item  pfg-item-hover--hvr-grow-shadow\" data-id=\"2670\"><span class=\"pfg-item-type-icon pfg-item-type-icon--video\" title=\"Video\"><svg xmlns=\"http:\/\/www.w3.org\/2000\/svg\" viewBox=\"0 0 24 24\" fill=\"currentColor\" width=\"16\" height=\"16\"><path d=\"M8 5v14l11-7z\"\/><\/svg><\/span><a href=\"https:\/\/www.youtube.com\/watch?v=VrZvfNsMyeg&#038;list=PL3SF370mYJI5ABE8YOG6CbvSn0IyMyaPD&#038;index=2\" class=\"pfg-item-link pfg-item-link--video\" data-lightbox=\"pfg-2371\" data-type=\"video\" data-title=\"Capa video 2\"><img src=\"https:\/\/clubedolivrofec.com.br\/wp-content\/uploads\/2023\/03\/Capa-video-2.png\" alt=\"Capa video 2\" loading=\"eager\" decoding=\"async\" class=\"pfg-item-image\"><div class=\"pfg-video-play\"><svg viewBox=\"0 0 24 24\" fill=\"currentColor\"><path d=\"M8 5v14l11-7z\"\/><\/svg><\/div><\/a><\/div><\/div><\/div>\n\t\t\n<style>\n#text-2381802128 {\n  text-align: center;\n}\n<\/style>\n\t<\/div>\n\t\n\n\t\t<\/div>\n\t\t\t<\/div>\n\n\t\n\n<\/div>\n\n\t\t<\/div>\n\t\t\t<\/div>\n\n\t\n\n<\/div>\n\n\t\t<\/div>\n\n\t\t\n<style>\n#section_1356426042 {\n  padding-top: 30px;\n  padding-bottom: 30px;\n}\n<\/style>\n\t<\/section>\n\t\n\t<div id=\"text-3582299596\" class=\"text show-for-small\">\n\t\t\n\n\n\t\t\t<\/div>\n\t\n\t<div id=\"text-2734052993\" class=\"text\">\n\t\t\n\n<p>&nbsp;<\/p>\n\t\t\n<style>\n#text-2734052993 {\n  font-size: 0.75rem;\n  line-height: 2;\n}\n<\/style>\n\t<\/div>\n\t\n\n","protected":false},"excerpt":{"rendered":"","protected":false},"author":2,"featured_media":0,"parent":0,"menu_order":0,"comment_status":"closed","ping_status":"closed","template":"","meta":{"_mi_skip_tracking":false,"footnotes":""},"class_list":["post-2300","page","type-page","status-publish","hentry"],"_links":{"self":[{"href":"https:\/\/clubedolivrofec.com.br\/index.php?rest_route=\/wp\/v2\/pages\/2300","targetHints":{"allow":["GET"]}}],"collection":[{"href":"https:\/\/clubedolivrofec.com.br\/index.php?rest_route=\/wp\/v2\/pages"}],"about":[{"href":"https:\/\/clubedolivrofec.com.br\/index.php?rest_route=\/wp\/v2\/types\/page"}],"author":[{"embeddable":true,"href":"https:\/\/clubedolivrofec.com.br\/index.php?rest_route=\/wp\/v2\/users\/2"}],"replies":[{"embeddable":true,"href":"https:\/\/clubedolivrofec.com.br\/index.php?rest_route=%2Fwp%2Fv2%2Fcomments&post=2300"}],"version-history":[{"count":36,"href":"https:\/\/clubedolivrofec.com.br\/index.php?rest_route=\/wp\/v2\/pages\/2300\/revisions"}],"predecessor-version":[{"id":2772,"href":"https:\/\/clubedolivrofec.com.br\/index.php?rest_route=\/wp\/v2\/pages\/2300\/revisions\/2772"}],"wp:attachment":[{"href":"https:\/\/clubedolivrofec.com.br\/index.php?rest_route=%2Fwp%2Fv2%2Fmedia&parent=2300"}],"curies":[{"name":"wp","href":"https:\/\/api.w.org\/{rel}","templated":true}]}}