{"id":173,"date":"2020-09-29T09:24:34","date_gmt":"2020-09-29T09:24:34","guid":{"rendered":"http:\/\/clubedolivrofec.com.br\/?page_id=173"},"modified":"2023-08-02T10:31:28","modified_gmt":"2023-08-02T10:31:28","slug":"plans","status":"publish","type":"page","link":"https:\/\/clubedolivrofec.com.br\/?page_id=173","title":{"rendered":"PARA O CENTRO ESP\u00cdRITA"},"content":{"rendered":"\n<p><style>\/*! elementor - v3.6.5 - 27-04-2022 *\/\n.elementor-widget-image{text-align:center}.elementor-widget-image a{display:inline-block}.elementor-widget-image a img[src$=\".svg\"]{width:48px}.elementor-widget-image img{vertical-align:middle;display:inline-block}<\/style><\/p>\n<p>\u00a0<\/p>\n<p><style>\/*! elementor - v3.6.5 - 27-04-2022 *\/\n.elementor-heading-title{padding:0;margin:0;line-height:1}.elementor-widget-heading .elementor-heading-title[class*=elementor-size-]>a{color:inherit;font-size:inherit;line-height:inherit}.elementor-widget-heading .elementor-heading-title.elementor-size-small{font-size:15px}.elementor-widget-heading .elementor-heading-title.elementor-size-medium{font-size:19px}.elementor-widget-heading .elementor-heading-title.elementor-size-large{font-size:29px}.elementor-widget-heading .elementor-heading-title.elementor-size-xl{font-size:39px}.elementor-widget-heading .elementor-heading-title.elementor-size-xxl{font-size:59px}<\/style><\/p>\n<h3>O que os CENTROS ESP\u00cdRITAS ganham?<\/h3>\n<h3>Parte do valor das assinaturas fica com o Centro Esp\u00edrita, quando estes estruturam junto aos seus frequentadores, uma ades\u00e3o ao Clube do Livro FEC.<\/h3>\n<p>\u00a0<\/p>\n<h3><strong>COMO PARTICIPAR<\/strong><\/h3>\n<h3>Para participar, sua casa esp\u00edrita necessita apenas entrar em contato com a Distribuidora FEC e fazer sua inscri\u00e7\u00e3o indicando o n\u00famero inicial de participantes. Recomendamos um n\u00famero <strong>m\u00ednimo de 10 participantes<\/strong> que devem ser tamb\u00e9m divulgadores do clube dentro da institui\u00e7\u00e3o esp\u00edrita.\u00a0<\/h3>\n<p>\u00a0<\/p>\n<h3><strong>REFERENTE OS PAGAMENTOS<\/strong><\/h3>\n<h3>Os pagamentos s\u00e3o BIMESTRAIS com <strong>vencimento no dia 15 do m\u00eas da entrega do livro<\/strong>, desta forma sua institui\u00e7\u00e3o receber\u00e1 dos participantes antes do vencimento de cada fatura.<\/h3>\n<p>\u00a0<\/p>\n<h3><strong>RETORNO FINANCEIRO<\/strong><\/h3>\n<h3>No valor pago pela assinatura, j\u00e1 contempla um cr\u00e9dito que fica para a institui\u00e7\u00e3o que faz a ades\u00e3o junto aos assinantes.<\/h3>\n<p>\u00a0<\/p>\n<h3><strong>N\u00daMERO DE ASSOCIADOS<\/strong><\/h3>\n<h3>Quanto maior o n\u00famero de participantes, maior ser\u00e1 a divulga\u00e7\u00e3o da Doutrina Esp\u00edrita e podemos auxili\u00e1-lo, remetendo cartazes e m\u00eddias para proje\u00e7\u00e3o e divulga\u00e7\u00e3o nas redes sociais.<\/h3>\n<h3>Para acr\u00e9scimo do n\u00famero de participantes podemos remeter as obras, para o m\u00eas seguinte. Para redu\u00e7\u00e3o do n\u00famero de participantes \u00e9 necess\u00e1rio um <strong>aviso pr\u00e9vio de 60 dias<\/strong>, em fun\u00e7\u00e3o da organiza\u00e7\u00e3o para edi\u00e7\u00e3o ou compra das obras.<\/h3>\n<h3>Para alterar a quantidade de obras, informe a equipe de Distribuidora FEC.<\/h3>\n<h3>Mais d\u00favidas, envie um e-mail para\u00a0<span style=\"color: #0000ff;\">\u00a0<em><a style=\"color: #0000ff; text-decoration: underline;\" href=\"mailto:clubedolivrofec@fec.org.br\" target=\"_blank\" rel=\"noopener\">clubedolivro@fec.org.br<\/a><\/em>.<\/span><\/h3>\n\n","protected":false},"excerpt":{"rendered":"","protected":false},"author":1,"featured_media":0,"parent":0,"menu_order":0,"comment_status":"closed","ping_status":"closed","template":"","meta":{"_mi_skip_tracking":false,"footnotes":""},"class_list":["post-173","page","type-page","status-publish","hentry"],"_links":{"self":[{"href":"https:\/\/clubedolivrofec.com.br\/index.php?rest_route=\/wp\/v2\/pages\/173","targetHints":{"allow":["GET"]}}],"collection":[{"href":"https:\/\/clubedolivrofec.com.br\/index.php?rest_route=\/wp\/v2\/pages"}],"about":[{"href":"https:\/\/clubedolivrofec.com.br\/index.php?rest_route=\/wp\/v2\/types\/page"}],"author":[{"embeddable":true,"href":"https:\/\/clubedolivrofec.com.br\/index.php?rest_route=\/wp\/v2\/users\/1"}],"replies":[{"embeddable":true,"href":"https:\/\/clubedolivrofec.com.br\/index.php?rest_route=%2Fwp%2Fv2%2Fcomments&post=173"}],"version-history":[{"count":43,"href":"https:\/\/clubedolivrofec.com.br\/index.php?rest_route=\/wp\/v2\/pages\/173\/revisions"}],"predecessor-version":[{"id":2763,"href":"https:\/\/clubedolivrofec.com.br\/index.php?rest_route=\/wp\/v2\/pages\/173\/revisions\/2763"}],"wp:attachment":[{"href":"https:\/\/clubedolivrofec.com.br\/index.php?rest_route=%2Fwp%2Fv2%2Fmedia&parent=173"}],"curies":[{"name":"wp","href":"https:\/\/api.w.org\/{rel}","templated":true}]}}